{"id":1007,"date":"2019-03-29T19:24:44","date_gmt":"2019-03-29T22:24:44","guid":{"rendered":"https:\/\/ispef-cat.infd.edu.ar\/sitio\/programas-de-catedras\/"},"modified":"2022-04-01T11:36:00","modified_gmt":"2022-04-01T14:36:00","slug":"programas-de-catedras","status":"publish","type":"page","link":"https:\/\/ispef-cat.infd.edu.ar\/sitio\/programas-de-catedras\/","title":{"rendered":"Espacios Curriculares &#8211; Plan 1605- 2022"},"content":{"rendered":"\n<figure class=\"wp-block-image size-large\"><a href=\"https:\/\/ispef-cat.infd.edu.ar\/sitio\/\"><img decoding=\"async\" loading=\"lazy\" width=\"1640\" height=\"300\" src=\"https:\/\/ispef-cat.infd.edu.ar\/sitio\/wp-content\/uploads\/2022\/03\/Instituto-Superior-de-Efucacion-Fisica-1640-\u00d7-300-px-3-2.png\" alt=\"\" class=\"wp-image-2568\" srcset=\"https:\/\/ispef-cat.infd.edu.ar\/sitio\/wp-content\/uploads\/2022\/03\/Instituto-Superior-de-Efucacion-Fisica-1640-\u00d7-300-px-3-2.png 1640w, https:\/\/ispef-cat.infd.edu.ar\/sitio\/wp-content\/uploads\/2022\/03\/Instituto-Superior-de-Efucacion-Fisica-1640-\u00d7-300-px-3-2-1000x183.png 1000w, https:\/\/ispef-cat.infd.edu.ar\/sitio\/wp-content\/uploads\/2022\/03\/Instituto-Superior-de-Efucacion-Fisica-1640-\u00d7-300-px-3-2-768x140.png 768w, https:\/\/ispef-cat.infd.edu.ar\/sitio\/wp-content\/uploads\/2022\/03\/Instituto-Superior-de-Efucacion-Fisica-1640-\u00d7-300-px-3-2-1536x281.png 1536w\" sizes=\"(max-width: 1640px) 100vw, 1640px\" \/><\/a><\/figure>\n\n\n\n<p><\/p>\n\n\n\n<div class=\"wp-block-cover has-black-background-color has-background-dim\" style=\"min-height:330px\"><img decoding=\"async\" loading=\"lazy\" width=\"675\" height=\"450\" class=\"wp-block-cover__image-background wp-image-2864\" alt=\"\" src=\"https:\/\/ispef-cat.infd.edu.ar\/sitio\/wp-content\/uploads\/2022\/03\/5.jpg\" style=\"object-position:50% 70%\" data-object-fit=\"cover\" data-object-position=\"50% 70%\"\/><div class=\"wp-block-cover__inner-container\">\n<p class=\"has-text-align-left has-large-font-size\">Programas de C\u00e1tedras<br>Plan 1605<\/p>\n<\/div><\/div>\n\n\n\n<div class=\"wp-block-columns is-layout-flex wp-container-3\">\n<div class=\"wp-block-column is-layout-flow\" style=\"flex-basis:33.33%\">\n<figure class=\"wp-block-image\"><img decoding=\"async\" loading=\"lazy\" width=\"546\" height=\"300\" src=\"https:\/\/ispef-cat.infd.edu.ar\/sitio\/wp-content\/uploads\/2022\/03\/ano-4-2.png\" alt=\"\" class=\"wp-image-2740\"\/><\/figure>\n<\/div>\n\n\n\n<div class=\"wp-block-column is-layout-flow\" style=\"flex-basis:66.66%\">\n<ul><li><a href=\"https:\/\/ispef-cat.infd.edu.ar\/sitio\/wp-content\/uploads\/2019\/05\/Anatomia-1-a\u00f1o.pdf\">Anatomia 1 a\u00f1o<\/a><\/li><li><a href=\"https:\/\/ispef-cat.infd.edu.ar\/sitio\/wp-content\/uploads\/2019\/05\/Atletismo-I-1-A\u00f1o_compressed.pdf\">Atletismo I- 1 A\u00f1o<\/a><\/li><li><a href=\"https:\/\/ispef-cat.infd.edu.ar\/sitio\/wp-content\/uploads\/2019\/05\/Atletismo-I-1-A\u00f1o_compressed.pdf\">Gimnasia I Mujeres<\/a><\/li><li><a href=\"https:\/\/ispef-cat.infd.edu.ar\/sitio\/wp-content\/uploads\/2019\/05\/Institucion-educativa-1-a\u00f1o.pdf\">Instituci\u00f3n Educativa 1 a\u00f1o<\/a><\/li><li><a href=\"https:\/\/ispef-cat.infd.edu.ar\/sitio\/wp-content\/uploads\/2019\/05\/Juego-Motor-1-a\u00f1o.pdf\">Juego Motor 1 a\u00f1o<\/a><\/li><li><a href=\"https:\/\/ispef-cat.infd.edu.ar\/sitio\/wp-content\/uploads\/2019\/05\/Sistema-Educativo-1-a\u00f1o-A.pdf\">Sistema Educativo 1 a\u00f1o A<\/a><\/li><li><a href=\"https:\/\/ispef-cat.infd.edu.ar\/sitio\/wp-content\/uploads\/2019\/05\/Soc.-Cul.-y-Pol.-1-B-Y-C.pdf\">Soc. Cul. y Pol. 1 B Y C<\/a><\/li><li><a href=\"https:\/\/ispef-cat.infd.edu.ar\/sitio\/wp-content\/uploads\/2019\/05\/Soc.-Cultura-y-Pol.-1-a\u00f1o.pdf\">Soc. Cultura y Pol. 1 a\u00f1o<\/a><\/li><li><a href=\"https:\/\/ispef-cat.infd.edu.ar\/sitio\/wp-content\/uploads\/2019\/05\/Taller-de-Practica-I-con-eje-en-el-contexto-1-a\u00f1o.pdf\" target=\"_blank\" rel=\"noreferrer noopener\">Taller de Practica I con eje en el contexto 1 a\u00f1o<\/a><\/li><li><a href=\"https:\/\/ispef-cat.infd.edu.ar\/sitio\/wp-content\/uploads\/2019\/05\/Vida-de-la-naturaleza-C-Y-D-1-a\u00f1o.pdf\">Vida de la naturaleza C Y D 1 a\u00f1o<\/a><\/li><li><a href=\"https:\/\/ispef-cat.infd.edu.ar\/sitio\/wp-content\/uploads\/2019\/05\/Vida-en-la-Naturaleza-I-1-a\u00f1o.pdf\">Vida en la Naturaleza I 1 a\u00f1o<\/a><\/li><\/ul>\n<\/div>\n<\/div>\n\n\n\n<hr class=\"wp-block-separator has-text-color has-background is-style-wide\" style=\"background-color:#0071a1;color:#0071a1\"\/>\n\n\n\n<div class=\"wp-block-columns is-layout-flex wp-container-6\">\n<div class=\"wp-block-column is-layout-flow\" style=\"flex-basis:33.33%\">\n<figure class=\"wp-block-image size-large\"><img decoding=\"async\" loading=\"lazy\" width=\"546\" height=\"300\" src=\"https:\/\/ispef-cat.infd.edu.ar\/sitio\/wp-content\/uploads\/2022\/03\/ano-5-2.png\" alt=\"\" class=\"wp-image-2741\"\/><\/figure>\n<\/div>\n\n\n\n<div class=\"wp-block-column is-layout-flow\" style=\"flex-basis:66.66%\">\n<ul><li><a href=\"https:\/\/ispef-cat.infd.edu.ar\/sitio\/wp-content\/uploads\/2019\/05\/analisis-del-movimiento-e-introduccion-a-la-biomecanica-2-A\u00f1o_compressed.pdf\">An\u00e1lisis del movimiento e introducci\u00f3n a la Biomecanica 2 A\u00f1o<\/a><\/li><li><a href=\"https:\/\/ispef-cat.infd.edu.ar\/sitio\/wp-content\/uploads\/2019\/05\/Aprendizaje-2-a\u00f1o.pdf\">Aprendizaje 2 a\u00f1o<\/a><\/li><li><a href=\"https:\/\/ispef-cat.infd.edu.ar\/sitio\/wp-content\/uploads\/2019\/05\/ATLETISMO-II-2-a\u00f1o.pdf\">Atletismo II 2 a\u00f1o<\/a><\/li><li><a href=\"https:\/\/ispef-cat.infd.edu.ar\/sitio\/wp-content\/uploads\/2019\/05\/Conocimiento-2-a\u00f1o.pdf\">Conocimiento 2 a\u00f1o<\/a><\/li><li><a href=\"https:\/\/ispef-cat.infd.edu.ar\/sitio\/wp-content\/uploads\/2019\/05\/curiculum-2-a\u00f1o.pdf\">Curriculum 2 a\u00f1o<\/a><\/li><li><a href=\"https:\/\/ispef-cat.infd.edu.ar\/sitio\/wp-content\/uploads\/2019\/05\/ense\u00f1anza-2-a\u00f1o.pdf\">Ense\u00f1anza 2 a\u00f1o<\/a><\/li><li><a href=\"https:\/\/ispef-cat.infd.edu.ar\/sitio\/wp-content\/uploads\/2019\/05\/gimnasia-2-a\u00f1o.pdf\">Gimnasia 2 a\u00f1o<\/a><\/li><li><a href=\"https:\/\/ispef-cat.infd.edu.ar\/sitio\/wp-content\/uploads\/2019\/05\/natacion-I-2-a\u00f1o.pdf\">Nataci\u00f3n I 2 a\u00f1o<\/a><\/li><li><a href=\"https:\/\/ispef-cat.infd.edu.ar\/sitio\/wp-content\/uploads\/2019\/05\/perpectiva-de-la-adolecencia-2-a\u00f1o.pdf\">Perspectiva de la Adolescencia 2 a\u00f1o<\/a><\/li><li><a href=\"https:\/\/ispef-cat.infd.edu.ar\/sitio\/wp-content\/uploads\/2019\/05\/Perpectiva-de-la-infancia-2-a\u00f1o.pdf\">Perspectiva de la Infancia 2 a\u00f1o<\/a><\/li><li><a href=\"https:\/\/ispef-cat.infd.edu.ar\/sitio\/wp-content\/uploads\/2019\/05\/Taller-de-practica-con-eje-en-la-institucion_compressed.pdf\">Taller de Pr\u00e1ctica con Eje en la Instituci\u00f3n<\/a><\/li><\/ul>\n<\/div>\n<\/div>\n\n\n\n<hr class=\"wp-block-separator has-text-color has-background is-style-wide\" style=\"background-color:#0071a1;color:#0071a1\"\/>\n\n\n\n<div class=\"wp-block-columns is-layout-flex wp-container-9\">\n<div class=\"wp-block-column is-layout-flow\" style=\"flex-basis:33.33%\">\n<figure class=\"wp-block-image size-large\"><img decoding=\"async\" loading=\"lazy\" width=\"546\" height=\"300\" src=\"https:\/\/ispef-cat.infd.edu.ar\/sitio\/wp-content\/uploads\/2022\/03\/ano-6.png\" alt=\"\" class=\"wp-image-2742\"\/><\/figure>\n<\/div>\n\n\n\n<div class=\"wp-block-column is-layout-flow\" style=\"flex-basis:66.66%\">\n<ul><li><a href=\"https:\/\/ispef-cat.infd.edu.ar\/sitio\/wp-content\/uploads\/2019\/05\/Basquetbol-3-a\u00f1o.pdf\">Basquetbol 3 a\u00f1o<\/a><\/li><li><a href=\"https:\/\/ispef-cat.infd.edu.ar\/sitio\/wp-content\/uploads\/2019\/05\/Didactica-de-la-Educ.-Fisica-nivel-inicial-1-y-2-ciclo-de-la-educ.-3-a\u00f1o.pdf\">Did\u00e1ctica de la Educ. F\u00edsica nivel inicial 1 y 2 ciclo de la educ. 3 a\u00f1o<\/a><\/li><li><a href=\"https:\/\/ispef-cat.infd.edu.ar\/sitio\/wp-content\/uploads\/2019\/05\/Didactica-de-la-Educacion-Fisica-y-deporte-I-3-a\u00f1o.pdf\">Did\u00e1ctica de la Educaci\u00f3n F\u00edsica y Deporte I &#8211; 3 a\u00f1o<\/a><\/li><li><a href=\"https:\/\/ispef-cat.infd.edu.ar\/sitio\/wp-content\/uploads\/2019\/05\/Evaluacion-aplicada-a-la-Educacion-Fisica-3-a\u00f1o.pdf\">Evaluaci\u00f3n aplicada a la Educaci\u00f3n F\u00edsica 3 a\u00f1o<\/a><\/li><li><a href=\"https:\/\/ispef-cat.infd.edu.ar\/sitio\/wp-content\/uploads\/2019\/05\/Gimnasia-III-3-a\u00f1o.pdf\">Gimnasia III 3 a\u00f1o<\/a><\/li><li><a href=\"https:\/\/ispef-cat.infd.edu.ar\/sitio\/wp-content\/uploads\/2019\/05\/Gimnasia-III.pdf\">Gimnasia III<\/a><\/li><li><a href=\"https:\/\/ispef-cat.infd.edu.ar\/sitio\/wp-content\/uploads\/2019\/05\/Handball-3-a\u00f1o.pdf\">Handball 3 a\u00f1o<\/a><\/li><li><a href=\"https:\/\/ispef-cat.infd.edu.ar\/sitio\/wp-content\/uploads\/2019\/05\/Taller-de-Practica-docente-III-con-eje-en-el-curriculum-3-a\u00f1o.pdf\">Taller de Practica docente III con eje en el curriculum 3 a\u00f1o<\/a><\/li><li><a href=\"https:\/\/ispef-cat.infd.edu.ar\/sitio\/wp-content\/uploads\/2019\/05\/Teoria-de-laEducacion-Fisica-3-a\u00f1o.pdf\">Teor\u00eda de la Educaci\u00f3n F\u00edsica 3 a\u00f1o<\/a><\/li><li><a href=\"https:\/\/ispef-cat.infd.edu.ar\/sitio\/wp-content\/uploads\/2019\/05\/Vida-a-la-naturaleza-y-actividad-fisica-y-tiempo-libre-II-3-a\u00f1o_compressed.pdf\">Vida a la Naturaleza y Actividad F\u00edsica y Tiempo Libre II 3 a\u00f1o<\/a><\/li><li><a href=\"https:\/\/ispef-cat.infd.edu.ar\/sitio\/wp-content\/uploads\/2019\/05\/Voleibol-3-a\u00f1o.pdf\">Voleibol 3 a\u00f1o<\/a><\/li><\/ul>\n<\/div>\n<\/div>\n\n\n\n<hr class=\"wp-block-separator has-text-color has-background is-style-wide\" style=\"background-color:#0071a1;color:#0071a1\"\/>\n\n\n\n<div class=\"wp-block-columns is-layout-flex wp-container-12\">\n<div class=\"wp-block-column is-layout-flow\" style=\"flex-basis:33.33%\">\n<figure class=\"wp-block-image size-large\"><img decoding=\"async\" loading=\"lazy\" width=\"546\" height=\"300\" src=\"https:\/\/ispef-cat.infd.edu.ar\/sitio\/wp-content\/uploads\/2022\/03\/ano-7.png\" alt=\"\" class=\"wp-image-2743\"\/><\/figure>\n<\/div>\n\n\n\n<div class=\"wp-block-column is-layout-flow\" style=\"flex-basis:66.66%\">\n<ul><li><a href=\"https:\/\/ispef-cat.infd.edu.ar\/sitio\/wp-content\/uploads\/2019\/05\/Basquetbol-II-4to.pdf\">Basquetbol II- 4to<\/a><\/li><li><a href=\"https:\/\/ispef-cat.infd.edu.ar\/sitio\/wp-content\/uploads\/2019\/05\/Conduccion-Tecnica-y-Rendimiento-Deportivo-4-a\u00f1o-A-Y-B_compressed.pdf\">Conducci\u00f3n T\u00e9cnica y Rendimiento Deportivo 4 a\u00f1o A Y B<\/a><\/li><li><a href=\"https:\/\/ispef-cat.infd.edu.ar\/sitio\/wp-content\/uploads\/2019\/05\/Gestion-y-Planificacion-de-actividades-deportivas-en-el-tiempo-libre-4-a\u00f1o.pdf\">Gesti\u00f3n y Planificaci\u00f3n de actividades deportivas en el tiempo libre 4 a\u00f1o<\/a><\/li><li><a href=\"https:\/\/ispef-cat.infd.edu.ar\/sitio\/wp-content\/uploads\/2019\/05\/Metodologia-de-la-Investigacion-4-a\u00f1o.pdf\">Metodolog\u00eda de la Investigaci\u00f3n 4 a\u00f1o<\/a><\/li><li><a href=\"https:\/\/ispef-cat.infd.edu.ar\/sitio\/wp-content\/uploads\/2019\/05\/Natacion-III-A-Y-B-4-a\u00f1o.pdf\">Nataci\u00f3n III A Y B- 4 a\u00f1o<\/a><\/li><li><a href=\"https:\/\/ispef-cat.infd.edu.ar\/sitio\/wp-content\/uploads\/2019\/05\/optativa-educacion-fisica-adaptada-para-personas-con-discapacidad-4-a\u00f1o.pdf\">Optativa Educaci\u00f3n F\u00edsica Adaptada para Personas con Discapacidad &#8211; 4 a\u00f1o<\/a><\/li><li><a href=\"https:\/\/ispef-cat.infd.edu.ar\/sitio\/wp-content\/uploads\/2019\/05\/Optativa-Rugby-4-a\u00f1o.pdf\">Optativa Rugby 4 a\u00f1o<\/a><\/li><li><a href=\"https:\/\/ispef-cat.infd.edu.ar\/sitio\/wp-content\/uploads\/2019\/05\/Problematicas-del-Mundo-Contemporaneo-4-a\u00f1o.pdf\">Problem\u00e1ticas del Mundo Contempor\u00e1neo- 4 a\u00f1o<\/a><\/li><li><a href=\"https:\/\/ispef-cat.infd.edu.ar\/sitio\/wp-content\/uploads\/2019\/05\/Psicologia-del-Deporte-4-a\u00f1o.pdf\">Psicolog\u00eda del Deporte 4 a\u00f1o<\/a><\/li><li><a href=\"https:\/\/ispef-cat.infd.edu.ar\/sitio\/wp-content\/uploads\/2019\/05\/Taller-de-practica-docente-y-residencia-IV-4-a\u00f1o.pdf\">Taller de Practica Docente y Residencia IV &#8211; 4 a\u00f1o<\/a><\/li><li><a href=\"https:\/\/ispef-cat.infd.edu.ar\/sitio\/wp-content\/uploads\/2019\/05\/Teoria-y-Practicas-del-entrenamiento-4-a\u00f1o.pdf\">Teor\u00eda y Practicas del entrenamiento 4 a\u00f1o<\/a><\/li><li><a href=\"https:\/\/ispef-cat.infd.edu.ar\/sitio\/wp-content\/uploads\/2019\/05\/Voleibol-II-4-a\u00f1o.pdf\">Voleibol II &#8211; 4 a\u00f1o<\/a><\/li><li><a href=\"https:\/\/ispef-cat.infd.edu.ar\/sitio\/wp-content\/uploads\/2019\/05\/voleibol-II-4-a\u00f1o-B.pdf\">Voleibol II 4 a\u00f1o B<\/a><\/li><\/ul>\n<\/div>\n<\/div>\n\n\n\n<p><\/p>\n\n\n\n<p><\/p>\n","protected":false},"excerpt":{"rendered":"<p>Anatomia 1 a\u00f1o Atletismo I- 1 A\u00f1o Gimnasia I Mujeres Instituci\u00f3n Educativa 1 a\u00f1o Juego Motor 1 a\u00f1o Sistema Educativo 1 a\u00f1o A Soc. Cul. y Pol. 1 B Y C Soc. Cultura y Pol. 1 a\u00f1o Taller de Practica I con eje en el contexto 1 a\u00f1o Vida de la naturaleza C Y D &#8230; <a title=\"Espacios Curriculares &#8211; Plan 1605- 2022\" class=\"read-more\" href=\"https:\/\/ispef-cat.infd.edu.ar\/sitio\/programas-de-catedras\/\" aria-label=\"More on Espacios Curriculares &#8211; Plan 1605- 2022\">[+]<\/a><\/p>\n","protected":false},"author":54,"featured_media":0,"parent":0,"menu_order":0,"comment_status":"closed","ping_status":"closed","template":"","meta":[],"acf":[],"_links":{"self":[{"href":"https:\/\/ispef-cat.infd.edu.ar\/sitio\/wp-json\/wp\/v2\/pages\/1007"}],"collection":[{"href":"https:\/\/ispef-cat.infd.edu.ar\/sitio\/wp-json\/wp\/v2\/pages"}],"about":[{"href":"https:\/\/ispef-cat.infd.edu.ar\/sitio\/wp-json\/wp\/v2\/types\/page"}],"author":[{"embeddable":true,"href":"https:\/\/ispef-cat.infd.edu.ar\/sitio\/wp-json\/wp\/v2\/users\/54"}],"replies":[{"embeddable":true,"href":"https:\/\/ispef-cat.infd.edu.ar\/sitio\/wp-json\/wp\/v2\/comments?post=1007"}],"version-history":[{"count":12,"href":"https:\/\/ispef-cat.infd.edu.ar\/sitio\/wp-json\/wp\/v2\/pages\/1007\/revisions"}],"predecessor-version":[{"id":2915,"href":"https:\/\/ispef-cat.infd.edu.ar\/sitio\/wp-json\/wp\/v2\/pages\/1007\/revisions\/2915"}],"wp:attachment":[{"href":"https:\/\/ispef-cat.infd.edu.ar\/sitio\/wp-json\/wp\/v2\/media?parent=1007"}],"curies":[{"name":"wp","href":"https:\/\/api.w.org\/{rel}","templated":true}]}}