{"id":1459,"date":"2019-08-07T09:13:25","date_gmt":"2019-08-07T12:13:25","guid":{"rendered":"https:\/\/ispef-cat.infd.edu.ar\/sitio\/?page_id=1459"},"modified":"2022-03-16T11:19:11","modified_gmt":"2022-03-16T14:19:11","slug":"curso-de-ingreso","status":"publish","type":"page","link":"https:\/\/ispef-cat.infd.edu.ar\/sitio\/curso-de-ingreso\/","title":{"rendered":"Curso De Ingreso"},"content":{"rendered":"<p><b>INSTITUTO SUPERIOR DE EDUCACI\u00d3N&nbsp;F\u00cdSICA<\/b><\/p>\n<p><b>INGRESO AL PROFESORADO DE EDUCACI\u00d3N&nbsp;F\u00cdSICA<\/b><\/p>\n<p><strong>CURSO DE INGRESO<\/strong><\/p>\n<p><strong>&nbsp;<\/strong><\/p>\n<p><b>ETAPA: PRESCRIPCI\u00d3N&nbsp;\u2013 SIU GUARANI<\/b><\/p>\n<p>PREINSCRIPCI\u00d3N: SE HABILITAR\u00c1 ATRAVES DEL SISTEMA SIU GUARANI EN LA FECHA ESTABLECIDA POR LA INSTITUCI\u00d3N HASTA COMPLETAR VACANTE,-LOS POSTULANTES DEBER\u00c1N INGRESAR AL SIGUIENTE LINK: guaran\u00ed.catamarca.edu.ar:8080\/preinscripci\u00f3n\/ies, LUEGO DE COMPLETAR EL FORMULARIO DE PREINSCRIPCI\u00d3N DEBEN IMPRIMIR EL COMPROBANTE.<\/p>\n<p><strong>ETAPA: PREINSCRIPCION \u2013 PRESENCIAL OBLIGATORIA \u2013SOLICITUD DE FICHA MEDICA-REQUISITOS <\/strong><\/p>\n<p>LOS POSTULANTES PREINSCRIPTOS (SIU GUARAN\u00cd) DEBER\u00c1N ASISTIR PERSONALMENTE AL INSTITUTO SUPERIOR DE EDUCACI\u00d3N F\u00cdSICA EN LA FECHA Y HORARIOS ESTABLECIDOS POR LA INSTITUCI\u00d3N, MUNIDO CON EL DNI Y COMPROBANTE DE PREINSCRIPCI\u00d3N. EN ESTA INSTANCIA SE ENTREGAR\u00c1 FICHA M\u00c9DICA, REQUISITOS DE INGRESO Y SE LE ASIGNAR\u00c1 UN TURNO PARA LA PRESENTACI\u00d3N DE LA DOCUMENTACI\u00d3N Y ESTUDIOS M\u00c9DICOS.<\/p>\n<p><b>ETAPA: PRESENTACI\u00d3N&nbsp;DE DOCUMENTACI\u00d3N&nbsp;POR PARTE DE LOS POSTULANTES<\/b><\/p>\n<p>LOS POSTULANTES DEBER\u00c1N ASISTIR A LA INSTITUCI\u00d3N PARA PRESENTAR TODA LA DOCUMENTACI\u00d3N REQUERIDA Y ESTUDIOS M\u00c9DICOS. EN ESTA INSTANCIA POR ORDEN DE PRESENTACI\u00d3N PODR\u00c1N OPTAR POR EL TURNO DE CURSADO DEPENDIENDO DE LAS VACANCIAS PARA CADA TURNO.<\/p>\n<p><b>ETAPA: EVALUACI\u00d3N&nbsp;M\u00c9DICA&nbsp; <\/b><\/p>\n<p>EN ESTA INSTANCIA SE REALIZAR\u00c1 LA EVALUACI\u00d3N DE CARPETAS M\u00c9DICAS POR EL DEPARTAMENTO M\u00c9DICO DE LA INSTITUCI\u00d3N. EL APTO PSICOF\u00cdSICO ES UN REQUISITO INDISPENSABLE PARA EL INGRESO A LA CARRERA COMO MEDIDA PREVENTIVA PARA LA SALUD DEL ESTUDIANTE Y NECESARIA PARA LA PR\u00c1CTICA F\u00cdSICA \u2013DEPORTIVA INHERENTE A LA CARRERA.<\/p>\n<p><strong>ETAPA: CURSO DE INGRESO <\/strong><\/p>\n<p>EL CURSO DE INGRESO ES OBLIGATORIO SE ABORDAR\u00c1N EJES SOBRE LA ESPECIFICIDAD EN LA FORMACI\u00d3N, SER ESTUDIANTE DE NIVEL SUPERIOR, SER DOCENTE DE EDUCACI\u00d3N F\u00cdSICA, LECTURA Y ESCRITURA ACAD\u00c9MICA Y T\u00c9CNICAS DE ESTUDIO EL CURSO DE INGRESO TENDR\u00c1 EVALUACI\u00d3N.<\/p>\n<p><b>ETAPA: MATRICULACI\u00d3N&nbsp;E INSCRIPCI\u00d3N&nbsp;CON LOS REQUISITOS A UNIDADES CURRICULARES <\/b><\/p>\n<p>LOS INTEGRANTES QUE CUMPLIMENTEN CON LOS REQUISITOS DE INGRESO Y ASISTENCIA AL CURSO DE INGRESO PODR\u00c1N MATRICULARSE Y FORMALIZAR LA INSCRIPCI\u00d3N EN LAS FECHAS ESTABLECIDAS POR LA INSTITUCI\u00d3N.<\/p>\n<p><\/p>\n\n\n<h4 class=\"wp-block-heading\">MATERIAL DE DESCARGA<\/h4>\n\n\n\n<div class=\"wp-block-group\"><div class=\"wp-block-group__inner-container is-layout-flow\">\n<div class=\"wp-block-group\"><div class=\"wp-block-group__inner-container is-layout-flow\">\n<div class=\"wp-block-file\"><a href=\"https:\/\/ispef-cat.infd.edu.ar\/sitio\/wp-content\/uploads\/2022\/03\/ANATOMIA.pdf\">CONTENIDOS ANATOMIA<\/a><a href=\"https:\/\/ispef-cat.infd.edu.ar\/sitio\/wp-content\/uploads\/2022\/03\/ANATOMIA.pdf\" class=\"wp-block-file__button\" download>Descarga<\/a><\/div>\n\n\n\n<div class=\"wp-block-file\"><a href=\"https:\/\/ispef-cat.infd.edu.ar\/sitio\/wp-content\/uploads\/2022\/03\/EJE-SER-DOCENTE-4.pdf\">EJE SER DOCENTE-1<\/a><a href=\"https:\/\/ispef-cat.infd.edu.ar\/sitio\/wp-content\/uploads\/2022\/03\/EJE-SER-DOCENTE-4.pdf\" class=\"wp-block-file__button\" download>Descarga<\/a><\/div>\n\n\n\n<div class=\"wp-block-file\"><a href=\"https:\/\/ispef-cat.infd.edu.ar\/sitio\/wp-content\/uploads\/2022\/03\/EJE-SER-DOCENTE-2-3.pdf\">EJE SER DOCENTE-2<\/a><a href=\"https:\/\/ispef-cat.infd.edu.ar\/sitio\/wp-content\/uploads\/2022\/03\/EJE-SER-DOCENTE-2-3.pdf\" class=\"wp-block-file__button\" download>Descarga<\/a><\/div>\n\n\n\n<div class=\"wp-block-file\"><a href=\"https:\/\/ispef-cat.infd.edu.ar\/sitio\/wp-content\/uploads\/2022\/03\/EJE-SER-DOCENTE-5.pdf\">EJE SER DOCENTE-3<\/a><a href=\"https:\/\/ispef-cat.infd.edu.ar\/sitio\/wp-content\/uploads\/2022\/03\/EJE-SER-DOCENTE-5.pdf\" class=\"wp-block-file__button\" download>Descarga<\/a><\/div>\n\n\n\n<div class=\"wp-block-file\"><a href=\"https:\/\/ispef-cat.infd.edu.ar\/sitio\/wp-content\/uploads\/2022\/03\/ATLETISMO-DE-INICIACION-1.docx\">ATLETISMO DE INICIACION-1<\/a><a href=\"https:\/\/ispef-cat.infd.edu.ar\/sitio\/wp-content\/uploads\/2022\/03\/ATLETISMO-DE-INICIACION-1.docx\" class=\"wp-block-file__button\" download>Descarga<\/a><\/div>\n\n\n\n<div class=\"wp-block-file\"><a href=\"https:\/\/ispef-cat.infd.edu.ar\/sitio\/wp-content\/uploads\/2022\/03\/ATLETISMO-DE-INICIACION-2-1.docx\">ATLETISMO DE INICIACION-2<\/a><a href=\"https:\/\/ispef-cat.infd.edu.ar\/sitio\/wp-content\/uploads\/2022\/03\/ATLETISMO-DE-INICIACION-2-1.docx\" class=\"wp-block-file__button\" download>Descarga<\/a><\/div>\n\n\n\n<div class=\"wp-block-file\"><a href=\"https:\/\/ispef-cat.infd.edu.ar\/sitio\/wp-content\/uploads\/2022\/03\/LECTURA-Y-ESCRITURA-1.pdf\">LECTURA Y ESCRITURA-1<\/a><a href=\"https:\/\/ispef-cat.infd.edu.ar\/sitio\/wp-content\/uploads\/2022\/03\/LECTURA-Y-ESCRITURA-1.pdf\" class=\"wp-block-file__button\" download>Descarga<\/a><\/div>\n\n\n\n<div class=\"wp-block-file\"><a href=\"https:\/\/ispef-cat.infd.edu.ar\/sitio\/wp-content\/uploads\/2022\/03\/LECTURA-Y-ESCRITURA-2.pdf\">LECTURA Y ESCRITURA-2<\/a><a href=\"https:\/\/ispef-cat.infd.edu.ar\/sitio\/wp-content\/uploads\/2022\/03\/LECTURA-Y-ESCRITURA-2.pdf\" class=\"wp-block-file__button\" download>Descarga<\/a><\/div>\n\n\n\n<div class=\"wp-block-file\"><a href=\"https:\/\/ispef-cat.infd.edu.ar\/sitio\/wp-content\/uploads\/2022\/03\/Textos-N\u00b0-3-y-4.pdf\">LECTURA Y ESCRITURA-3<\/a><a href=\"https:\/\/ispef-cat.infd.edu.ar\/sitio\/wp-content\/uploads\/2022\/03\/Textos-N\u00b0-3-y-4.pdf\" class=\"wp-block-file__button\" download>Descarga<\/a><\/div>\n\n\n\n<div class=\"wp-block-file\"><a href=\"https:\/\/ispef-cat.infd.edu.ar\/sitio\/wp-content\/uploads\/2022\/03\/TEORIA-DE-LA-EDUCACION-FISICA.docx\">TEORIA DE LA EDUCACION FISICA<\/a><a href=\"https:\/\/ispef-cat.infd.edu.ar\/sitio\/wp-content\/uploads\/2022\/03\/TEORIA-DE-LA-EDUCACION-FISICA.docx\" class=\"wp-block-file__button\" download>Descarga<\/a><\/div>\n\n\n\n<div class=\"wp-block-file\"><a href=\"https:\/\/ispef-cat.infd.edu.ar\/sitio\/wp-content\/uploads\/2022\/03\/INGRESO-2022-ISEF.pdf\">GIMNASIA<\/a><a href=\"https:\/\/ispef-cat.infd.edu.ar\/sitio\/wp-content\/uploads\/2022\/03\/INGRESO-2022-ISEF.pdf\" class=\"wp-block-file__button\" download>Descarga<\/a><\/div>\n\n\n\n<p>Enlaces para actividades del m\u00f3dulo de Gimnasia:<br><a rel=\"noreferrer noopener\" href=\"https:\/\/padlet.com\/practicaisef\/eozjv51wxeoa28qq\" target=\"_blank\">https:\/\/padlet.com\/practicaisef\/eozjv51wxeoa28qq<\/a><br><a rel=\"noreferrer noopener\" href=\"https:\/\/es.padlet.com\/veronicabracamonte70\/aqwfkioh2ku0joia\" target=\"_blank\">https:\/\/es.padlet.com\/veronicabracamonte70\/aqwfkioh2ku0joia<\/a><\/p>\n\n\n\n<p>Enlaces para actividades del m\u00f3dulo de Anatom\u00eda Funcional: <a href=\"https:\/\/docs.google.com\/forms\/d\/1KnzfD773kypyDQLg7O0OKhP0r7-BoKCbv7SochrJvLo\/viewform?edit_requested=true\" target=\"_blank\" rel=\"noreferrer noopener\">https:\/\/docs.google.com\/forms\/d\/1KnzfD773kypyDQLg7O0OKhP0r7-BoKCbv7SochrJvLo\/viewform?edit_requested=true<\/a><\/p>\n<\/div><\/div>\n\n\n\n<p><\/p>\n<\/div><\/div>\n","protected":false},"excerpt":{"rendered":"<p>INSTITUTO SUPERIOR DE EDUCACI\u00d3N&nbsp;F\u00cdSICA INGRESO AL PROFESORADO DE EDUCACI\u00d3N&nbsp;F\u00cdSICA CURSO DE INGRESO &nbsp; ETAPA: PRESCRIPCI\u00d3N&nbsp;\u2013 SIU GUARANI PREINSCRIPCI\u00d3N: SE HABILITAR\u00c1 ATRAVES DEL SISTEMA SIU GUARANI EN LA FECHA ESTABLECIDA POR LA INSTITUCI\u00d3N HASTA COMPLETAR VACANTE,-LOS POSTULANTES DEBER\u00c1N INGRESAR AL SIGUIENTE LINK: guaran\u00ed.catamarca.edu.ar:8080\/preinscripci\u00f3n\/ies, LUEGO DE COMPLETAR EL FORMULARIO DE PREINSCRIPCI\u00d3N DEBEN IMPRIMIR EL COMPROBANTE. ETAPA: PREINSCRIPCION &#8230; <a title=\"Curso De Ingreso\" class=\"read-more\" href=\"https:\/\/ispef-cat.infd.edu.ar\/sitio\/curso-de-ingreso\/\" aria-label=\"More on Curso De Ingreso\">[+]<\/a><\/p>\n","protected":false},"author":54,"featured_media":0,"parent":0,"menu_order":0,"comment_status":"closed","ping_status":"closed","template":"","meta":[],"acf":[],"_links":{"self":[{"href":"https:\/\/ispef-cat.infd.edu.ar\/sitio\/wp-json\/wp\/v2\/pages\/1459"}],"collection":[{"href":"https:\/\/ispef-cat.infd.edu.ar\/sitio\/wp-json\/wp\/v2\/pages"}],"about":[{"href":"https:\/\/ispef-cat.infd.edu.ar\/sitio\/wp-json\/wp\/v2\/types\/page"}],"author":[{"embeddable":true,"href":"https:\/\/ispef-cat.infd.edu.ar\/sitio\/wp-json\/wp\/v2\/users\/54"}],"replies":[{"embeddable":true,"href":"https:\/\/ispef-cat.infd.edu.ar\/sitio\/wp-json\/wp\/v2\/comments?post=1459"}],"version-history":[{"count":20,"href":"https:\/\/ispef-cat.infd.edu.ar\/sitio\/wp-json\/wp\/v2\/pages\/1459\/revisions"}],"predecessor-version":[{"id":2673,"href":"https:\/\/ispef-cat.infd.edu.ar\/sitio\/wp-json\/wp\/v2\/pages\/1459\/revisions\/2673"}],"wp:attachment":[{"href":"https:\/\/ispef-cat.infd.edu.ar\/sitio\/wp-json\/wp\/v2\/media?parent=1459"}],"curies":[{"name":"wp","href":"https:\/\/api.w.org\/{rel}","templated":true}]}}