{"id":1789,"date":"2020-04-06T12:05:49","date_gmt":"2020-04-06T15:05:49","guid":{"rendered":"https:\/\/ispef-cat.infd.edu.ar\/sitio\/?page_id=1789"},"modified":"2020-04-06T12:05:49","modified_gmt":"2020-04-06T15:05:49","slug":"guia-de-usuario-aulas-virtuales","status":"publish","type":"page","link":"https:\/\/ispef-cat.infd.edu.ar\/sitio\/guia-de-usuario-aulas-virtuales\/","title":{"rendered":"Gu\u00eda de Usuario- Aulas Virtuales"},"content":{"rendered":"<p><strong>AULAS VIRTUALES<\/strong><\/p>\n<p>Se informa a los estudiantes que se encuentran habilitadas las aulas virtuales de las diferentes Unidades Curriculares (UC) mediante la Plataforma Virtual E-ducativa.<\/p>\n<p>El acceso a las Aulas Virtuales es a trav\u00e9s de <a href=\"https:\/\/ispef-cat.infd.edu.ar\/aula\/acceso.cgi\">https:\/\/ispef-cat.infd.edu.ar\/aula\/acceso.cgi<\/a><\/p>\n<p>El estudiante debe ingresar con <strong>USUARIO y CONTRASE\u00d1A<\/strong> que es enviado por correo electr\u00f3nico, (correo electr\u00f3nico que el estudiante proporciono en la matriculaci\u00f3n e inscripci\u00f3n al SIU GUARANI).<\/p>\n<p>Se adjunta un Tutorial explicativo del acceso y uso del Aula Virtual:<\/p>\n<p><a href=\"https:\/\/ispef-cat.infd.edu.ar\/sitio\/wp-content\/uploads\/2020\/04\/TUTORIAL-PARA-ESTUDIANTES-AULAS-VIRTUALES-ISEF.pdf\">TUTORIAL PARA ESTUDIANTES &#8211; AULAS VIRTUALES ISEF<\/a><\/p>\n","protected":false},"excerpt":{"rendered":"<p>AULAS VIRTUALES Se informa a los estudiantes que se encuentran habilitadas las aulas virtuales de las diferentes Unidades Curriculares (UC) mediante la Plataforma Virtual E-ducativa. El acceso a las Aulas Virtuales es a trav\u00e9s de https:\/\/ispef-cat.infd.edu.ar\/aula\/acceso.cgi El estudiante debe ingresar con USUARIO y CONTRASE\u00d1A que es enviado por correo electr\u00f3nico, (correo electr\u00f3nico que el estudiante &#8230; <a title=\"Gu\u00eda de Usuario- Aulas Virtuales\" class=\"read-more\" href=\"https:\/\/ispef-cat.infd.edu.ar\/sitio\/guia-de-usuario-aulas-virtuales\/\" aria-label=\"More on Gu\u00eda de Usuario- Aulas Virtuales\">[+]<\/a><\/p>\n","protected":false},"author":54,"featured_media":0,"parent":0,"menu_order":0,"comment_status":"closed","ping_status":"closed","template":"","meta":[],"acf":[],"_links":{"self":[{"href":"https:\/\/ispef-cat.infd.edu.ar\/sitio\/wp-json\/wp\/v2\/pages\/1789"}],"collection":[{"href":"https:\/\/ispef-cat.infd.edu.ar\/sitio\/wp-json\/wp\/v2\/pages"}],"about":[{"href":"https:\/\/ispef-cat.infd.edu.ar\/sitio\/wp-json\/wp\/v2\/types\/page"}],"author":[{"embeddable":true,"href":"https:\/\/ispef-cat.infd.edu.ar\/sitio\/wp-json\/wp\/v2\/users\/54"}],"replies":[{"embeddable":true,"href":"https:\/\/ispef-cat.infd.edu.ar\/sitio\/wp-json\/wp\/v2\/comments?post=1789"}],"version-history":[{"count":1,"href":"https:\/\/ispef-cat.infd.edu.ar\/sitio\/wp-json\/wp\/v2\/pages\/1789\/revisions"}],"predecessor-version":[{"id":1790,"href":"https:\/\/ispef-cat.infd.edu.ar\/sitio\/wp-json\/wp\/v2\/pages\/1789\/revisions\/1790"}],"wp:attachment":[{"href":"https:\/\/ispef-cat.infd.edu.ar\/sitio\/wp-json\/wp\/v2\/media?parent=1789"}],"curies":[{"name":"wp","href":"https:\/\/api.w.org\/{rel}","templated":true}]}}