{"id":2207,"date":"2021-06-04T20:54:13","date_gmt":"2021-06-04T23:54:13","guid":{"rendered":"https:\/\/ispef-cat.infd.edu.ar\/sitio\/?page_id=2207"},"modified":"2022-03-22T12:27:36","modified_gmt":"2022-03-22T15:27:36","slug":"noticias-para-alumnos","status":"publish","type":"page","link":"https:\/\/ispef-cat.infd.edu.ar\/sitio\/noticias-para-alumnos\/","title":{"rendered":"Noticias para Alumnos"},"content":{"rendered":"\n<div class=\"wp-block-file\"><a href=\"https:\/\/ispef-cat.infd.edu.ar\/sitio\/wp-content\/uploads\/2022\/03\/CURSO-ARTICULACION-2022-1.pdf\">CURSO-ARTICULACION-2022-1<\/a><a href=\"https:\/\/ispef-cat.infd.edu.ar\/sitio\/wp-content\/uploads\/2022\/03\/CURSO-ARTICULACION-2022-1.pdf\" class=\"wp-block-file__button\" download>Descarga<\/a><\/div>\n\n\n<p><a href=\"https:\/\/ispef-cat.infd.edu.ar\/sitio\/wp-content\/uploads\/2021\/06\/COMUNICADO-N\u00ba5-EXAMENES-MAYO2021.pdf\">COMUNICADO N\u00ba5 EXAMENES MAYO2021<\/a><\/p>\n\n\n<div class=\"wp-block-file\"><a href=\"https:\/\/ispef-cat.infd.edu.ar\/sitio\/wp-content\/uploads\/2021\/11\/DI-2021-01726412-CAT-DPESME.pdf\">DI-2021-01726412-CAT-DPESME<\/a><a href=\"https:\/\/ispef-cat.infd.edu.ar\/sitio\/wp-content\/uploads\/2021\/11\/DI-2021-01726412-CAT-DPESME.pdf\" class=\"wp-block-file__button\" download>Descarga<\/a><\/div>\n\n\n\n<p>5<\/p>\n\n\n\n<div class=\"wp-block-file\"><a href=\"https:\/\/ispef-cat.infd.edu.ar\/sitio\/wp-content\/uploads\/2022\/03\/Disp.22-2022-Plan-1605extension-de-plazos-1-1.pdf\">Resoluci\u00f3n de Dcci\u00f3n. Provincial de Educaci\u00f3n Superior sobre prorroga Plan 1605\/98 &#8211; Disp.22-2022-Plan-1605extension-de-plazos-1-1<\/a><a href=\"https:\/\/ispef-cat.infd.edu.ar\/sitio\/wp-content\/uploads\/2022\/03\/Disp.22-2022-Plan-1605extension-de-plazos-1-1.pdf\" class=\"wp-block-file__button\" download>Descarga<\/a><\/div>\n\n\n\n<div class=\"wp-block-file\"><a href=\"https:\/\/ispef-cat.infd.edu.ar\/sitio\/wp-content\/uploads\/2022\/03\/Comunicado-No3-Horarios-de-Clases.pdf\">Comunicado-No3-Horarios-de-Clases<\/a><a href=\"https:\/\/ispef-cat.infd.edu.ar\/sitio\/wp-content\/uploads\/2022\/03\/Comunicado-No3-Horarios-de-Clases.pdf\" class=\"wp-block-file__button\" download>Descarga<\/a><\/div>\n","protected":false},"excerpt":{"rendered":"<p>COMUNICADO N\u00ba5 EXAMENES MAYO2021 5<\/p>\n","protected":false},"author":54,"featured_media":0,"parent":0,"menu_order":0,"comment_status":"closed","ping_status":"closed","template":"","meta":[],"acf":[],"_links":{"self":[{"href":"https:\/\/ispef-cat.infd.edu.ar\/sitio\/wp-json\/wp\/v2\/pages\/2207"}],"collection":[{"href":"https:\/\/ispef-cat.infd.edu.ar\/sitio\/wp-json\/wp\/v2\/pages"}],"about":[{"href":"https:\/\/ispef-cat.infd.edu.ar\/sitio\/wp-json\/wp\/v2\/types\/page"}],"author":[{"embeddable":true,"href":"https:\/\/ispef-cat.infd.edu.ar\/sitio\/wp-json\/wp\/v2\/users\/54"}],"replies":[{"embeddable":true,"href":"https:\/\/ispef-cat.infd.edu.ar\/sitio\/wp-json\/wp\/v2\/comments?post=2207"}],"version-history":[{"count":9,"href":"https:\/\/ispef-cat.infd.edu.ar\/sitio\/wp-json\/wp\/v2\/pages\/2207\/revisions"}],"predecessor-version":[{"id":2877,"href":"https:\/\/ispef-cat.infd.edu.ar\/sitio\/wp-json\/wp\/v2\/pages\/2207\/revisions\/2877"}],"wp:attachment":[{"href":"https:\/\/ispef-cat.infd.edu.ar\/sitio\/wp-json\/wp\/v2\/media?parent=2207"}],"curies":[{"name":"wp","href":"https:\/\/api.w.org\/{rel}","templated":true}]}}