{"id":2526,"date":"2022-03-12T15:18:00","date_gmt":"2022-03-12T18:18:00","guid":{"rendered":"https:\/\/ispef-cat.infd.edu.ar\/sitio\/?page_id=2526"},"modified":"2024-12-03T08:49:34","modified_gmt":"2024-12-03T11:49:34","slug":"estudia-con-nosotros","status":"publish","type":"page","link":"https:\/\/ispef-cat.infd.edu.ar\/sitio\/estudia-con-nosotros\/","title":{"rendered":"Estudi\u00e1 con Nosotros"},"content":{"rendered":"\n<figure class=\"wp-block-image size-large is-style-default\"><a href=\"https:\/\/ispef-cat.infd.edu.ar\/sitio\/\"><img decoding=\"async\" loading=\"lazy\" width=\"1640\" height=\"300\" src=\"https:\/\/ispef-cat.infd.edu.ar\/sitio\/wp-content\/uploads\/2022\/03\/Instituto-Superior-de-Efucacion-Fisica-1640-\u00d7-300-px-3-2.png\" alt=\"\" class=\"wp-image-2568\" srcset=\"https:\/\/ispef-cat.infd.edu.ar\/sitio\/wp-content\/uploads\/2022\/03\/Instituto-Superior-de-Efucacion-Fisica-1640-\u00d7-300-px-3-2.png 1640w, https:\/\/ispef-cat.infd.edu.ar\/sitio\/wp-content\/uploads\/2022\/03\/Instituto-Superior-de-Efucacion-Fisica-1640-\u00d7-300-px-3-2-1000x183.png 1000w, https:\/\/ispef-cat.infd.edu.ar\/sitio\/wp-content\/uploads\/2022\/03\/Instituto-Superior-de-Efucacion-Fisica-1640-\u00d7-300-px-3-2-768x140.png 768w, https:\/\/ispef-cat.infd.edu.ar\/sitio\/wp-content\/uploads\/2022\/03\/Instituto-Superior-de-Efucacion-Fisica-1640-\u00d7-300-px-3-2-1536x281.png 1536w\" sizes=\"(max-width: 1640px) 100vw, 1640px\" \/><\/a><\/figure>\n\n\n\n<div class=\"wp-block-cover is-light\" style=\"min-height:330px\"><span aria-hidden=\"true\" class=\"wp-block-cover__background has-background-dim\"><\/span><img decoding=\"async\" loading=\"lazy\" width=\"500\" height=\"408\" class=\"wp-block-cover__image-background wp-image-2515\" alt=\"\" src=\"https:\/\/ispef-cat.infd.edu.ar\/sitio\/wp-content\/uploads\/2022\/03\/1-500x408-1.jpg\" data-object-fit=\"cover\"\/><div class=\"wp-block-cover__inner-container\">\n<p class=\"has-base-3-color has-text-color has-large-font-size\">Profesorado en Educaci\u00f3n F\u00edsica<\/p>\n\n\n\n<p class=\"has-base-3-color has-text-color\">Titulaci\u00f3n de Educaci\u00f3n Superior<\/p>\n<\/div><\/div>\n\n\n\n<p>El Profesorado permite al egresado desarrollarse como docente del nivel inicial, primario, secundario, especial y artistico del sistema educativo en el campo de conocimiento de Educaci\u00f3n F\u00edsica. El egresado podr\u00e1 ejercer en establecimientos de dependencia estatal, privada, social, cooperativa de jurisdicci\u00f3n Municipal, Provincial y Nacional.<\/p>\n\n\n\n<p><\/p>\n\n\n\n<p>De acuerdo al perfil del Profesor y a los objetivos de la Carrera, surge la necesidad de formar un docente con una actitud reflexiva, cr\u00edtica, aut\u00f3noma y capaces de sostener un modo de trabajo colectivo y colaborativo frente a la problem\u00e1tica educativa en Educaci\u00f3n F\u00edsica a trav\u00e9s de una formaci\u00f3n integral y din\u00e1mica en el campo de la Educaci\u00f3n F\u00edsica. La carrera tiene una duraci\u00f3n de 4 a\u00f1os, se encuentra integrada por asignaturas espec\u00edficas del \u00e1rea pedag\u00f3gico, did\u00e1ctico y disciplinar para incidir en la formaci\u00f3n corporal y motriz de los sujetos de aprendizajes de los distintos niveles y modalidades del sistema escolar y los otros \u00e1mbitos institucionales.<\/p>\n\n\n\n<figure class=\"wp-block-image size-large\"><img decoding=\"async\" loading=\"lazy\" width=\"1900\" height=\"1343\" src=\"https:\/\/ispef-cat.infd.edu.ar\/sitio\/wp-content\/uploads\/2024\/12\/1-1900x1343.png\" alt=\"\" class=\"wp-image-5411\" srcset=\"https:\/\/ispef-cat.infd.edu.ar\/sitio\/wp-content\/uploads\/2024\/12\/1-1900x1343.png 1900w, https:\/\/ispef-cat.infd.edu.ar\/sitio\/wp-content\/uploads\/2024\/12\/1-1000x707.png 1000w, https:\/\/ispef-cat.infd.edu.ar\/sitio\/wp-content\/uploads\/2024\/12\/1-768x543.png 768w, https:\/\/ispef-cat.infd.edu.ar\/sitio\/wp-content\/uploads\/2024\/12\/1-1536x1086.png 1536w, https:\/\/ispef-cat.infd.edu.ar\/sitio\/wp-content\/uploads\/2024\/12\/1.png 2000w\" sizes=\"(max-width: 1900px) 100vw, 1900px\" \/><\/figure>\n\n\n\n<figure class=\"wp-block-image size-large\"><img decoding=\"async\" loading=\"lazy\" width=\"1900\" height=\"1343\" src=\"https:\/\/ispef-cat.infd.edu.ar\/sitio\/wp-content\/uploads\/2024\/12\/2-1900x1343.png\" alt=\"\" class=\"wp-image-5412\" srcset=\"https:\/\/ispef-cat.infd.edu.ar\/sitio\/wp-content\/uploads\/2024\/12\/2-1900x1343.png 1900w, https:\/\/ispef-cat.infd.edu.ar\/sitio\/wp-content\/uploads\/2024\/12\/2-1000x707.png 1000w, https:\/\/ispef-cat.infd.edu.ar\/sitio\/wp-content\/uploads\/2024\/12\/2-768x543.png 768w, https:\/\/ispef-cat.infd.edu.ar\/sitio\/wp-content\/uploads\/2024\/12\/2-1536x1086.png 1536w, https:\/\/ispef-cat.infd.edu.ar\/sitio\/wp-content\/uploads\/2024\/12\/2.png 2000w\" sizes=\"(max-width: 1900px) 100vw, 1900px\" \/><\/figure>\n\n\n\n<div style=\"height:59px\" aria-hidden=\"true\" class=\"wp-block-spacer\"><\/div>\n\n\n\n<div class=\"wp-block-columns is-layout-flex wp-container-3\">\n<div class=\"wp-block-column is-layout-flow\">\n<h3 class=\"wp-block-heading\"><strong><span style=\"color:#0475a5\" class=\"has-inline-color\"><a href=\"https:\/\/ispef-cat.infd.edu.ar\/sitio\/wp-content\/uploads\/2022\/03\/Res.-Min.-ECyT-117_14-Profesorado-de-Educacion-Fisica.pdf\">Plan de Estudio<\/a><\/span><\/strong><\/h3>\n\n\n\n<p>Para acceder al plan de estudio de la carrera, haz clic<a href=\"https:\/\/ispef-cat.infd.edu.ar\/sitio\/wp-content\/uploads\/2022\/03\/Res.-Min.-ECyT-117_14-Profesorado-de-Educacion-Fisica.pdf\"> aqu\u00ed<\/a>.<\/p>\n<\/div>\n\n\n\n<div class=\"wp-block-column is-layout-flow\">\n<h3 class=\"wp-block-heading\"><strong><span style=\"color:#0475a5\" class=\"has-inline-color\"><a href=\"https:\/\/ispef-cat.infd.edu.ar\/sitio\/requisitos-de-inscripcion\/\">Proceso de Inscripci\u00f3n <\/a><\/span><\/strong><\/h3>\n\n\n\n<p>Para conocer el proceso de inscripci\u00f3n, ingresa <a href=\"https:\/\/ispef-cat.infd.edu.ar\/sitio\/requisitos-de-inscripcion\/\">aqu\u00ed<\/a>. <\/p>\n<\/div>\n<\/div>\n\n\n\n<p><\/p>\n","protected":false},"excerpt":{"rendered":"<p>El Profesorado permite al egresado desarrollarse como docente del nivel inicial, primario, secundario, especial y artistico del sistema educativo en el campo de conocimiento de Educaci\u00f3n F\u00edsica. El egresado podr\u00e1 ejercer en establecimientos de dependencia estatal, privada, social, cooperativa de jurisdicci\u00f3n Municipal, Provincial y Nacional. De acuerdo al perfil del Profesor y a los objetivos &#8230; <a title=\"Estudi\u00e1 con Nosotros\" class=\"read-more\" href=\"https:\/\/ispef-cat.infd.edu.ar\/sitio\/estudia-con-nosotros\/\" aria-label=\"More on Estudi\u00e1 con Nosotros\">[+]<\/a><\/p>\n","protected":false},"author":54,"featured_media":0,"parent":0,"menu_order":0,"comment_status":"closed","ping_status":"closed","template":"","meta":[],"acf":[],"_links":{"self":[{"href":"https:\/\/ispef-cat.infd.edu.ar\/sitio\/wp-json\/wp\/v2\/pages\/2526"}],"collection":[{"href":"https:\/\/ispef-cat.infd.edu.ar\/sitio\/wp-json\/wp\/v2\/pages"}],"about":[{"href":"https:\/\/ispef-cat.infd.edu.ar\/sitio\/wp-json\/wp\/v2\/types\/page"}],"author":[{"embeddable":true,"href":"https:\/\/ispef-cat.infd.edu.ar\/sitio\/wp-json\/wp\/v2\/users\/54"}],"replies":[{"embeddable":true,"href":"https:\/\/ispef-cat.infd.edu.ar\/sitio\/wp-json\/wp\/v2\/comments?post=2526"}],"version-history":[{"count":13,"href":"https:\/\/ispef-cat.infd.edu.ar\/sitio\/wp-json\/wp\/v2\/pages\/2526\/revisions"}],"predecessor-version":[{"id":5413,"href":"https:\/\/ispef-cat.infd.edu.ar\/sitio\/wp-json\/wp\/v2\/pages\/2526\/revisions\/5413"}],"wp:attachment":[{"href":"https:\/\/ispef-cat.infd.edu.ar\/sitio\/wp-json\/wp\/v2\/media?parent=2526"}],"curies":[{"name":"wp","href":"https:\/\/api.w.org\/{rel}","templated":true}]}}