{"id":2575,"date":"2022-03-13T18:27:52","date_gmt":"2022-03-13T21:27:52","guid":{"rendered":"https:\/\/ispef-cat.infd.edu.ar\/sitio\/?page_id=2575"},"modified":"2023-11-26T11:42:01","modified_gmt":"2023-11-26T14:42:01","slug":"ingreso-2023","status":"publish","type":"page","link":"https:\/\/ispef-cat.infd.edu.ar\/sitio\/ingreso-2023\/","title":{"rendered":"Ingresantes"},"content":{"rendered":"\n<figure class=\"wp-block-image size-large is-resized\"><a href=\"https:\/\/ispef-cat.infd.edu.ar\/sitio\/\"><img decoding=\"async\" loading=\"lazy\" src=\"https:\/\/ispef-cat.infd.edu.ar\/sitio\/wp-content\/uploads\/2022\/03\/Instituto-Superior-de-Efucacion-Fisica-1640-\u00d7-300-px-1.png\" alt=\"\" class=\"wp-image-2757\" width=\"1020\" height=\"186\" srcset=\"https:\/\/ispef-cat.infd.edu.ar\/sitio\/wp-content\/uploads\/2022\/03\/Instituto-Superior-de-Efucacion-Fisica-1640-\u00d7-300-px-1.png 1640w, https:\/\/ispef-cat.infd.edu.ar\/sitio\/wp-content\/uploads\/2022\/03\/Instituto-Superior-de-Efucacion-Fisica-1640-\u00d7-300-px-1-1000x183.png 1000w, https:\/\/ispef-cat.infd.edu.ar\/sitio\/wp-content\/uploads\/2022\/03\/Instituto-Superior-de-Efucacion-Fisica-1640-\u00d7-300-px-1-768x140.png 768w, https:\/\/ispef-cat.infd.edu.ar\/sitio\/wp-content\/uploads\/2022\/03\/Instituto-Superior-de-Efucacion-Fisica-1640-\u00d7-300-px-1-1536x281.png 1536w\" sizes=\"(max-width: 1020px) 100vw, 1020px\" \/><\/a><\/figure>\n\n\n\n<div class=\"wp-block-cover\" style=\"min-height:330px\"><span aria-hidden=\"true\" class=\"wp-block-cover__background has-background-dim\"><\/span><img decoding=\"async\" loading=\"lazy\" width=\"1600\" height=\"702\" class=\"wp-block-cover__image-background wp-image-4916\" alt=\"\" src=\"https:\/\/ispef-cat.infd.edu.ar\/sitio\/wp-content\/uploads\/2023\/11\/99278064-fd57-4c78-b8b4-a6d614ad0e96.jpg\" style=\"object-position:53% 27%\" data-object-fit=\"cover\" data-object-position=\"53% 27%\" srcset=\"https:\/\/ispef-cat.infd.edu.ar\/sitio\/wp-content\/uploads\/2023\/11\/99278064-fd57-4c78-b8b4-a6d614ad0e96.jpg 1600w, https:\/\/ispef-cat.infd.edu.ar\/sitio\/wp-content\/uploads\/2023\/11\/99278064-fd57-4c78-b8b4-a6d614ad0e96-1000x439.jpg 1000w, https:\/\/ispef-cat.infd.edu.ar\/sitio\/wp-content\/uploads\/2023\/11\/99278064-fd57-4c78-b8b4-a6d614ad0e96-768x337.jpg 768w, https:\/\/ispef-cat.infd.edu.ar\/sitio\/wp-content\/uploads\/2023\/11\/99278064-fd57-4c78-b8b4-a6d614ad0e96-1536x674.jpg 1536w\" sizes=\"(max-width: 1600px) 100vw, 1600px\" \/><div class=\"wp-block-cover__inner-container\">\n<p class=\"has-text-align-left has-base-2-color has-text-color has-large-font-size\"><strong>INGRESO <\/strong>2024<\/p>\n<\/div><\/div>\n\n\n\n<p>Te contamos las diferentes instancias para comenzar a estudiar en nuestro Instituto.<\/p>\n\n\n\n<div style=\"height:31px\" aria-hidden=\"true\" class=\"wp-block-spacer\"><\/div>\n\n\n\n<p class=\"has-text-color has-medium-font-size\" style=\"color:#499dc1\"><strong>1\u00b0 <mark style=\"background-color:rgba(0, 0, 0, 0);color:#499dc1\" class=\"has-inline-color\">ETAPA: PRE-INSCRIPCI\u00d3N &#8211; SIU GUARAN\u00cd<\/mark><\/strong><\/p>\n\n\n\n<p>LA PRE-INSCRIPCI\u00d3N- SE HABILITAR\u00c1<strong> A TRAV\u00c9S DEL SISTEMA SIU GUARAN\u00cd EN LA FECHA ESTABLECIDA POR LA INSTITUCI\u00d3N <\/strong>, <strong>HASTA COMPLETAR LAS VACANTES<\/strong>. LOS POSTULANTES DEBER\u00c1N INGRESAR AL SIGUIENTE LINK:  <a href=\"http:\/\/guarani.catamarca.edu.ar\/preinscripcion\/ies\/?__o=\"><\/a><a href=\"http:\/\/guarani.catamarca.edu.ar\/preinscripcion\/ies\/?__o=\">guaran\u00ed.catamarca.edu.ar:8080\/preinscripci\u00f3n\/ies<\/a>. <strong>LUEGO DE COMPLETAR EL FORMULARIO DE PRE-INSCRIPCI\u00d3N DEBEN IMPRIMIR EL COMPROBANTE.<\/strong><\/p>\n\n\n\n<ul>\n<li><strong>FECHAS: 04\/12\/2023 al 15\/12\/2023 y desde 08\/02\/2024 al 23\/02\/2024<\/strong><\/li>\n<\/ul>\n\n\n\n<p><\/p>\n\n\n\n<p class=\"has-text-color has-medium-font-size\" style=\"color:#499dc1\"><strong>2\u00b0 <mark style=\"background-color: rgba(0, 0, 0, 0);\" class=\"has-inline-color\"><font color=\"#499dc1\"><b>ETAPA: <\/b><\/font><\/mark><mark style=\"background-color:rgba(0, 0, 0, 0);color:#499dc1\" class=\"has-inline-color\">PRE-INSCRIPCI\u00d3N \u2013 PRESENCIAL OBLIGATORIA \u2013SOLICITUD DE FICHA MEDICA- REQUISITOS<\/mark><\/strong><\/p>\n\n\n\n<p><strong>LOS POSTULANTES YA PRE-INSCRIPTOS MEDIANTE SIU-GUARAN\u00cd, DEBER\u00c1N ASISTIR PERSONALMENTE DENTRO DE LAS 48HS <\/strong>AL INSTITUTO SUPERIOR DE EDUCACI\u00d3N F\u00cdSICA EN LA FECHA Y HORARIOS ESTABLECIDOS POR LA INSTITUCI\u00d3N, <strong>CON EL DNI Y COMPROBANTE DE PRE-INSCRIPCI\u00d3N<\/strong> EMITIDO POR EL SISTEMA EN LA PRIMERA ETAPA.<strong> EN ESTA INSTANCIA SE ENTREGAR\u00c1 FICHA M\u00c9DICA<\/strong>, SE EXPLICAR\u00c1N REQUISITOS DE INGRESO Y SE LE ASIGNAR\u00c1 UN TURNO PARA LA PRESENTACI\u00d3N DE LA DOCUMENTACI\u00d3N Y ESTUDIOS M\u00c9DICOS.<\/p>\n\n\n\n<ul>\n<li><strong>FECHAS: 04\/12\/2023 al 15\/12\/2023 y desde 08\/02\/2024 al 26\/02\/2024<\/strong><\/li>\n\n\n\n<li><strong>HORARIO: 8,00 hs a 11,00 hs<\/strong><\/li>\n<\/ul>\n\n\n\n<p><\/p>\n\n\n\n<p class=\"has-text-color has-medium-font-size\" style=\"color:#499dc1\"><strong>3\u00b0 ETAPA: PRESENTACI\u00d3N&nbsp;DE DOCUMENTACI\u00d3N&nbsp;POR PARTE DE LOS POSTULANTES<\/strong><\/p>\n\n\n\n<p>LOS POSTULANTES DEBER\u00c1N ASISTIR A LA INSTITUCI\u00d3N PARA PRESENTAR LA TOTALIDAD DE LA DOCUMENTACI\u00d3N REQUERIDA Y ESTUDIOS M\u00c9DICOS. EN ESTA INSTANCIA, <strong>POR ORDEN DE PRESENTACI\u00d3N, PODR\u00c1N OPTAR POR EL TURNO DE CURSADO<\/strong> DEPENDIENDO DE LAS VACANCIAS PARA CADA TURNO.<\/p>\n\n\n\n<ul>\n<li><strong>FECHAS: Hasta el 29\/02\/2024. <\/strong><\/li>\n\n\n\n<li><strong>HORARIO: 8,00 hs a 11,00 hs<\/strong><\/li>\n<\/ul>\n\n\n\n<p><\/p>\n\n\n\n<p class=\"has-text-color has-medium-font-size\" style=\"color:#499dc1\"><strong>4\u00b0 ETAPA: EVALUACI\u00d3N&nbsp;M\u00c9DICA&nbsp;<\/strong><\/p>\n\n\n\n<p>EN ESTA INSTANCIA<strong> SE REALIZAR\u00c1 LA EVALUACI\u00d3N DE CARPETAS M\u00c9DICAS <\/strong>POR EL DEPARTAMENTO M\u00c9DICO DE LA INSTITUCI\u00d3N. EL APTO PSICOF\u00cdSICO ES UN REQUISITO INDISPENSABLE PARA EL INGRESO A LA CARRERA COMO MEDIDA PREVENTIVA PARA LA SALUD DEL ESTUDIANTE Y NECESARIA PARA LA PR\u00c1CTICA F\u00cdSICA\u2013DEPORTIVA INHERENTE A LA CARRERA.<\/p>\n\n\n\n<p class=\"has-text-color has-medium-font-size\" style=\"color:#499dc1\"><strong>5\u00b0 ETAPA: CURSO DE INGRESO<\/strong><\/p>\n\n\n\n<p><strong>EL CURSO DE INGRESO ES OBLIGATORIO<\/strong> SE ABORDAR\u00c1N EJES SOBRE LA ESPECIFICIDAD EN LA FORMACI\u00d3N, SER ESTUDIANTE DE NIVEL SUPERIOR, SER DOCENTE DE EDUCACI\u00d3N F\u00cdSICA, LECTURA Y ESCRITURA ACAD\u00c9MICA Y T\u00c9CNICAS DE ESTUDIO. <strong>EL CURSO DE INGRESO TENDR\u00c1 EVALUACI\u00d3N FINAL.<\/strong><\/p>\n\n\n\n<ul>\n<li><strong>FECHAS: Desde el 04\/03\/24 hasta el 19\/03\/24.<\/strong><\/li>\n<\/ul>\n\n\n\n<p><\/p>\n\n\n\n<p class=\"has-text-color has-medium-font-size\" style=\"color:#499dc1\"><strong>6\u00b0 ETAPA: MATRICULACI\u00d3N&nbsp;E INSCRIPCI\u00d3N&nbsp;CON LOS REQUISITOS A UNIDADES CURRICULARES<\/strong><\/p>\n\n\n\n<p><strong>LOS INTEGRANTES QUE CUMPLIMENTEN CON LOS REQUISITOS DE INGRESO Y ASISTENCIA AL CURSO DE INGRESO PODR\u00c1N MATRICULARSE Y FORMALIZAR LA INSCRIPCI\u00d3N EN LAS FECHAS ESTABLECIDAS POR LA INSTITUCI\u00d3N.<\/strong><\/p>\n\n\n\n<div style=\"height:100px\" aria-hidden=\"true\" class=\"wp-block-spacer\"><\/div>\n\n\n\n<p><\/p>\n","protected":false},"excerpt":{"rendered":"<p>Te contamos las diferentes instancias para comenzar a estudiar en nuestro Instituto. 1\u00b0 ETAPA: PRE-INSCRIPCI\u00d3N &#8211; SIU GUARAN\u00cd LA PRE-INSCRIPCI\u00d3N- SE HABILITAR\u00c1 A TRAV\u00c9S DEL SISTEMA SIU GUARAN\u00cd EN LA FECHA ESTABLECIDA POR LA INSTITUCI\u00d3N , HASTA COMPLETAR LAS VACANTES. LOS POSTULANTES DEBER\u00c1N INGRESAR AL SIGUIENTE LINK: guaran\u00ed.catamarca.edu.ar:8080\/preinscripci\u00f3n\/ies. LUEGO DE COMPLETAR EL FORMULARIO DE PRE-INSCRIPCI\u00d3N &#8230; <a title=\"Ingresantes\" class=\"read-more\" href=\"https:\/\/ispef-cat.infd.edu.ar\/sitio\/ingreso-2023\/\" aria-label=\"More on Ingresantes\">[+]<\/a><\/p>\n","protected":false},"author":54,"featured_media":0,"parent":0,"menu_order":0,"comment_status":"closed","ping_status":"closed","template":"","meta":[],"acf":[],"_links":{"self":[{"href":"https:\/\/ispef-cat.infd.edu.ar\/sitio\/wp-json\/wp\/v2\/pages\/2575"}],"collection":[{"href":"https:\/\/ispef-cat.infd.edu.ar\/sitio\/wp-json\/wp\/v2\/pages"}],"about":[{"href":"https:\/\/ispef-cat.infd.edu.ar\/sitio\/wp-json\/wp\/v2\/types\/page"}],"author":[{"embeddable":true,"href":"https:\/\/ispef-cat.infd.edu.ar\/sitio\/wp-json\/wp\/v2\/users\/54"}],"replies":[{"embeddable":true,"href":"https:\/\/ispef-cat.infd.edu.ar\/sitio\/wp-json\/wp\/v2\/comments?post=2575"}],"version-history":[{"count":20,"href":"https:\/\/ispef-cat.infd.edu.ar\/sitio\/wp-json\/wp\/v2\/pages\/2575\/revisions"}],"predecessor-version":[{"id":4926,"href":"https:\/\/ispef-cat.infd.edu.ar\/sitio\/wp-json\/wp\/v2\/pages\/2575\/revisions\/4926"}],"wp:attachment":[{"href":"https:\/\/ispef-cat.infd.edu.ar\/sitio\/wp-json\/wp\/v2\/media?parent=2575"}],"curies":[{"name":"wp","href":"https:\/\/api.w.org\/{rel}","templated":true}]}}