{"id":2914,"date":"2022-03-31T11:31:05","date_gmt":"2022-03-31T14:31:05","guid":{"rendered":"https:\/\/ispef-cat.infd.edu.ar\/sitio\/?page_id=2914"},"modified":"2022-04-01T11:24:48","modified_gmt":"2022-04-01T14:24:48","slug":"programa-de-catedra-plan-117-2020","status":"publish","type":"page","link":"https:\/\/ispef-cat.infd.edu.ar\/sitio\/programa-de-catedra-plan-117-2020\/","title":{"rendered":"PROGRAMA DE CATEDRA &#8211; Plan 117 &#8211; 2020"},"content":{"rendered":"\n<figure class=\"wp-block-image size-large\"><a href=\"https:\/\/ispef-cat.infd.edu.ar\/sitio\/\"><img decoding=\"async\" loading=\"lazy\" width=\"1640\" height=\"300\" src=\"https:\/\/ispef-cat.infd.edu.ar\/sitio\/wp-content\/uploads\/2022\/03\/Instituto-Superior-de-Efucacion-Fisica-1640-\u00d7-300-px-3-2.png\" alt=\"\" class=\"wp-image-2568\" srcset=\"https:\/\/ispef-cat.infd.edu.ar\/sitio\/wp-content\/uploads\/2022\/03\/Instituto-Superior-de-Efucacion-Fisica-1640-\u00d7-300-px-3-2.png 1640w, https:\/\/ispef-cat.infd.edu.ar\/sitio\/wp-content\/uploads\/2022\/03\/Instituto-Superior-de-Efucacion-Fisica-1640-\u00d7-300-px-3-2-1000x183.png 1000w, https:\/\/ispef-cat.infd.edu.ar\/sitio\/wp-content\/uploads\/2022\/03\/Instituto-Superior-de-Efucacion-Fisica-1640-\u00d7-300-px-3-2-768x140.png 768w, https:\/\/ispef-cat.infd.edu.ar\/sitio\/wp-content\/uploads\/2022\/03\/Instituto-Superior-de-Efucacion-Fisica-1640-\u00d7-300-px-3-2-1536x281.png 1536w\" sizes=\"(max-width: 1640px) 100vw, 1640px\" \/><\/a><\/figure>\n\n\n\n<p><\/p>\n\n\n\n<div class=\"wp-block-columns is-layout-flex wp-container-3\">\n<div class=\"wp-block-column is-layout-flow\" style=\"flex-basis:33.33%\">\n<figure class=\"wp-block-image size-large\"><img decoding=\"async\" loading=\"lazy\" width=\"546\" height=\"300\" src=\"https:\/\/ispef-cat.infd.edu.ar\/sitio\/wp-content\/uploads\/2022\/03\/ano-4-2.png\" alt=\"\" class=\"wp-image-2740\"\/><\/figure>\n<\/div>\n\n\n\n<div class=\"wp-block-column is-layout-flow\" style=\"flex-basis:66.66%\">\n<ul><li><a href=\"https:\/\/ispef-cat.infd.edu.ar\/sitio\/wp-content\/uploads\/2020\/10\/Anatom\u00eda-Funcional.pdf\">Anatom\u00eda Funcional<\/a><\/li><li><a href=\"https:\/\/ispef-cat.infd.edu.ar\/sitio\/wp-content\/uploads\/2020\/10\/Atletismo-I.pdf\">Atletismo I<\/a><\/li><li><a href=\"https:\/\/ispef-cat.infd.edu.ar\/sitio\/wp-content\/uploads\/2020\/10\/Did\u00e1ctica-General.pdf\">Did\u00e1ctica General<\/a><\/li><li><a href=\"https:\/\/ispef-cat.infd.edu.ar\/sitio\/wp-content\/uploads\/2020\/11\/Gesti\u00f3n-y-Planificaci\u00f3n-Educativa-1\u00b0-A-B-C-D.docx\">Gesti\u00f3n y Planificaci\u00f3n Educativa &#8211; 1\u00b0 A -B &#8211; C- D<\/a><\/li><li><a href=\"https:\/\/ispef-cat.infd.edu.ar\/sitio\/wp-content\/uploads\/2020\/10\/Lectura-y-Escritura-Acad\u00e9mica.pdf\">Lectura y Escritura Acad\u00e9mica<\/a><\/li><li><a href=\"https:\/\/ispef-cat.infd.edu.ar\/sitio\/wp-content\/uploads\/2020\/10\/Pedagog\u00eda.pdf\">Pedagog\u00eda<\/a><\/li><li><a href=\"https:\/\/ispef-cat.infd.edu.ar\/sitio\/wp-content\/uploads\/2020\/10\/PSICOLOG\u00cdA-EDUCACIONAL.pdf\">PSICOLOG\u00cdA EDUCACIONAL<\/a><\/li><li><a href=\"https:\/\/ispef-cat.infd.edu.ar\/sitio\/wp-content\/uploads\/2020\/10\/Sujeto-de-la-Educaci\u00f3n-I.pdf\">Sujeto de la Educaci\u00f3n I<\/a><\/li><li><a href=\"https:\/\/ispef-cat.infd.edu.ar\/sitio\/wp-content\/uploads\/2021\/03\/JUEGO-Y-RECREACION-1\u00b0-A-B-C-y-D-.pdf\">JUEGO Y RECREACION &#8211; 1\u00b0 A, B, C y D &#8211;<\/a><\/li><li><a href=\"https:\/\/ispef-cat.infd.edu.ar\/sitio\/wp-content\/uploads\/2021\/03\/Juego-y-Recreaci\u00f3n-1\u00b0-E.pdf\">Juego y Recreaci\u00f3n &#8211; 1\u00b0 E<\/a><\/li><li><a href=\"https:\/\/ispef-cat.infd.edu.ar\/sitio\/wp-content\/uploads\/2021\/03\/PROGRAMA-DIDACTICA-GRAL-1ro-B-y-D.pdf\">PROGRAMA DIDACTICA GRAL 1ro B y D<\/a><\/li><li><a href=\"https:\/\/ispef-cat.infd.edu.ar\/sitio\/wp-content\/uploads\/2021\/03\/Gimnasia-I.pdf\">Gimnasia I<\/a><\/li><\/ul>\n<\/div>\n<\/div>\n\n\n\n<hr class=\"wp-block-separator has-text-color has-background has-vivid-cyan-blue-background-color has-vivid-cyan-blue-color is-style-wide\"\/>\n\n\n\n<div class=\"wp-block-columns is-layout-flex wp-container-6\">\n<div class=\"wp-block-column is-layout-flow\" style=\"flex-basis:33.33%\">\n<figure class=\"wp-block-image size-large\"><img decoding=\"async\" loading=\"lazy\" width=\"546\" height=\"300\" src=\"https:\/\/ispef-cat.infd.edu.ar\/sitio\/wp-content\/uploads\/2022\/03\/ano-5-2.png\" alt=\"\" class=\"wp-image-2741\"\/><\/figure>\n<\/div>\n\n\n\n<div class=\"wp-block-column is-layout-flow\" style=\"flex-basis:66.66%\">\n<ul><li><a href=\"https:\/\/ispef-cat.infd.edu.ar\/sitio\/wp-content\/uploads\/2020\/10\/Atletismo-T.-M..pdf\">Atletismo (T. M.)<\/a><\/li><li><a href=\"https:\/\/ispef-cat.infd.edu.ar\/sitio\/wp-content\/uploads\/2020\/10\/Atletismo-II-T.-T..pdf\">Atletismo II (T. T.)<\/a><\/li><li><a href=\"https:\/\/ispef-cat.infd.edu.ar\/sitio\/wp-content\/uploads\/2020\/10\/BIOMECANICA.pdf\">BIOMECANICA<\/a><\/li><li><a href=\"https:\/\/ispef-cat.infd.edu.ar\/sitio\/wp-content\/uploads\/2020\/10\/DIDACTICA-ESPECIAL-1-N-INICIAL-Y-N-PRIMARIO.pdf\">DIDACTICA ESPECIAL 1 N INICIAL Y N PRIMARIO<\/a><\/li><li><a href=\"https:\/\/ispef-cat.infd.edu.ar\/sitio\/wp-content\/uploads\/2020\/10\/FISIOLOGIA.pdf\">FISIOLOGIA<\/a><\/li><li><a href=\"https:\/\/ispef-cat.infd.edu.ar\/sitio\/wp-content\/uploads\/2020\/10\/Historia-Politica-de-la-Eudcacipon-Argentina-2\u00b0-A-y-B.pdf\">Historia Politica de la Eudcacipon Argentina &#8211; 2\u00b0 A y B<\/a><\/li><li><a href=\"https:\/\/ispef-cat.infd.edu.ar\/sitio\/wp-content\/uploads\/2020\/10\/Sociolog\u00eda-de-la-Educaci\u00f3n-2\u00b0-A-y-B.pdf\">Sociolog\u00eda de la Educaci\u00f3n &#8211; 2\u00b0 A y B<\/a><\/li><li><a href=\"https:\/\/ispef-cat.infd.edu.ar\/sitio\/wp-content\/uploads\/2020\/10\/Sociolog\u00eda-de-la-Educaci\u00f3n-Ajustes-por-Pandemia.pdf\">Sociolog\u00eda de la Educaci\u00f3n &#8211; Ajustes por Pandemia<\/a><\/li><li><a href=\"https:\/\/ispef-cat.infd.edu.ar\/sitio\/wp-content\/uploads\/2020\/10\/Sociolog\u00eda-de-la-Educaci\u00f3n.pdf\">Sociolog\u00eda de la Educaci\u00f3n<\/a><\/li><li><a href=\"https:\/\/ispef-cat.infd.edu.ar\/sitio\/wp-content\/uploads\/2021\/02\/PROGRAMA_DIDACTICA1_SALAS_2020.pdf\">PROGRAMA_DIDACTICA1_SALAS_2020<\/a><\/li><li><a href=\"https:\/\/ispef-cat.infd.edu.ar\/sitio\/wp-content\/uploads\/2021\/03\/Gimnasia-II.pdf\">Gimnasia II<\/a><\/li><li><a href=\"https:\/\/ispef-cat.infd.edu.ar\/sitio\/wp-content\/uploads\/2021\/03\/B\u00e1squetbol.pdf\">B\u00e1squetbol<\/a><\/li><li><a href=\"https:\/\/ispef-cat.infd.edu.ar\/sitio\/wp-content\/uploads\/2021\/03\/Practica-II-2\u00b0-A-B-y-C.pdf\">Practica II &#8211; 2\u00b0 A, B y C<\/a><\/li><\/ul>\n<\/div>\n<\/div>\n\n\n\n<hr class=\"wp-block-separator has-text-color has-background has-vivid-cyan-blue-background-color has-vivid-cyan-blue-color is-style-wide\"\/>\n\n\n\n<div class=\"wp-block-columns is-layout-flex wp-container-9\">\n<div class=\"wp-block-column is-layout-flow\" style=\"flex-basis:33.33%\">\n<figure class=\"wp-block-image size-large\"><img decoding=\"async\" loading=\"lazy\" width=\"546\" height=\"300\" src=\"https:\/\/ispef-cat.infd.edu.ar\/sitio\/wp-content\/uploads\/2022\/03\/ano-6.png\" alt=\"\" class=\"wp-image-2742\"\/><\/figure>\n<\/div>\n\n\n\n<div class=\"wp-block-column is-layout-flow\" style=\"flex-basis:66.66%\">\n<ul><li><a href=\"https:\/\/ispef-cat.infd.edu.ar\/sitio\/wp-content\/uploads\/2020\/10\/Didactica-N.-Secundario-y-Ambitos-no-formales.pdf\">Didactica N. Secundario y Ambitos no formales<\/a><\/li><li><a href=\"https:\/\/ispef-cat.infd.edu.ar\/sitio\/wp-content\/uploads\/2020\/10\/HANDBALL.pdf\">HANDBALL<\/a><\/li><li><a href=\"https:\/\/ispef-cat.infd.edu.ar\/sitio\/wp-content\/uploads\/2020\/10\/Nataci\u00f3n.pdf\">Nataci\u00f3n<\/a><\/li><li><a href=\"https:\/\/ispef-cat.infd.edu.ar\/sitio\/wp-content\/uploads\/2020\/10\/Practica-Docente.pdf\">Practica Docente<\/a><\/li><li><a href=\"https:\/\/ispef-cat.infd.edu.ar\/sitio\/wp-content\/uploads\/2020\/10\/TEORIA-y-EPISTEMOLOGIA-DE-LA-EDUCACI\u00d3N-F\u00cdSICA.pdf\">TEORIA y EPISTEMOLOGIA DE LA EDUCACI\u00d3N F\u00cdSICA<\/a><\/li><li><a href=\"https:\/\/ispef-cat.infd.edu.ar\/sitio\/wp-content\/uploads\/2020\/10\/Vida-en-la-Naturaleza.pdf\">Vida en la Naturaleza<\/a><\/li><li><a href=\"https:\/\/ispef-cat.infd.edu.ar\/sitio\/wp-content\/uploads\/2020\/10\/VOLEIBOL.pdf\">VOLEIBOL<\/a><\/li><li><a href=\"https:\/\/ispef-cat.infd.edu.ar\/sitio\/wp-content\/uploads\/2021\/02\/DIDACTICA_II_SALAS_2020.pdf\">DIDACTICA_II_SALAS_2020<\/a><\/li><li><a href=\"https:\/\/ispef-cat.infd.edu.ar\/sitio\/wp-content\/uploads\/2021\/03\/Gimnasia-III.pdf\">Gimnasia III<\/a><\/li><li><a href=\"https:\/\/ispef-cat.infd.edu.ar\/sitio\/wp-content\/uploads\/2021\/03\/TEORIA-Y-EPISTEMOLOG\u00cdA-DE-LA-EDUCACI\u00d3N-F\u00cdSICA-3\u00b0-A-y-C-.pdf\">TEORIA Y EPISTEMOLOG\u00cdA DE LA EDUCACI\u00d3N F\u00cdSICA -3\u00b0 A y C &#8211;<\/a><\/li><li><a href=\"https:\/\/ispef-cat.infd.edu.ar\/sitio\/wp-content\/uploads\/2021\/03\/VOLEIBOL-3\u00b0-A-B-y-C.pdf\">VOLEIBOL 3\u00b0 A, B y C<\/a><\/li><li><a href=\"https:\/\/ispef-cat.infd.edu.ar\/sitio\/wp-content\/uploads\/2021\/03\/TEORIA-Y-EPISTEMOLOG\u00cdA-DE-LA-EDUCACI\u00d3N-F\u00cdSICA-3\u00b0-A-y-C-.pdf\">TEORIA Y EPISTEMOLOG\u00cdA DE LA EDUCACI\u00d3N F\u00cdSICA -3\u00b0 A y C &#8211;<\/a><\/li><\/ul>\n<\/div>\n<\/div>\n\n\n\n<hr class=\"wp-block-separator has-text-color has-background has-vivid-cyan-blue-background-color has-vivid-cyan-blue-color is-style-wide\"\/>\n\n\n\n<div class=\"wp-block-columns is-layout-flex wp-container-12\">\n<div class=\"wp-block-column is-layout-flow\" style=\"flex-basis:33.33%\">\n<figure class=\"wp-block-image size-large\"><img decoding=\"async\" loading=\"lazy\" width=\"546\" height=\"300\" src=\"https:\/\/ispef-cat.infd.edu.ar\/sitio\/wp-content\/uploads\/2022\/03\/ano-7.png\" alt=\"\" class=\"wp-image-2743\"\/><\/figure>\n<\/div>\n\n\n\n<div class=\"wp-block-column is-layout-flow\" style=\"flex-basis:66.66%\">\n<ul><li><a href=\"https:\/\/ispef-cat.infd.edu.ar\/sitio\/wp-content\/uploads\/2020\/10\/Educaci\u00f3n-F\u00edsica-para-la-Educaci\u00f3n-Especial.pdf\">Educaci\u00f3n F\u00edsica para la Educaci\u00f3n Especial<\/a><\/li><li><a href=\"https:\/\/ispef-cat.infd.edu.ar\/sitio\/wp-content\/uploads\/2020\/10\/Etica-y-Construccion-Cuidadana.pdf\">Etica y Construccion Cuidadana<\/a><\/li><li><a href=\"https:\/\/ispef-cat.infd.edu.ar\/sitio\/wp-content\/uploads\/2020\/10\/F\u00fatbol.pdf\">F\u00fatbol<\/a><\/li><li><a href=\"https:\/\/ispef-cat.infd.edu.ar\/sitio\/wp-content\/uploads\/2020\/10\/Practica-y-Residencia.pdf\">Practica y Residencia<\/a><\/li><li><a href=\"https:\/\/ispef-cat.infd.edu.ar\/sitio\/wp-content\/uploads\/2020\/10\/Problemas-Educativos-del-Mundo-Contempor\u00e1neo.pdf\">Problemas Educativos del Mundo Contempor\u00e1neo<\/a><\/li><li><a href=\"https:\/\/ispef-cat.infd.edu.ar\/sitio\/wp-content\/uploads\/2021\/03\/PROGRAMA-HOCKEY-2020-Prof.-A.-Diaz-isef.pdf\">PROGRAMA HOCKEY 2020 Prof. A. Diaz isef<\/a><\/li><li><a href=\"https:\/\/ispef-cat.infd.edu.ar\/sitio\/wp-content\/uploads\/2021\/03\/Educaci\u00f3n-Fisica-Adaptada.pdf\">Educaci\u00f3n Fisica Adaptada<\/a><\/li><li><a href=\"https:\/\/ispef-cat.infd.edu.ar\/sitio\/wp-content\/uploads\/2021\/03\/Antropolog\u00eda-y-Sociolog\u00eda-del-Cuerpo.pdf\">Antropolog\u00eda y Sociolog\u00eda del Cuerpo<\/a><\/li><\/ul>\n<\/div>\n<\/div>\n\n\n\n<p><\/p>\n","protected":false},"excerpt":{"rendered":"<p>Anatom\u00eda Funcional Atletismo I Did\u00e1ctica General Gesti\u00f3n y Planificaci\u00f3n Educativa &#8211; 1\u00b0 A -B &#8211; C- D Lectura y Escritura Acad\u00e9mica Pedagog\u00eda PSICOLOG\u00cdA EDUCACIONAL Sujeto de la Educaci\u00f3n I JUEGO Y RECREACION &#8211; 1\u00b0 A, B, C y D &#8211; Juego y Recreaci\u00f3n &#8211; 1\u00b0 E PROGRAMA DIDACTICA GRAL 1ro B y D Gimnasia I &#8230; <a title=\"PROGRAMA DE CATEDRA &#8211; Plan 117 &#8211; 2020\" class=\"read-more\" href=\"https:\/\/ispef-cat.infd.edu.ar\/sitio\/programa-de-catedra-plan-117-2020\/\" aria-label=\"More on PROGRAMA DE CATEDRA &#8211; Plan 117 &#8211; 2020\">[+]<\/a><\/p>\n","protected":false},"author":5583,"featured_media":0,"parent":0,"menu_order":0,"comment_status":"closed","ping_status":"closed","template":"","meta":[],"acf":[],"_links":{"self":[{"href":"https:\/\/ispef-cat.infd.edu.ar\/sitio\/wp-json\/wp\/v2\/pages\/2914"}],"collection":[{"href":"https:\/\/ispef-cat.infd.edu.ar\/sitio\/wp-json\/wp\/v2\/pages"}],"about":[{"href":"https:\/\/ispef-cat.infd.edu.ar\/sitio\/wp-json\/wp\/v2\/types\/page"}],"author":[{"embeddable":true,"href":"https:\/\/ispef-cat.infd.edu.ar\/sitio\/wp-json\/wp\/v2\/users\/5583"}],"replies":[{"embeddable":true,"href":"https:\/\/ispef-cat.infd.edu.ar\/sitio\/wp-json\/wp\/v2\/comments?post=2914"}],"version-history":[{"count":3,"href":"https:\/\/ispef-cat.infd.edu.ar\/sitio\/wp-json\/wp\/v2\/pages\/2914\/revisions"}],"predecessor-version":[{"id":2985,"href":"https:\/\/ispef-cat.infd.edu.ar\/sitio\/wp-json\/wp\/v2\/pages\/2914\/revisions\/2985"}],"wp:attachment":[{"href":"https:\/\/ispef-cat.infd.edu.ar\/sitio\/wp-json\/wp\/v2\/media?parent=2914"}],"curies":[{"name":"wp","href":"https:\/\/api.w.org\/{rel}","templated":true}]}}