{"id":2997,"date":"2022-04-01T11:43:50","date_gmt":"2022-04-01T14:43:50","guid":{"rendered":"https:\/\/ispef-cat.infd.edu.ar\/sitio\/?page_id=2997"},"modified":"2022-04-01T11:45:37","modified_gmt":"2022-04-01T14:45:37","slug":"espacios-curriculares-plan-117-ano-2021","status":"publish","type":"page","link":"https:\/\/ispef-cat.infd.edu.ar\/sitio\/espacios-curriculares-plan-117-ano-2021\/","title":{"rendered":"Espacios curriculares-plan 117-a\u00f1o 2021"},"content":{"rendered":"\n<figure class=\"wp-block-image size-large\"><img decoding=\"async\" loading=\"lazy\" width=\"1640\" height=\"300\" src=\"https:\/\/ispef-cat.infd.edu.ar\/sitio\/wp-content\/uploads\/2022\/03\/Instituto-Superior-de-Efucacion-Fisica-1640-\u00d7-300-px-1.png\" alt=\"\" class=\"wp-image-2757\" srcset=\"https:\/\/ispef-cat.infd.edu.ar\/sitio\/wp-content\/uploads\/2022\/03\/Instituto-Superior-de-Efucacion-Fisica-1640-\u00d7-300-px-1.png 1640w, https:\/\/ispef-cat.infd.edu.ar\/sitio\/wp-content\/uploads\/2022\/03\/Instituto-Superior-de-Efucacion-Fisica-1640-\u00d7-300-px-1-1000x183.png 1000w, https:\/\/ispef-cat.infd.edu.ar\/sitio\/wp-content\/uploads\/2022\/03\/Instituto-Superior-de-Efucacion-Fisica-1640-\u00d7-300-px-1-768x140.png 768w, https:\/\/ispef-cat.infd.edu.ar\/sitio\/wp-content\/uploads\/2022\/03\/Instituto-Superior-de-Efucacion-Fisica-1640-\u00d7-300-px-1-1536x281.png 1536w\" sizes=\"(max-width: 1640px) 100vw, 1640px\" \/><\/figure>\n\n\n\n<div class=\"wp-block-cover has-background-dim\" style=\"min-height:330px\"><img decoding=\"async\" loading=\"lazy\" width=\"675\" height=\"450\" class=\"wp-block-cover__image-background wp-image-2864\" alt=\"\" src=\"https:\/\/ispef-cat.infd.edu.ar\/sitio\/wp-content\/uploads\/2022\/03\/5.jpg\" style=\"object-position:51% 66%\" data-object-fit=\"cover\" data-object-position=\"51% 66%\"\/><div class=\"wp-block-cover__inner-container\">\n<p class=\"has-text-align-left has-large-font-size\">Espacios Curriculares<br>A\u00f1o 2021 &#8211; Plan 117<\/p>\n<\/div><\/div>\n\n\n\n<div class=\"wp-block-columns is-layout-flex wp-container-3\">\n<div class=\"wp-block-column is-layout-flow\" style=\"flex-basis:33.33%\">\n<figure class=\"wp-block-image size-large\"><img decoding=\"async\" loading=\"lazy\" width=\"546\" height=\"300\" src=\"https:\/\/ispef-cat.infd.edu.ar\/sitio\/wp-content\/uploads\/2022\/03\/ano-4-2.png\" alt=\"\" class=\"wp-image-2740\"\/><\/figure>\n<\/div>\n\n\n\n<div class=\"wp-block-column is-layout-flow\" style=\"flex-basis:66.66%\">\n<ul><li><a href=\"https:\/\/ispef-cat.infd.edu.ar\/sitio\/wp-content\/uploads\/2021\/06\/DIDACTICA-GENERAL-1ro-B-y-D.pdf\"><\/a><a href=\"https:\/\/ispef-cat.infd.edu.ar\/sitio\/wp-content\/uploads\/2021\/06\/DIDACTICA-GENERAL-1ro-B-y-D.pdf\">DIDACTICA GENERAL 1ro B y D<\/a><\/li><li><a href=\"https:\/\/ispef-cat.infd.edu.ar\/sitio\/wp-content\/uploads\/2021\/06\/DIDACTICA-GENERAL-1ro-B-y-D.pdf\"><\/a><a href=\"https:\/\/ispef-cat.infd.edu.ar\/sitio\/wp-content\/uploads\/2021\/06\/GIMNASIA-I-1\u00b0-A-B-C-D-y-E.docx\">GIMNASIA I &#8211; 1\u00b0 A, B, C, D y E<\/a><\/li><li><a href=\"https:\/\/ispef-cat.infd.edu.ar\/sitio\/wp-content\/uploads\/2021\/06\/DIDACTICA-GENERAL-1ro-B-y-D.pdf\"><\/a><a href=\"https:\/\/ispef-cat.infd.edu.ar\/sitio\/wp-content\/uploads\/2021\/06\/JUEGO-Y-RECREACI\u00d3N-1\u00b0-E-.docx\">JUEGO Y RECREACI\u00d3N &#8211; 1\u00b0 E &#8211;<\/a><\/li><li><a href=\"https:\/\/ispef-cat.infd.edu.ar\/sitio\/wp-content\/uploads\/2021\/06\/DIDACTICA-GENERAL-1ro-B-y-D.pdf\"><\/a><a href=\"https:\/\/ispef-cat.infd.edu.ar\/sitio\/wp-content\/uploads\/2021\/06\/Anatom\u00eda-Funcional-1\u00b0-A-B-C-D-y-E.pdf\">ANATOMIA FUNCIONAL &#8211;&nbsp; A, B, C, D y E<\/a><\/li><li><a href=\"https:\/\/ispef-cat.infd.edu.ar\/sitio\/wp-content\/uploads\/2021\/06\/DIDACTICA-GENERAL-1ro-B-y-D.pdf\"><\/a><a href=\"https:\/\/ispef-cat.infd.edu.ar\/sitio\/wp-content\/uploads\/2021\/06\/Sujeto-de-la-Educaci\u00f3n-I-1\u00b0-E-Prof.-L-Reyes.docx\">SUJETO DE LA EDUCACION I &#8211; E<\/a><\/li><li><a href=\"https:\/\/ispef-cat.infd.edu.ar\/sitio\/wp-content\/uploads\/2021\/06\/DIDACTICA-GENERAL-1ro-B-y-D.pdf\"><\/a><a href=\"https:\/\/ispef-cat.infd.edu.ar\/sitio\/wp-content\/uploads\/2021\/06\/Sujeto-de-la-Educaci\u00f3n-I-1\u00b0-D-1.docx\">SUJETO DE LA EDUCACION I &#8211; 1\u00b0 D<\/a><\/li><li><a href=\"https:\/\/ispef-cat.infd.edu.ar\/sitio\/wp-content\/uploads\/2021\/06\/DIDACTICA-GENERAL-1ro-B-y-D.pdf\"><\/a><a href=\"https:\/\/ispef-cat.infd.edu.ar\/sitio\/wp-content\/uploads\/2021\/06\/Pedagog\u00eda-1.doc\">Pedagog\u00eda (1)<\/a><\/li><li><a href=\"https:\/\/ispef-cat.infd.edu.ar\/sitio\/wp-content\/uploads\/2021\/06\/DIDACTICA-GENERAL-1ro-B-y-D.pdf\"><\/a><a href=\"https:\/\/ispef-cat.infd.edu.ar\/sitio\/wp-content\/uploads\/2021\/06\/Did\u00e1ctica-General-1\u00b0-C-y-E-Prof.-L.-Reyes.docx\">Did\u00e1ctica General &#8211; 1\u00b0 C y E &#8211; Prof. L. Reyes<\/a><\/li><li><a href=\"https:\/\/ispef-cat.infd.edu.ar\/sitio\/wp-content\/uploads\/2021\/06\/DIDACTICA-GENERAL-1ro-B-y-D.pdf\"><\/a><a href=\"https:\/\/ispef-cat.infd.edu.ar\/sitio\/wp-content\/uploads\/2021\/06\/Escuela-y-Comunidad-1\u00b0-C-y-E-Prof.-L-Reyes.docx\">Escuela y Comunidad &#8211; 1\u00b0 C y E &#8211; Prof. L Reyes<\/a><\/li><li><a href=\"https:\/\/ispef-cat.infd.edu.ar\/sitio\/wp-content\/uploads\/2021\/06\/DIDACTICA-GENERAL-1ro-B-y-D.pdf\"><\/a><a href=\"https:\/\/ispef-cat.infd.edu.ar\/sitio\/wp-content\/uploads\/2021\/06\/Escuela-y-Comunidad-Pr\u00e1cticvaI-1\u00b0-D-P.-C\u00f3rdoba.docx\">Escuela y Comunidad &#8211; Pr\u00e1cticvaI &#8211; 1\u00b0 D &#8211; P. C\u00f3rdoba<\/a><\/li><li><a href=\"https:\/\/ispef-cat.infd.edu.ar\/sitio\/wp-content\/uploads\/2021\/06\/DIDACTICA-GENERAL-1ro-B-y-D.pdf\"><\/a><a href=\"https:\/\/ispef-cat.infd.edu.ar\/sitio\/wp-content\/uploads\/2021\/06\/LECTURA-Y-ESCRITURA-ACD\u00c9MICA-1.pdf\">LECTURA Y ESCRITURA ACD\u00c9MICA (1)<\/a><\/li><li><a href=\"https:\/\/ispef-cat.infd.edu.ar\/sitio\/wp-content\/uploads\/2021\/06\/DIDACTICA-GENERAL-1ro-B-y-D.pdf\"><\/a><a href=\"https:\/\/ispef-cat.infd.edu.ar\/sitio\/wp-content\/uploads\/2021\/09\/GESTION-Y-PLANIFICACION-EDUCATIVA.pdf\">Gesti\u00f3n y Planificaci\u00f3n Educativa<\/a><\/li><li><a href=\"https:\/\/ispef-cat.infd.edu.ar\/sitio\/wp-content\/uploads\/2021\/11\/PSICOLOGIA-EDUCACIONAL-SOSA-REINOSO-1\u00b0-A-Y-C.docx\">Psicolog\u00eda Educacional-Sosa Reinoso- 1\u00b0 A y C<\/a><\/li><li><a href=\"https:\/\/ispef-cat.infd.edu.ar\/sitio\/wp-content\/uploads\/2021\/11\/PSICOLOGIA-EDUCACIONAL-2021-PROF.-GARCIA.doc\">Psicolog\u00eda Educacional 2021- Prof Garc\u00eda<\/a><\/li><li><a href=\"https:\/\/ispef-cat.infd.edu.ar\/sitio\/wp-content\/uploads\/2021\/11\/GESTION-Y-PLANIFICACION-EDUCATIVA-.-1\u00b0-C-GOMEZ.pdf\">Gesti\u00f3n y Planificaci\u00f3n Educativa- Gomez-1\u00b0C<\/a><\/li><li><a href=\"https:\/\/ispef-cat.infd.edu.ar\/sitio\/wp-content\/uploads\/2021\/11\/ATLETISMO-I.-GALETTI.SILVA_.REINOSO-1.docx\">ATLETISMO I-GALETTI SILVA REINOSO-1<\/a><\/li><li><a href=\"http:\/\/PRACTICA-I.-1\u00b0-A-y-B-CANO-E\">PRACTICA I-1\u00b0A y B-CANO-E<\/a><\/li><li><a href=\"https:\/\/ispef-cat.infd.edu.ar\/sitio\/wp-content\/uploads\/2021\/11\/SUJETO-DE-LA-EDUCACION-I-1\u00b0-A-B-Y-D-ARGANARAZ-FAGONDE.docx\"> SUJETO DE LA EDUCACION I-1\u00b0A, B y D-ARGANARAZ-FAGONDE<\/a><\/li><li><a href=\"https:\/\/ispef-cat.infd.edu.ar\/sitio\/wp-content\/uploads\/2021\/11\/SUJETO-DE-LA-EDUCACION-I-1\u00b0-C-QUIROGA-T..pdf\">SUJETO DE LA EDUCACION I-1\u00b0 C-QUIROGA-T<\/a><\/li><\/ul>\n<\/div>\n<\/div>\n\n\n\n<hr class=\"wp-block-separator has-text-color has-background has-vivid-cyan-blue-background-color has-vivid-cyan-blue-color is-style-wide\"\/>\n\n\n\n<div class=\"wp-block-columns is-layout-flex wp-container-6\">\n<div class=\"wp-block-column is-layout-flow\" style=\"flex-basis:33.33%\">\n<figure class=\"wp-block-image size-large\"><img decoding=\"async\" loading=\"lazy\" width=\"546\" height=\"300\" src=\"https:\/\/ispef-cat.infd.edu.ar\/sitio\/wp-content\/uploads\/2022\/03\/ano-5-2.png\" alt=\"\" class=\"wp-image-2741\"\/><\/figure>\n<\/div>\n\n\n\n<div class=\"wp-block-column is-layout-flow\" style=\"flex-basis:66.66%\">\n<ul><li><a href=\"https:\/\/ispef-cat.infd.edu.ar\/sitio\/wp-content\/uploads\/2021\/06\/Sociolog\u00eda-de-la-Educaci\u00f3n-2\u00b0-A-y-B.pdf\">Sociolog\u00eda de la Educaci\u00f3n &#8211; 2\u00b0 A y B<\/a><\/li><li><a href=\"https:\/\/ispef-cat.infd.edu.ar\/sitio\/wp-content\/uploads\/2021\/06\/BIOMECANICA-Lic.-P.-Cordero-y-Lic.-G-Arroyo-1.pdf\">BIOMECANICA &#8211; Lic. P. Cordero y Lic. G Arroyo<\/a><\/li><li><a href=\"https:\/\/ispef-cat.infd.edu.ar\/sitio\/wp-content\/uploads\/2021\/06\/Did\u00e1ctica-de-la-Educ.-F\u00edsica-I-Nivel-Inicial-y-Primario-Prof.-M.-Salas-Prof.-M.-Suarez-2\u00b0-ABC-1.docx\">Did\u00e1ctica de la Educ. F\u00edsica I Nivel Inicial y Primario &#8211; Prof. M. Salas &#8211; Prof. M. Suarez 2\u00b0 A,B,C<\/a><\/li><li><a href=\"https:\/\/ispef-cat.infd.edu.ar\/sitio\/wp-content\/uploads\/2021\/06\/FISIOLOGIA-1.pdf\">FISIOLOGIA<\/a><\/li><li><a href=\"https:\/\/ispef-cat.infd.edu.ar\/sitio\/wp-content\/uploads\/2021\/06\/Sociolog\u00eda-de-la-Educaci\u00f3n-2\u00b0-C-2-1.pdf\">Sociolog\u00eda de la Educaci\u00f3n &#8211; 2\u00b0 C<\/a><\/li><li><a href=\"https:\/\/ispef-cat.infd.edu.ar\/sitio\/wp-content\/uploads\/2021\/09\/HISTORIA-Y-POLITICA-DE-LA-EDUCACION-ARGENTINA.pdf\">HISTORIA Y POL\u00cdTICA DE LA EDUCACI\u00d3N-ARGENTINA<\/a><\/li><li><a href=\"https:\/\/ispef-cat.infd.edu.ar\/sitio\/wp-content\/uploads\/2021\/10\/Proyecto-Gimnasia-II-isef-2021.pdf\">Proyecto Gimnasia II isef 2021<\/a><\/li><li><a href=\"https:\/\/ispef-cat.infd.edu.ar\/sitio\/wp-content\/uploads\/2021\/11\/ATLETISMO-II-2\u00b0-A-Y-B-ROSALES.docx\">ATLETISMO II-2\u00b0A y B ROSALES<\/a><\/li><li><a href=\"https:\/\/ispef-cat.infd.edu.ar\/sitio\/wp-content\/uploads\/2021\/11\/Atletismo-II-2\u00b0-C-GALLETI.docx\">Atletismo II-2\u00b0C-GALLETI<\/a><\/li><li><a href=\"https:\/\/ispef-cat.infd.edu.ar\/sitio\/wp-content\/uploads\/2021\/11\/GIMNASIA-II-.-2\u00b0-AB-Y-C-ARAGON-MALAK.pdf\">GIMNASIA II-2\u00b0A,B y C-ARAGON-MALAK<\/a><\/li><li><a href=\"https:\/\/ispef-cat.infd.edu.ar\/sitio\/wp-content\/uploads\/2021\/11\/BASQUETBOL.-2\u00b0-A-B-Y-C-ARAGON-MALAK.pdf\">BASQUETBOLII-2\u00b0A,B y C-ARAGON-MALAK<\/a><\/li><li><a href=\"https:\/\/ispef-cat.infd.edu.ar\/sitio\/wp-content\/uploads\/2021\/11\/SUJETO-II-2\u00b0-A-y-B-HERRERA-V..pdf\">SUJETO II-2\u00b0-A y B-HERRERA-V.<\/a><\/li><li><a href=\"https:\/\/ispef-cat.infd.edu.ar\/sitio\/wp-content\/uploads\/2021\/11\/ESI.-2\u00b0-A-B-y-C-VILDOZA-N-1.docx\">ESI-2\u00b0A, B y C &#8211; VILDOZA-N-1<\/a><\/li><li><a href=\"https:\/\/ispef-cat.infd.edu.ar\/sitio\/wp-content\/uploads\/2021\/11\/SUJETO-DE-LA-EDUCACION-II-2\u00b0-C-QUIROGA-T..pdf\">SUJETO DE LA EDUCACION II-2\u00b0C-QUIROGA-T.<\/a><\/li><li><a href=\"https:\/\/ispef-cat.infd.edu.ar\/sitio\/wp-content\/uploads\/2021\/11\/Proyecto-basquetbol-isef-2021-1.pdf\">Proyecto basquetbol-isef 2021<\/a><\/li><li><a href=\"https:\/\/ispef-cat.infd.edu.ar\/sitio\/wp-content\/uploads\/2021\/11\/HISTORIA-Y-POLITICA-DE-LA-EDUCACION-ARGENTINA-2\u00b0-C-QUIROGA-T..pdf\">HISTORIA Y POLITICA DE LA EDUCACION ARGENTINA-2\u00b0C-QUIROGA-T<\/a><\/li><\/ul>\n\n\n\n<p><\/p>\n<\/div>\n<\/div>\n\n\n\n<hr class=\"wp-block-separator has-text-color has-background has-vivid-cyan-blue-background-color has-vivid-cyan-blue-color is-style-wide\"\/>\n\n\n\n<div class=\"wp-block-columns is-layout-flex wp-container-9\">\n<div class=\"wp-block-column is-layout-flow\" style=\"flex-basis:33.33%\">\n<figure class=\"wp-block-image size-large\"><img decoding=\"async\" loading=\"lazy\" width=\"546\" height=\"300\" src=\"https:\/\/ispef-cat.infd.edu.ar\/sitio\/wp-content\/uploads\/2022\/03\/ano-6.png\" alt=\"\" class=\"wp-image-2742\"\/><\/figure>\n<\/div>\n\n\n\n<div class=\"wp-block-column is-layout-flow\" style=\"flex-basis:66.66%\">\n<ul><li><a href=\"https:\/\/ispef-cat.infd.edu.ar\/sitio\/wp-content\/uploads\/2021\/07\/PRACTICA-DOCENTE-3\u00b0-A-B-C-.pdf\">PRACTICA DOCENTE 3\u00b0 A-B-C-<\/a><\/li><li><a href=\"https:\/\/ispef-cat.infd.edu.ar\/sitio\/wp-content\/uploads\/2021\/06\/TEORIA-de-la-EDUCACI\u00d3N-F\u00cdSICA-3\u00b0-A-y-C-Prof.-C.-Seco-Maza.docx\">TEORIA de la EDUCACI\u00d3N F\u00cdSICA &#8211; 3\u00b0 A y C &#8211; Prof. C. Seco Maza<\/a><\/li><li><a href=\"https:\/\/ispef-cat.infd.edu.ar\/sitio\/wp-content\/uploads\/2021\/06\/GIMNASIA-III-3\u00b0-A-B-y-C.docx\">GIMNASIA III &#8211; 3\u00b0 A, B y C<\/a><\/li><li><a href=\"https:\/\/ispef-cat.infd.edu.ar\/sitio\/wp-content\/uploads\/2021\/06\/Did\u00e1ctica-de-la-Educaci\u00f3n-F\u00edsica-II-Nivel-Secundario-y-Ambitos-no-Formales-3\u00b0B-Prof.-C.-Avalos-1.docx\">Did\u00e1ctica de la Educaci\u00f3n F\u00edsica II Nivel Secundario y Ambitos no Formales &#8211; 3\u00b0B &#8211; Prof. C. Avalos<\/a><\/li><li><a href=\"https:\/\/ispef-cat.infd.edu.ar\/sitio\/wp-content\/uploads\/2021\/06\/TEORIA-Y-EPISTEMOLOGIA-DE-LA-EDUCACION-FISICA-3\u00b0-B-1.docx\">TEORIA Y EPISTEMOLOGIA DE LA EDUCACION FISICA &#8211; 3\u00b0 B<\/a><\/li><li><a href=\"https:\/\/ispef-cat.infd.edu.ar\/sitio\/wp-content\/uploads\/2021\/06\/Vida-en-la-Naturaleza-1-1.doc\">Vida en la Naturaleza<\/a><\/li><li><a href=\"https:\/\/ispef-cat.infd.edu.ar\/sitio\/wp-content\/uploads\/2021\/09\/PRACTICA-3\u00b0-A-B-C-DIAZ-BRACAMONTE.pdf\">PRACTICA-3\u00b0-A-B-C-DIAZ-BRACAMONTE<\/a><\/li><li><a href=\"https:\/\/ispef-cat.infd.edu.ar\/sitio\/wp-content\/uploads\/2021\/10\/Proyecto-basquetbol-isef-2021.pdf\">Proyecto basquetbol isef 2021<\/a><\/li><li><a href=\"https:\/\/ispef-cat.infd.edu.ar\/sitio\/wp-content\/uploads\/2021\/11\/VOLEIBOL-ISEF-.-3\u00b0-AB-Y-C-OLIVERA.docx\">VOLEIBOL ISEF-3\u00b0 A, B y C-OLIVERA<\/a><\/li><li><a href=\"https:\/\/ispef-cat.infd.edu.ar\/sitio\/wp-content\/uploads\/2021\/11\/NATACION-3\u00b0-ANO-A-B-y-C-GERSHANI.docx\">NATACION A, B y C-GERSHANI<\/a><\/li><li><a href=\"https:\/\/ispef-cat.infd.edu.ar\/sitio\/wp-content\/uploads\/2021\/11\/HANDBALL-PROYECTO-COMPRIM.zip\">HANDBALL-PROYECTO<\/a><\/li><li><a href=\"https:\/\/ispef-cat.infd.edu.ar\/sitio\/wp-content\/uploads\/2021\/11\/FILOSOFIA-3\u00b0-A-B-y-C-MARCIAL-F..pdf\">FILOSOFIA-3\u00b0 A, B y C-MARCIAL-F<\/a><\/li><li><a href=\"https:\/\/ispef-cat.infd.edu.ar\/sitio\/wp-content\/uploads\/2021\/11\/TIC.-3\u00b0-A-B-Y-C-FUENBUENA.pdf\">TIC.-3\u00b0-A, ByC-FUENBUENA<\/a><\/li><li><a href=\"https:\/\/ispef-cat.infd.edu.ar\/sitio\/wp-content\/uploads\/2021\/11\/DIDACTICA-DE-LA-E-F-II-3\u00b0-A-y-C-SALAS.pdf\">DIDACTICA DE LA E.F. II-3\u00b0 A y C-SALAS<\/a><\/li><li><a href=\"https:\/\/ispef-cat.infd.edu.ar\/sitio\/wp-content\/uploads\/2022\/03\/TEORIA-Y-EPISTEMOLOGIA-DE-LA-EDUCACION-FISICA.-3\u00b0-II-SALAS-MONICA.docx\">TEORIA Y EPISTEMOLOGIA DE LA EDUCACION FISICA.-3\u00b0-II-SALAS MONICA<\/a><\/li><\/ul>\n<\/div>\n<\/div>\n\n\n\n<hr class=\"wp-block-separator has-text-color has-background has-vivid-cyan-blue-background-color has-vivid-cyan-blue-color is-style-wide\"\/>\n\n\n\n<div class=\"wp-block-columns is-layout-flex wp-container-12\">\n<div class=\"wp-block-column is-layout-flow\" style=\"flex-basis:33.33%\">\n<figure class=\"wp-block-image size-large\"><img decoding=\"async\" loading=\"lazy\" width=\"546\" height=\"300\" src=\"https:\/\/ispef-cat.infd.edu.ar\/sitio\/wp-content\/uploads\/2022\/03\/ano-7.png\" alt=\"\" class=\"wp-image-2743\"\/><\/figure>\n<\/div>\n\n\n\n<div class=\"wp-block-column is-layout-flow\" style=\"flex-basis:66.66%\">\n<ul><li><a href=\"https:\/\/ispef-cat.infd.edu.ar\/sitio\/wp-content\/uploads\/2021\/07\/PR\u00c1CTICA-Y-RESIDENCIA-DOCENTE-4\u00b0-A-B.pdf\">PR\u00c1CTICA Y RESIDENCIA DOCENTE 4\u00b0 A-B<\/a><\/li><li><a href=\"https:\/\/ispef-cat.infd.edu.ar\/sitio\/wp-content\/uploads\/2021\/06\/GESTION-DE-LA-EDUCACI\u00d3N-F\u00cdSICA-4\u00b0-A-y-B.docx\">GESTION DE LA EDUCACI\u00d3N F\u00cdSICA &#8211; 4\u00b0 A y B<\/a><\/li><li><a href=\"https:\/\/ispef-cat.infd.edu.ar\/sitio\/wp-content\/uploads\/2021\/06\/Futbol.docx\">Futbol<\/a><\/li><li><a href=\"https:\/\/ispef-cat.infd.edu.ar\/sitio\/wp-content\/uploads\/2021\/06\/ENTRENAMIENTO.doc\">ENTRENAMIENTO<\/a><\/li><li><a href=\"https:\/\/ispef-cat.infd.edu.ar\/sitio\/wp-content\/uploads\/2021\/06\/EDUCACI\u00d3N-FISICA-ESPECIAL-4\u00b0-A-y-B-.doc\">EDUCACI\u00d3N FISICA ESPECIAL &#8211; 4\u00b0 A y B<\/a><\/li><li><a href=\"https:\/\/ispef-cat.infd.edu.ar\/sitio\/wp-content\/uploads\/2021\/05\/Hockey.docx\">Hockey<\/a><\/li><li><a href=\"https:\/\/ispef-cat.infd.edu.ar\/sitio\/wp-content\/uploads\/2021\/09\/PRACTICA-4\u00b0-A-B-2021-DIAZ-BRACAMONTE.pdf\">PRACTICA-4\u00b0A y B- 2021-DIAZ BRACAMONTE<\/a><\/li><li><a href=\"https:\/\/ispef-cat.infd.edu.ar\/sitio\/wp-content\/uploads\/2021\/11\/ETICA-Y-CONSTRUCION-CIUDADANA.-4\u00b0-A-Y-B-GOMEZ.pdf\">ETICA Y CONSTRUCION CIUDADANA. 4\u00b0 AyB-GOMEZ<\/a><\/li><li><a href=\"https:\/\/ispef-cat.infd.edu.ar\/sitio\/wp-content\/uploads\/2021\/11\/PROBLEMAS-DEL-MUNDO-CONTEMPORANEO-4\u00b0-A-y-B-ORTIZ-P.docx\">PROBLEMAS DEL MUNDO CONTEMPORANEO-4\u00b0 A y B-ORTIZ-P<\/a><\/li><li><a href=\"https:\/\/ispef-cat.infd.edu.ar\/sitio\/wp-content\/uploads\/2021\/11\/EDUC.-FISICA-ADPTADA-2021.docx\">EDUC. FISICA ADPTADA-2021<\/a><\/li><li><a href=\"https:\/\/ispef-cat.infd.edu.ar\/sitio\/wp-content\/uploads\/2021\/11\/ANTROPOLOGIA-DEL-CUERPO-4\u00b0-A-PARRA-P..pdf\">ANTROPOLOGIA DEL CUERPO- 4\u00b0-A PARRA-P<\/a><\/li><\/ul>\n<\/div>\n<\/div>\n\n\n\n<p><\/p>\n","protected":false},"excerpt":{"rendered":"<p>DIDACTICA GENERAL 1ro B y D GIMNASIA I &#8211; 1\u00b0 A, B, C, D y E JUEGO Y RECREACI\u00d3N &#8211; 1\u00b0 E &#8211; ANATOMIA FUNCIONAL &#8211;&nbsp; A, B, C, D y E SUJETO DE LA EDUCACION I &#8211; E SUJETO DE LA EDUCACION I &#8211; 1\u00b0 D Pedagog\u00eda (1) Did\u00e1ctica General &#8211; 1\u00b0 C y &#8230; <a title=\"Espacios curriculares-plan 117-a\u00f1o 2021\" class=\"read-more\" href=\"https:\/\/ispef-cat.infd.edu.ar\/sitio\/espacios-curriculares-plan-117-ano-2021\/\" aria-label=\"More on Espacios curriculares-plan 117-a\u00f1o 2021\">[+]<\/a><\/p>\n","protected":false},"author":5583,"featured_media":0,"parent":0,"menu_order":0,"comment_status":"closed","ping_status":"closed","template":"","meta":[],"acf":[],"_links":{"self":[{"href":"https:\/\/ispef-cat.infd.edu.ar\/sitio\/wp-json\/wp\/v2\/pages\/2997"}],"collection":[{"href":"https:\/\/ispef-cat.infd.edu.ar\/sitio\/wp-json\/wp\/v2\/pages"}],"about":[{"href":"https:\/\/ispef-cat.infd.edu.ar\/sitio\/wp-json\/wp\/v2\/types\/page"}],"author":[{"embeddable":true,"href":"https:\/\/ispef-cat.infd.edu.ar\/sitio\/wp-json\/wp\/v2\/users\/5583"}],"replies":[{"embeddable":true,"href":"https:\/\/ispef-cat.infd.edu.ar\/sitio\/wp-json\/wp\/v2\/comments?post=2997"}],"version-history":[{"count":1,"href":"https:\/\/ispef-cat.infd.edu.ar\/sitio\/wp-json\/wp\/v2\/pages\/2997\/revisions"}],"predecessor-version":[{"id":2998,"href":"https:\/\/ispef-cat.infd.edu.ar\/sitio\/wp-json\/wp\/v2\/pages\/2997\/revisions\/2998"}],"wp:attachment":[{"href":"https:\/\/ispef-cat.infd.edu.ar\/sitio\/wp-json\/wp\/v2\/media?parent=2997"}],"curies":[{"name":"wp","href":"https:\/\/api.w.org\/{rel}","templated":true}]}}