{"id":3152,"date":"2022-04-28T15:49:11","date_gmt":"2022-04-28T18:49:11","guid":{"rendered":"https:\/\/ispef-cat.infd.edu.ar\/sitio\/?page_id=3152"},"modified":"2024-09-17T17:56:55","modified_gmt":"2024-09-17T20:56:55","slug":"orden-de-merito","status":"publish","type":"page","link":"https:\/\/ispef-cat.infd.edu.ar\/sitio\/orden-de-merito\/","title":{"rendered":"Orden de M\u00e9rito"},"content":{"rendered":"\n<figure class=\"wp-block-image size-large is-resized\"><a href=\"https:\/\/ispef-cat.infd.edu.ar\/sitio\/\"><img decoding=\"async\" loading=\"lazy\" src=\"https:\/\/ispef-cat.infd.edu.ar\/sitio\/wp-content\/uploads\/2022\/03\/Instituto-Superior-de-Efucacion-Fisica-1640-\u00d7-300-px-1.png\" alt=\"\" class=\"wp-image-2757\" width=\"1020\" height=\"186\" srcset=\"https:\/\/ispef-cat.infd.edu.ar\/sitio\/wp-content\/uploads\/2022\/03\/Instituto-Superior-de-Efucacion-Fisica-1640-\u00d7-300-px-1.png 1640w, https:\/\/ispef-cat.infd.edu.ar\/sitio\/wp-content\/uploads\/2022\/03\/Instituto-Superior-de-Efucacion-Fisica-1640-\u00d7-300-px-1-1000x183.png 1000w, https:\/\/ispef-cat.infd.edu.ar\/sitio\/wp-content\/uploads\/2022\/03\/Instituto-Superior-de-Efucacion-Fisica-1640-\u00d7-300-px-1-768x140.png 768w, https:\/\/ispef-cat.infd.edu.ar\/sitio\/wp-content\/uploads\/2022\/03\/Instituto-Superior-de-Efucacion-Fisica-1640-\u00d7-300-px-1-1536x281.png 1536w\" sizes=\"(max-width: 1020px) 100vw, 1020px\" \/><\/a><\/figure>\n\n\n\n<p>En esta p\u00e1gina se encontrar\u00e1 disponible el Listado de Orden de M\u00e9rito (LOM) de los concursos de esta instituci\u00f3n. <br><\/p>\n\n\n\n<p class=\"has-vivid-cyan-blue-color has-text-color\" style=\"font-size:35px\">A\u00d1O <strong>2024<\/strong><\/p>\n\n\n\n<p><strong>4\u00b0 llamado a Concurso de Interinatos y Suplencias del Nivel Superior<\/strong><\/p>\n\n\n\n<ul>\n<li><a href=\"https:\/\/drive.google.com\/file\/d\/1bouok9AlW8T8z74T2OARpyCFLTYCA6qx\/view?usp=sharing\">LOM PROVISORIO &#8211; ANTROPOOG\u00cdA Y SOC. DEL CUERPO &#8211; 4\u00b0 A\u00d1O -II DIV<\/a> &#8211;<strong><a href=\"https:\/\/drive.google.com\/file\/d\/1VjgRhSYSKOXjyIv-u-sjgcqjLkMTL_oW\/view?usp=sharing\"> LOM DEFINITIVO- ANTROPOLOGIA Y SOC. &#8211; 4 A\u00d1O II DIV<\/a><\/strong><\/li>\n\n\n\n<li><a href=\"https:\/\/drive.google.com\/file\/d\/1priZ8pL3TfRDr6a2LNOk1ElmnOF3gyeb\/view?usp=sharing\">LOM PROVISORIO &#8211; ANTROPOLOG\u00cdA Y SOC. DEL CUERPO &#8211; 4\u00b0 A\u00d1O -I DIV<\/a> &#8211;<strong><a href=\"https:\/\/drive.google.com\/file\/d\/1o5I5VNC_oZWtAGTYtudKW5rgBI5Cme3g\/view?usp=sharing\"> <\/a><a href=\"https:\/\/drive.google.com\/file\/d\/157ne10FoKJqZmMjVJBeu-0Qd-WeVH7Px\/view?usp=sharing\">LOM DEFINITIVO- ANTROPOLOGIA Y SOC. &#8211; 4 A\u00d1O I DIV<\/a><\/strong><\/li>\n<\/ul>\n\n\n\n<p><\/p>\n\n\n\n<p><strong>3\u00b0 llamado a Concurso de Interinatos y Suplencias del Nivel Superior<\/strong><\/p>\n\n\n\n<ul>\n<li><a href=\"https:\/\/drive.google.com\/file\/d\/179tF41OiroD8ftehC5AOufwZ8aDFShNd\/view?usp=drive_link\">LOM PROVISORIO JUEGO Y RECREACI\u00d3N \u2013 I DIV.<\/a> <strong>&#8211; <a href=\"https:\/\/drive.google.com\/file\/d\/1tP21wJ9hI01xP2fv0qMMW5nvseDoccLa\/view?usp=sharing\">LOM DEFINITIVO JUEGO Y RECREACI\u00d3N (1\u00b0 A\u00d1O I DIV)<\/a><\/strong><\/li>\n\n\n\n<li><a href=\"https:\/\/drive.google.com\/file\/d\/1abZLaODXgw0aSUGe6VMiuEtTKxQUMKBf\/view?usp=drive_link\">LOM PROVISORIO JUEGO Y RECREACI\u00d3N \u2013 II DIV.<\/a> <strong>&#8211; <a href=\"https:\/\/drive.google.com\/file\/d\/1LsKV8WHJgZmXL2PUEODYy4u2-QSrxgjZ\/view?usp=sharing\">LOM DEFINITIVO JUEGO Y RECREACI\u00d3N (1\u00b0 A\u00d1O II DIV)<\/a><\/strong><\/li>\n\n\n\n<li><a href=\"https:\/\/drive.google.com\/file\/d\/14yi5ZG8C4yTWlHdd3jpbjA6SyQgzbPbF\/view?usp=drive_link\">LOM PROVISORIO JUEGO Y RECREACI\u00d3N \u2013 IV DIV. <\/a><strong> &#8211; <a href=\"https:\/\/drive.google.com\/file\/d\/1rFx13b-0K8ktBPPIBRNSvq9RzJtk9oDf\/view?usp=sharing\">LOM DEFINITIVO JUEGO Y RECREACI\u00d3N (1\u00b0 A\u00d1O IV DIV)<\/a><\/strong><\/li>\n\n\n\n<li><a href=\"https:\/\/drive.google.com\/file\/d\/1DqORU_B2dpjvrkBYveG0xrRdfFQOstnB\/view?usp=drive_link\">LOM PROVISORIO DID\u00c1CTICA II<\/a> <strong>&#8211; <\/strong><a href=\"https:\/\/drive.google.com\/file\/d\/1WvSD5Vf45RCT77tIPp0wo3BCMLPURoHh\/view?usp=sharing\"><strong>LOM DEFINITIVO- DIDACTICA II (3\u00b0 A\u00d1O III DIV)<\/strong><\/a><\/li>\n\n\n\n<li><a href=\"https:\/\/drive.google.com\/file\/d\/1z6BkGouvysnMyuzFUCFXZfDmJO5BjofZ\/view\">LOM PROVISORIO ENTRENAMIENTO<\/a><strong> &#8211; <a rel=\"noreferrer noopener\" href=\"https:\/\/drive.google.com\/file\/d\/1u7ItN0ujuwVfD6q3vUPGBLzYS9vg5-n-\/view?usp=sharing\" target=\"_blank\">LOM DEFINITIVO  ENTRENAMIENTO (4\u00b0 A\u00d1O I DIV)<\/a><\/strong><\/li>\n<\/ul>\n\n\n\n<p><\/p>\n\n\n\n<p><strong>Ampliatoria del 2\u00b0 llamado a Concurso de Interinatos y Suplencias del Nivel Superior:<\/strong><\/p>\n\n\n\n<ul>\n<li><a href=\"https:\/\/drive.google.com\/file\/d\/1gTPp-bBVM1LUgwGIGu8bfxZZzIPXyMN3\/view?usp=sharing\">LOM PROVISORIO_ED ESPECIAL<\/a> &#8211;<strong><a href=\"https:\/\/drive.google.com\/file\/d\/1o5I5VNC_oZWtAGTYtudKW5rgBI5Cme3g\/view?usp=sharing\"> LOM DEFINITIVO- ED. F. PARA LA ED. ESP (4\u00b0 A\u00d1O II DIV)<\/a><\/strong><\/li>\n<\/ul>\n\n\n\n<p><\/p>\n\n\n\n<p><strong>2\u00b0 llamado a Concurso de Interinatos y Suplencias del Nivel Superior:<\/strong><\/p>\n\n\n\n<ul>\n<li><a href=\"https:\/\/drive.google.com\/file\/d\/1tJXKpErfXYf7u-We1NJSqWv2yRr-ZccF\/view?usp=sharing\">LOM PROVISORIO DID\u00c1CTICA II<\/a><strong> &#8211; <a href=\"https:\/\/drive.google.com\/file\/d\/1XBy6FiXDXvPCKRIabJqk3YDjPufua6bB\/view?usp=sharing\">LOM DEFINITIVO -DIDACTICA II (3\u00b0 A\u00d1O III DIV)<\/a><\/strong><\/li>\n\n\n\n<li><a href=\"http:\/\/LOM PROVISORIO-ATLETISMO I- I DIV\">LOM PROVISORIO ATLETISMO I- I DIV<\/a><strong> &#8211; <a href=\"https:\/\/drive.google.com\/file\/d\/1pzg9uK40kmqdcozFsJPJI43ua6xQmwZI\/view?usp=sharing\">LOM DEFINITIVO- ATLETISMO I (1\u00b0 A\u00d1O I DIV)<\/a><\/strong><\/li>\n\n\n\n<li><a href=\"https:\/\/drive.google.com\/file\/d\/1jkg8EgB72qh5HCPEIaOlthgMJQKHwvFc\/view?usp=sharing\">LOM PROVISORIO ATLETISMO I-II DIV<\/a><strong> &#8211; <a href=\"https:\/\/drive.google.com\/file\/d\/1SHUvLTUJ-22KFcPbwxZi6A7acOE5KzWD\/view?usp=sharing\">LOM DEFINITIVO- ATLETISMO I (1\u00b0 A\u00d1O II DIV)<\/a><\/strong><\/li>\n\n\n\n<li><a href=\"https:\/\/drive.google.com\/file\/d\/1eXl1P2nS9ltHiZoyttoa21LePzIk5PtY\/view?usp=sharing\">LOM PROVISORIO ATLETISMO I-III DIV<\/a> <strong>&#8211; <a href=\"https:\/\/drive.google.com\/file\/d\/11Kr_PKW0qZMpQD2TIIu6xE-gN8dAcXjy\/view?usp=sharing\">LOM DEFINITIVO- ATLETISMO I (1\u00b0 A\u00d1O III DIV)<\/a><\/strong><\/li>\n<\/ul>\n\n\n\n<p class=\"has-vivid-cyan-blue-color has-text-color\" style=\"font-size:35px\">A\u00d1O <strong>2023<\/strong><\/p>\n\n\n\n<p><\/p>\n\n\n\n<p><strong>2\u00b0 llamado a Concurso de GESTI\u00d3N ACAD\u00c9MICA:<\/strong><\/p>\n\n\n\n<ul>\n<li><a href=\"https:\/\/drive.google.com\/file\/d\/1IRPIIJ-18lRWduDv2J6l_xWYuX5M9RkS\/view?usp=sharing\">LOM PROVISORIO JEFATURA DE EXTENSI\u00d3N<\/a> <strong>&#8211;<a href=\"https:\/\/ispef-cat.infd.edu.ar\/sitio\/wp-content\/uploads\/2023\/10\/JEFATURA-DE-EXTENSION.pdf\"> <\/a><\/strong><a href=\"https:\/\/ispef-cat.infd.edu.ar\/sitio\/wp-content\/uploads\/2023\/10\/JEFATURA-DE-EXTENSION.pdf\"><strong>LOM FINAL JEFATURA DE EXTENSI\u00d3N<\/strong><\/a><\/li>\n\n\n\n<li><a href=\"https:\/\/drive.google.com\/file\/d\/1V43jyD6CETWGkaTOhePLP58W0fdyaPQn\/view?usp=sharing\">LOM PROVISORIO JEFATURA DE INVESTIGACI\u00d3N<\/a> <strong>&#8211; <a href=\"https:\/\/ispef-cat.infd.edu.ar\/sitio\/wp-content\/uploads\/2023\/10\/JEFATURA-DE-INVESTIGACION.pdf\">LOM FINAL  JEFATURA DE INVESTIGACI\u00d3N<\/a><\/strong><\/li>\n<\/ul>\n\n\n\n<p><\/p>\n\n\n\n<p><strong>Ampliatoria del 4\u00b0 llamado a Concurso de Interinatos y Suplencias del Nivel Superior:<\/strong><\/p>\n\n\n\n<ul>\n<li><a href=\"https:\/\/ispef-cat.infd.edu.ar\/sitio\/wp-content\/uploads\/2023\/10\/Lom-provisorio-ESI-4to-concurso-2023.pdf\">LOM PROVISORIO ESI<\/a> <strong>&#8211;<\/strong> <strong><a href=\"https:\/\/ispef-cat.infd.edu.ar\/sitio\/wp-content\/uploads\/2023\/10\/ESI-I-DIV.pdf\">LOM DEFINITIVO ESI I DIV.<\/a>&#8211; <a href=\"https:\/\/ispef-cat.infd.edu.ar\/sitio\/wp-content\/uploads\/2023\/10\/ESI-II-DIV..pdf\">LOM DEFINITIVO ESI II DIV.<\/a> &#8211; <a href=\"https:\/\/ispef-cat.infd.edu.ar\/sitio\/wp-content\/uploads\/2023\/10\/ESI-III-DIV..pdf\">LOM DEFINITIVO ESI III DIV.<\/a><\/strong><\/li>\n\n\n\n<li><a href=\"https:\/\/ispef-cat.infd.edu.ar\/sitio\/wp-content\/uploads\/2023\/10\/Lom-provisorio-HOCKEY-4to-concurso-2023.pdf\">LOM PROVISORIO HOCKEY<\/a> <strong>&#8211; <\/strong><a href=\"https:\/\/ispef-cat.infd.edu.ar\/sitio\/wp-content\/uploads\/2023\/10\/LOM-HOCKEY-I-DIV..pdf\"><strong>LOM DEFINITIVO HOCKEY I DIV<\/strong>.<\/a> <strong>&#8211; <\/strong><a href=\"https:\/\/ispef-cat.infd.edu.ar\/sitio\/wp-content\/uploads\/2023\/10\/LOM-HOCKEY-II-DIV..pdf\"><strong>LOM DEFINITIVO HOCKEY<\/strong> <strong>II DIV<\/strong>.<\/a><\/li>\n\n\n\n<li><a href=\"https:\/\/ispef-cat.infd.edu.ar\/sitio\/wp-content\/uploads\/2023\/10\/Lom-provisorio-DIDACTICA-II-4to-concurso-2023.pdf\">LOM PROVISORIO DID\u00c1CTICA  II. <\/a><strong>&#8211; <a href=\"https:\/\/ispef-cat.infd.edu.ar\/sitio\/wp-content\/uploads\/2023\/10\/LOM-DIDACTICA.pdf\">LOM DEFINITIVO DID\u00c1CTICA II<\/a><\/strong><\/li>\n\n\n\n<li><a href=\"https:\/\/ispef-cat.infd.edu.ar\/sitio\/wp-content\/uploads\/2023\/10\/Lom-provisorio-ATLETISMO-I-4to-concurso-2023-.pdf\">LOM PROVISORIO ATLETISMO I<\/a> <strong>&#8211;<\/strong> <strong><a href=\"https:\/\/ispef-cat.infd.edu.ar\/sitio\/wp-content\/uploads\/2023\/10\/ATLETISMO-I.pdf\">LOM DEFINITIVO ATLETISMO I<\/a><\/strong><\/li>\n\n\n\n<li><a href=\"https:\/\/ispef-cat.infd.edu.ar\/sitio\/wp-content\/uploads\/2023\/10\/Lom-provisorio-Ed.-Fisica-Adaptada-4to-Concurso-2023.pdf\">LOM PROVISORIO  ED. F. ADAPTADA<\/a> <strong>&#8211; <a href=\"https:\/\/ispef-cat.infd.edu.ar\/sitio\/wp-content\/uploads\/2023\/10\/LOM-DEFINITIVO-ED-FISICA-ADAPTADA-I-DIV..pdf\">LOM DEFINITIVO ED F\u00cdSICA ADAPTADA I DIV.<\/a> &#8211; <a href=\"https:\/\/ispef-cat.infd.edu.ar\/sitio\/wp-content\/uploads\/2023\/10\/LOM-DEFINITIVO-ED-FISICA-ADAPTADA-II-DIV..pdf\">LOM DEFINITIVO ED F\u00cdSICA ADAPTADA II DIV.<\/a><\/strong><\/li>\n\n\n\n<li><\/li>\n<\/ul>\n\n\n\n<p><strong>4\u00b0 llamado a Concurso de Interinatos y Suplencias del Nivel Superior:<\/strong><\/p>\n\n\n\n<ul>\n<li><a href=\"https:\/\/ispef-cat.infd.edu.ar\/sitio\/wp-content\/uploads\/2023\/10\/LOM-PROVISORIO-ATLETISMOII-2023-4TO-LLAMADO.pdf\">LOM PROVISORIO- ATLETISMO II<\/a> <strong>&#8211;<\/strong> <a href=\"https:\/\/ispef-cat.infd.edu.ar\/sitio\/wp-content\/uploads\/2023\/10\/LOM-FINAL-ATLETISMO-II-4TO-LLAMADO-2023.pdf\"><strong>LOM DEFINITIVO ATLETISMO II <\/strong><\/a><\/li>\n<\/ul>\n\n\n\n<p><\/p>\n\n\n\n<p><strong>1\u00b0 llamado a Concurso de GESTI\u00d3N ACAD\u00c9MICA:<\/strong> <\/p>\n\n\n\n<ul>\n<li><a href=\"https:\/\/ispef-cat.infd.edu.ar\/sitio\/lom-provisorio-de-concurso-para-la-cobertura-de-cargos-interinos-y-o-suplentes-de-gestion-academica-en-el-nivel-superior\/\">LOM PROVISORIO DE GESTI\u00d3N ACAD\u00c9MICA &#8211; <\/a><\/li>\n<\/ul>\n\n\n\n<p><\/p>\n\n\n\n<p><strong>2\u00b0 llamado a Concurso:<\/strong><\/p>\n\n\n\n<ul>\n<li><a href=\"https:\/\/ispef-cat.infd.edu.ar\/sitio\/wp-content\/uploads\/2023\/06\/LPROVISORIO-C.-ENTRENAM.-PARA-P.-TACHA-1.pdf\" data-type=\"URL\" data-id=\"https:\/\/ispef-cat.infd.edu.ar\/sitio\/wp-content\/uploads\/2023\/06\/LPROVISORIO-C.-ENTRENAM.-PARA-P.-TACHA-1.pdf\">LOM PROVISORIO- ENTRENAMIENTO<\/a><\/li>\n<\/ul>\n\n\n\n<p><\/p>\n\n\n\n<p class=\"has-vivid-cyan-blue-color has-text-color\" style=\"font-size:35px\">A\u00d1O <strong>2022<\/strong><\/p>\n\n\n\n<p><strong>5\u00b0 llamado a Concurso:<\/strong><\/p>\n\n\n\n<ul>\n<li><a href=\"https:\/\/ispef-cat.infd.edu.ar\/sitio\/wp-content\/uploads\/2022\/10\/GEST-Y-PLANIF.-EDUCATIVA-LISTADO-PROVISORIO-PARA-PERIODO-DE-TACHA-.pdf\" data-type=\"URL\" data-id=\"https:\/\/ispef-cat.infd.edu.ar\/sitio\/wp-content\/uploads\/2022\/10\/GEST-Y-PLANIF.-EDUCATIVA-LISTADO-PROVISORIO-PARA-PERIODO-DE-TACHA-.pdf\">LOM PROVISORIO-GESTI\u00d3N Y PLANIF. EDUCATIVA<\/a> <strong><a href=\"https:\/\/drive.google.com\/file\/d\/1PcRP7nxKWiCDUbOdwx-bJii9rhis3KeV\/view?usp=sharing\">&#8211; LOM DEFINITIVO GESTI\u00d3N Y PLANIF. EDUCATIVA<\/a><\/strong><\/li>\n\n\n\n<li><a href=\"https:\/\/ispef-cat.infd.edu.ar\/sitio\/wp-content\/uploads\/2022\/10\/LOM-PROVISORIO-PRACTICA-Y-RESIDENCIA.-NIV.-INIC.-Y-PRIM..pdf\">LOM PROVISORIO-PRACTICA Y RESIDENCIA. NIV. INIC. Y PRIM.<\/a><\/li>\n\n\n\n<li><a href=\"https:\/\/ispef-cat.infd.edu.ar\/sitio\/wp-content\/uploads\/2022\/10\/LOM-PROVISORIO-PRACTICA-Y-RESIDENCIA-DOCENTE-NIV.-SEC.-Y-AMB.-NO-FORM..pdf\">LOM PROVISORIO- PRACTICA Y RESIDENCIA DOCENTE- NIV. SEC. Y AMB. NO FORM.<\/a> &#8211;<strong><a href=\"https:\/\/drive.google.com\/file\/d\/1WJ1JS0xJZ2tYgNbFObbLl5RDalQ_dcQo\/view?usp=sharing\"> LOM DEFINITIVO PR\u00c1CTICA Y RESIDENCIA- NIV SEC Y AMB NO FORMALES <\/a><\/strong><\/li>\n<\/ul>\n\n\n\n<p><\/p>\n\n\n\n<p><strong>3\u00b0 llamado a Concurso:<\/strong><\/p>\n\n\n\n<ul>\n<li><a href=\"https:\/\/ispef-cat.infd.edu.ar\/sitio\/wp-content\/uploads\/2022\/09\/CCF_000003.pdf\">LOM Provisorio- ATLETISMO I<\/a> &#8211; <strong><a href=\"https:\/\/ispef-cat.infd.edu.ar\/sitio\/wp-content\/uploads\/2022\/09\/LOM-2022-ATLETISMO-I.pdf\">LOM DEFINITIVO ATLETISMO I <\/a><\/strong><\/li>\n<\/ul>\n\n\n\n<p><\/p>\n\n\n\n<p><strong>2\u00b0 llamado a Concurso:<\/strong><\/p>\n\n\n\n<ul>\n<li><a href=\"https:\/\/ispef-cat.infd.edu.ar\/sitio\/wp-content\/uploads\/2022\/06\/LISTADOS-PROVISORIOS-CONCURSO-BASQUET-.pdf\">LOM PROVISORIO- B\u00c1SQUET<\/a><\/li>\n\n\n\n<li><a href=\"https:\/\/ispef-cat.infd.edu.ar\/sitio\/wp-content\/uploads\/2022\/06\/LISTADOS-PROVISORIOS-CONCURSO-GIMNASIA-II.pdf\">LOM PROVISORIO- GIMNASIA II<\/a><\/li>\n\n\n\n<li><a href=\"https:\/\/ispef-cat.infd.edu.ar\/sitio\/wp-content\/uploads\/2022\/06\/LISTADOS-PROVISORIOS-CONCURSO-GIMNASIA-III.pdf\">LOM PROVISORIO- GIMNASIA III<\/a><\/li>\n\n\n\n<li><a href=\"https:\/\/ispef-cat.infd.edu.ar\/sitio\/wp-content\/uploads\/2022\/06\/LOM-PROVISORIO-DIDACTICA-I-DE-LA-EDUCACION-FISICA-1.pdf\">LOM PROVISORIO- DID\u00c1CTICA DE LA ED. F\u00cdSICA I: NIVEL INICIAL Y PRIMARIO<\/a><\/li>\n<\/ul>\n\n\n\n<p><\/p>\n\n\n\n<p><strong>1\u00b0 Llamado a Concurso:<\/strong><\/p>\n\n\n\n<ul>\n<li><a href=\"https:\/\/ispef-cat.infd.edu.ar\/sitio\/wp-content\/uploads\/2022\/04\/LOM-PROVISORIO-JUEGO-Y-RECREACION-1.pdf\">LOM PROVISORIO- JUEGO Y RECREACI\u00d3N<\/a><\/li>\n\n\n\n<li><a href=\"https:\/\/ispef-cat.infd.edu.ar\/sitio\/wp-content\/uploads\/2022\/04\/LOM-PROVISORIO-ED.-FISICA-PARA-LA-EDUCACION-ESPEC.pdf\">LOM PROVISORIO- ED. FISICA PARA LA EDUCACION ESPEC<\/a><\/li>\n<\/ul>\n","protected":false},"excerpt":{"rendered":"<p>En esta p\u00e1gina se encontrar\u00e1 disponible el Listado de Orden de M\u00e9rito (LOM) de los concursos de esta instituci\u00f3n. A\u00d1O 2024 4\u00b0 llamado a Concurso de Interinatos y Suplencias del Nivel Superior 3\u00b0 llamado a Concurso de Interinatos y Suplencias del Nivel Superior Ampliatoria del 2\u00b0 llamado a Concurso de Interinatos y Suplencias del Nivel &#8230; <a title=\"Orden de M\u00e9rito\" class=\"read-more\" href=\"https:\/\/ispef-cat.infd.edu.ar\/sitio\/orden-de-merito\/\" aria-label=\"More on Orden de M\u00e9rito\">[+]<\/a><\/p>\n","protected":false},"author":5583,"featured_media":0,"parent":0,"menu_order":0,"comment_status":"closed","ping_status":"closed","template":"","meta":[],"acf":[],"_links":{"self":[{"href":"https:\/\/ispef-cat.infd.edu.ar\/sitio\/wp-json\/wp\/v2\/pages\/3152"}],"collection":[{"href":"https:\/\/ispef-cat.infd.edu.ar\/sitio\/wp-json\/wp\/v2\/pages"}],"about":[{"href":"https:\/\/ispef-cat.infd.edu.ar\/sitio\/wp-json\/wp\/v2\/types\/page"}],"author":[{"embeddable":true,"href":"https:\/\/ispef-cat.infd.edu.ar\/sitio\/wp-json\/wp\/v2\/users\/5583"}],"replies":[{"embeddable":true,"href":"https:\/\/ispef-cat.infd.edu.ar\/sitio\/wp-json\/wp\/v2\/comments?post=3152"}],"version-history":[{"count":27,"href":"https:\/\/ispef-cat.infd.edu.ar\/sitio\/wp-json\/wp\/v2\/pages\/3152\/revisions"}],"predecessor-version":[{"id":5361,"href":"https:\/\/ispef-cat.infd.edu.ar\/sitio\/wp-json\/wp\/v2\/pages\/3152\/revisions\/5361"}],"wp:attachment":[{"href":"https:\/\/ispef-cat.infd.edu.ar\/sitio\/wp-json\/wp\/v2\/media?parent=3152"}],"curies":[{"name":"wp","href":"https:\/\/api.w.org\/{rel}","templated":true}]}}