{"id":3233,"date":"2022-05-12T17:39:31","date_gmt":"2022-05-12T20:39:31","guid":{"rendered":"https:\/\/ispef-cat.infd.edu.ar\/sitio\/?page_id=3233"},"modified":"2023-12-19T19:12:46","modified_gmt":"2023-12-19T22:12:46","slug":"revista-guardemos-memorias","status":"publish","type":"page","link":"https:\/\/ispef-cat.infd.edu.ar\/sitio\/revista-guardemos-memorias\/","title":{"rendered":"Revista \u00abGuardemos Memoria\u00bb"},"content":{"rendered":"\n<figure class=\"wp-block-image size-large is-resized\"><a href=\"https:\/\/ispef-cat.infd.edu.ar\/sitio\/\"><img decoding=\"async\" loading=\"lazy\" src=\"https:\/\/ispef-cat.infd.edu.ar\/sitio\/wp-content\/uploads\/2022\/03\/Instituto-Superior-de-Efucacion-Fisica-1640-\u00d7-300-px-1.png\" alt=\"\" class=\"wp-image-2757\" width=\"1020\" height=\"186\" srcset=\"https:\/\/ispef-cat.infd.edu.ar\/sitio\/wp-content\/uploads\/2022\/03\/Instituto-Superior-de-Efucacion-Fisica-1640-\u00d7-300-px-1.png 1640w, https:\/\/ispef-cat.infd.edu.ar\/sitio\/wp-content\/uploads\/2022\/03\/Instituto-Superior-de-Efucacion-Fisica-1640-\u00d7-300-px-1-1000x183.png 1000w, https:\/\/ispef-cat.infd.edu.ar\/sitio\/wp-content\/uploads\/2022\/03\/Instituto-Superior-de-Efucacion-Fisica-1640-\u00d7-300-px-1-768x140.png 768w, https:\/\/ispef-cat.infd.edu.ar\/sitio\/wp-content\/uploads\/2022\/03\/Instituto-Superior-de-Efucacion-Fisica-1640-\u00d7-300-px-1-1536x281.png 1536w\" sizes=\"(max-width: 1020px) 100vw, 1020px\" \/><\/a><\/figure>\n\n\n\n<div class=\"wp-block-cover is-light\" style=\"min-height:330px\"><span aria-hidden=\"true\" class=\"wp-block-cover__background has-background-dim\"><\/span><img decoding=\"async\" loading=\"lazy\" width=\"740\" height=\"416\" class=\"wp-block-cover__image-background wp-image-3241\" alt=\"\" src=\"https:\/\/ispef-cat.infd.edu.ar\/sitio\/wp-content\/uploads\/2022\/05\/1.jpg\" style=\"object-position:54% 72%\" data-object-fit=\"cover\" data-object-position=\"54% 72%\"\/><div class=\"wp-block-cover__inner-container\">\n<p class=\"has-text-align-left has-base-3-color has-text-color has-large-font-size\">Nueva Revista Institucional <strong>\u00abGuardemos Memoria\u00bb<\/strong><\/p>\n<\/div><\/div>\n\n\n\n<p>En esta secci\u00f3n realizaremos las entregas de nuestra nueva revista digital. En la misma, abordaremos diferentes temas de inter\u00e9s a nuestra Casa de Estudio, tendr\u00e1 una emisi\u00f3n anual y ser\u00e1 colaborativa con todos los integrantes de la comunidad ISEF que deseen participar de la misma. <\/p>\n\n\n\n<div class=\"wp-block-columns is-layout-flex wp-container-4\">\n<div class=\"wp-block-column is-layout-flow\">\n<figure class=\"wp-block-image size-large\"><a href=\"https:\/\/ispef-cat.infd.edu.ar\/sitio\/wp-content\/uploads\/2022\/05\/N001-REVISTA-GUARDEMOS-MEMORIA_compressed.pdf\"><img decoding=\"async\" loading=\"lazy\" width=\"1343\" height=\"1900\" src=\"https:\/\/ispef-cat.infd.edu.ar\/sitio\/wp-content\/uploads\/2022\/05\/N001-REVISTA-GUARDEMOS-MEMORIA-PORTADA-1343x1900.png\" alt=\"\" class=\"wp-image-3256\" srcset=\"https:\/\/ispef-cat.infd.edu.ar\/sitio\/wp-content\/uploads\/2022\/05\/N001-REVISTA-GUARDEMOS-MEMORIA-PORTADA-1343x1900.png 1343w, https:\/\/ispef-cat.infd.edu.ar\/sitio\/wp-content\/uploads\/2022\/05\/N001-REVISTA-GUARDEMOS-MEMORIA-PORTADA-707x1000.png 707w, https:\/\/ispef-cat.infd.edu.ar\/sitio\/wp-content\/uploads\/2022\/05\/N001-REVISTA-GUARDEMOS-MEMORIA-PORTADA-768x1086.png 768w, https:\/\/ispef-cat.infd.edu.ar\/sitio\/wp-content\/uploads\/2022\/05\/N001-REVISTA-GUARDEMOS-MEMORIA-PORTADA-1086x1536.png 1086w, https:\/\/ispef-cat.infd.edu.ar\/sitio\/wp-content\/uploads\/2022\/05\/N001-REVISTA-GUARDEMOS-MEMORIA-PORTADA.png 1414w\" sizes=\"(max-width: 1343px) 100vw, 1343px\" \/><\/a><\/figure>\n<\/div>\n\n\n\n<div class=\"wp-block-column is-layout-flow\">\n<figure class=\"wp-block-image size-large\"><a href=\"https:\/\/heyzine.com\/flip-book\/7d74af5626.html\"><img decoding=\"async\" loading=\"lazy\" width=\"1343\" height=\"1900\" src=\"https:\/\/ispef-cat.infd.edu.ar\/sitio\/wp-content\/uploads\/2023\/12\/Revista-2-1343x1900.png\" alt=\"\" class=\"wp-image-4946\" srcset=\"https:\/\/ispef-cat.infd.edu.ar\/sitio\/wp-content\/uploads\/2023\/12\/Revista-2-1343x1900.png 1343w, https:\/\/ispef-cat.infd.edu.ar\/sitio\/wp-content\/uploads\/2023\/12\/Revista-2-707x1000.png 707w, https:\/\/ispef-cat.infd.edu.ar\/sitio\/wp-content\/uploads\/2023\/12\/Revista-2-768x1086.png 768w, https:\/\/ispef-cat.infd.edu.ar\/sitio\/wp-content\/uploads\/2023\/12\/Revista-2-1086x1536.png 1086w, https:\/\/ispef-cat.infd.edu.ar\/sitio\/wp-content\/uploads\/2023\/12\/Revista-2.png 1414w\" sizes=\"(max-width: 1343px) 100vw, 1343px\" \/><\/a><\/figure>\n<\/div>\n\n\n\n<div class=\"wp-block-column is-layout-flow\"><\/div>\n<\/div>\n","protected":false},"excerpt":{"rendered":"<p>En esta secci\u00f3n realizaremos las entregas de nuestra nueva revista digital. En la misma, abordaremos diferentes temas de inter\u00e9s a nuestra Casa de Estudio, tendr\u00e1 una emisi\u00f3n anual y ser\u00e1 colaborativa con todos los integrantes de la comunidad ISEF que deseen participar de la misma.<\/p>\n","protected":false},"author":5583,"featured_media":0,"parent":0,"menu_order":0,"comment_status":"closed","ping_status":"closed","template":"","meta":[],"acf":[],"_links":{"self":[{"href":"https:\/\/ispef-cat.infd.edu.ar\/sitio\/wp-json\/wp\/v2\/pages\/3233"}],"collection":[{"href":"https:\/\/ispef-cat.infd.edu.ar\/sitio\/wp-json\/wp\/v2\/pages"}],"about":[{"href":"https:\/\/ispef-cat.infd.edu.ar\/sitio\/wp-json\/wp\/v2\/types\/page"}],"author":[{"embeddable":true,"href":"https:\/\/ispef-cat.infd.edu.ar\/sitio\/wp-json\/wp\/v2\/users\/5583"}],"replies":[{"embeddable":true,"href":"https:\/\/ispef-cat.infd.edu.ar\/sitio\/wp-json\/wp\/v2\/comments?post=3233"}],"version-history":[{"count":10,"href":"https:\/\/ispef-cat.infd.edu.ar\/sitio\/wp-json\/wp\/v2\/pages\/3233\/revisions"}],"predecessor-version":[{"id":4961,"href":"https:\/\/ispef-cat.infd.edu.ar\/sitio\/wp-json\/wp\/v2\/pages\/3233\/revisions\/4961"}],"wp:attachment":[{"href":"https:\/\/ispef-cat.infd.edu.ar\/sitio\/wp-json\/wp\/v2\/media?parent=3233"}],"curies":[{"name":"wp","href":"https:\/\/api.w.org\/{rel}","templated":true}]}}