{"id":3247,"date":"2022-05-15T15:35:49","date_gmt":"2022-05-15T18:35:49","guid":{"rendered":"https:\/\/ispef-cat.infd.edu.ar\/sitio\/?page_id=3247"},"modified":"2023-07-31T16:07:09","modified_gmt":"2023-07-31T19:07:09","slug":"alumnos","status":"publish","type":"page","link":"https:\/\/ispef-cat.infd.edu.ar\/sitio\/alumnos\/","title":{"rendered":"Alumnos"},"content":{"rendered":"\n<figure class=\"wp-block-image size-large is-resized\"><a href=\"https:\/\/ispef-cat.infd.edu.ar\/sitio\/\"><img decoding=\"async\" loading=\"lazy\" src=\"https:\/\/ispef-cat.infd.edu.ar\/sitio\/wp-content\/uploads\/2022\/03\/Instituto-Superior-de-Efucacion-Fisica-1640-\u00d7-300-px-1.png\" alt=\"\" class=\"wp-image-2757\" width=\"1020\" height=\"186\" srcset=\"https:\/\/ispef-cat.infd.edu.ar\/sitio\/wp-content\/uploads\/2022\/03\/Instituto-Superior-de-Efucacion-Fisica-1640-\u00d7-300-px-1.png 1640w, https:\/\/ispef-cat.infd.edu.ar\/sitio\/wp-content\/uploads\/2022\/03\/Instituto-Superior-de-Efucacion-Fisica-1640-\u00d7-300-px-1-1000x183.png 1000w, https:\/\/ispef-cat.infd.edu.ar\/sitio\/wp-content\/uploads\/2022\/03\/Instituto-Superior-de-Efucacion-Fisica-1640-\u00d7-300-px-1-768x140.png 768w, https:\/\/ispef-cat.infd.edu.ar\/sitio\/wp-content\/uploads\/2022\/03\/Instituto-Superior-de-Efucacion-Fisica-1640-\u00d7-300-px-1-1536x281.png 1536w\" sizes=\"(max-width: 1020px) 100vw, 1020px\" \/><\/a><\/figure>\n\n\n\n<div class=\"wp-block-cover is-light\" style=\"min-height:330px\"><span aria-hidden=\"true\" class=\"wp-block-cover__background has-background-dim\"><\/span><img decoding=\"async\" loading=\"lazy\" width=\"1024\" height=\"768\" class=\"wp-block-cover__image-background wp-image-2962\" alt=\"\" src=\"https:\/\/ispef-cat.infd.edu.ar\/sitio\/wp-content\/uploads\/2022\/04\/WhatsApp-Image-2022-03-31-at-8.52.11-AM-5.jpeg\" style=\"object-position:52% 27%\" data-object-fit=\"cover\" data-object-position=\"52% 27%\" srcset=\"https:\/\/ispef-cat.infd.edu.ar\/sitio\/wp-content\/uploads\/2022\/04\/WhatsApp-Image-2022-03-31-at-8.52.11-AM-5.jpeg 1024w, https:\/\/ispef-cat.infd.edu.ar\/sitio\/wp-content\/uploads\/2022\/04\/WhatsApp-Image-2022-03-31-at-8.52.11-AM-5-1000x750.jpeg 1000w, https:\/\/ispef-cat.infd.edu.ar\/sitio\/wp-content\/uploads\/2022\/04\/WhatsApp-Image-2022-03-31-at-8.52.11-AM-5-768x576.jpeg 768w\" sizes=\"(max-width: 1024px) 100vw, 1024px\" \/><div class=\"wp-block-cover__inner-container\">\n<p class=\"has-text-align-left has-base-3-color has-text-color\" style=\"font-size:45px\"><br>Alumnos<\/p>\n<\/div><\/div>\n\n\n\n<p>En la secci\u00f3n Alumnos encontraremos informaci\u00f3n de inter\u00e9s para todo el alumnado de nuestra Instituci\u00f3n de Formaci\u00f3n Docente. <br><br><\/p>\n\n\n\n<div class=\"wp-block-columns is-layout-flex wp-container-9\">\n<div class=\"wp-block-column is-layout-flow\">\n<div class=\"wp-block-columns is-layout-flex wp-container-3\">\n<div class=\"wp-block-column is-layout-flow\"><div class=\"wp-block-image\">\n<figure class=\"aligncenter size-large is-resized\"><a href=\"https:\/\/ispef-cat.infd.edu.ar\/sitio\/revista-guardemos-memorias\/?fbclid=IwAR3CGJijIwbTg3AAhtlPkYJxqPFohuAWBoS5yCVPW8aa9EQyhnLlYR0YfBs\"><img decoding=\"async\" loading=\"lazy\" src=\"https:\/\/ispef-cat.infd.edu.ar\/sitio\/wp-content\/uploads\/2022\/05\/Naranja-y-Verde-Presentacion-Secundaria-Boton-de-Schoology-5-2.png\" alt=\"\" class=\"wp-image-3281\" width=\"191\" height=\"191\" srcset=\"https:\/\/ispef-cat.infd.edu.ar\/sitio\/wp-content\/uploads\/2022\/05\/Naranja-y-Verde-Presentacion-Secundaria-Boton-de-Schoology-5-2.png 1080w, https:\/\/ispef-cat.infd.edu.ar\/sitio\/wp-content\/uploads\/2022\/05\/Naranja-y-Verde-Presentacion-Secundaria-Boton-de-Schoology-5-2-1000x1000.png 1000w, https:\/\/ispef-cat.infd.edu.ar\/sitio\/wp-content\/uploads\/2022\/05\/Naranja-y-Verde-Presentacion-Secundaria-Boton-de-Schoology-5-2-500x500.png 500w, https:\/\/ispef-cat.infd.edu.ar\/sitio\/wp-content\/uploads\/2022\/05\/Naranja-y-Verde-Presentacion-Secundaria-Boton-de-Schoology-5-2-768x768.png 768w\" sizes=\"(max-width: 191px) 100vw, 191px\" \/><\/a><\/figure><\/div><\/div>\n\n\n\n<div class=\"wp-block-column is-layout-flow\"><div class=\"wp-block-image\">\n<figure class=\"aligncenter size-large is-resized\"><a href=\"https:\/\/ispef-cat.infd.edu.ar\/sitio\/espacios-curriculares\/\"><img decoding=\"async\" loading=\"lazy\" src=\"https:\/\/ispef-cat.infd.edu.ar\/sitio\/wp-content\/uploads\/2022\/05\/Naranja-y-Verde-Presentacion-Secundaria-Boton-de-Schoology-6.png\" alt=\"\" class=\"wp-image-3284\" width=\"191\" height=\"191\" srcset=\"https:\/\/ispef-cat.infd.edu.ar\/sitio\/wp-content\/uploads\/2022\/05\/Naranja-y-Verde-Presentacion-Secundaria-Boton-de-Schoology-6.png 1080w, https:\/\/ispef-cat.infd.edu.ar\/sitio\/wp-content\/uploads\/2022\/05\/Naranja-y-Verde-Presentacion-Secundaria-Boton-de-Schoology-6-1000x1000.png 1000w, https:\/\/ispef-cat.infd.edu.ar\/sitio\/wp-content\/uploads\/2022\/05\/Naranja-y-Verde-Presentacion-Secundaria-Boton-de-Schoology-6-500x500.png 500w, https:\/\/ispef-cat.infd.edu.ar\/sitio\/wp-content\/uploads\/2022\/05\/Naranja-y-Verde-Presentacion-Secundaria-Boton-de-Schoology-6-768x768.png 768w\" sizes=\"(max-width: 191px) 100vw, 191px\" \/><\/a><\/figure><\/div><\/div>\n<\/div>\n<\/div>\n\n\n\n<div class=\"wp-block-column is-layout-flow\">\n<div class=\"wp-block-columns is-layout-flex wp-container-7\">\n<div class=\"wp-block-column is-layout-flow\"><div class=\"wp-block-image\">\n<figure class=\"aligncenter size-large is-resized\"><a href=\"https:\/\/ispef-cat.infd.edu.ar\/sitio\/programas-de-catedras-2\/\"><img decoding=\"async\" loading=\"lazy\" src=\"https:\/\/ispef-cat.infd.edu.ar\/sitio\/wp-content\/uploads\/2022\/05\/Naranja-y-Verde-Presentacion-Secundaria-Boton-de-Schoology-7.png\" alt=\"\" class=\"wp-image-3287\" width=\"191\" height=\"191\" srcset=\"https:\/\/ispef-cat.infd.edu.ar\/sitio\/wp-content\/uploads\/2022\/05\/Naranja-y-Verde-Presentacion-Secundaria-Boton-de-Schoology-7.png 1080w, https:\/\/ispef-cat.infd.edu.ar\/sitio\/wp-content\/uploads\/2022\/05\/Naranja-y-Verde-Presentacion-Secundaria-Boton-de-Schoology-7-1000x1000.png 1000w, https:\/\/ispef-cat.infd.edu.ar\/sitio\/wp-content\/uploads\/2022\/05\/Naranja-y-Verde-Presentacion-Secundaria-Boton-de-Schoology-7-500x500.png 500w, https:\/\/ispef-cat.infd.edu.ar\/sitio\/wp-content\/uploads\/2022\/05\/Naranja-y-Verde-Presentacion-Secundaria-Boton-de-Schoology-7-768x768.png 768w\" sizes=\"(max-width: 191px) 100vw, 191px\" \/><\/a><\/figure><\/div><\/div>\n\n\n\n<div class=\"wp-block-column is-layout-flow\"><div class=\"wp-block-image\">\n<figure class=\"aligncenter size-large is-resized\"><a href=\"https:\/\/ispef-cat.infd.edu.ar\/sitio\/horarios-de-cursado\/\"><img decoding=\"async\" loading=\"lazy\" src=\"https:\/\/ispef-cat.infd.edu.ar\/sitio\/wp-content\/uploads\/2022\/05\/Naranja-y-Verde-Presentacion-Secundaria-Boton-de-Schoology-8.png\" alt=\"\" class=\"wp-image-3289\" width=\"191\" height=\"191\" srcset=\"https:\/\/ispef-cat.infd.edu.ar\/sitio\/wp-content\/uploads\/2022\/05\/Naranja-y-Verde-Presentacion-Secundaria-Boton-de-Schoology-8.png 1080w, https:\/\/ispef-cat.infd.edu.ar\/sitio\/wp-content\/uploads\/2022\/05\/Naranja-y-Verde-Presentacion-Secundaria-Boton-de-Schoology-8-1000x1000.png 1000w, https:\/\/ispef-cat.infd.edu.ar\/sitio\/wp-content\/uploads\/2022\/05\/Naranja-y-Verde-Presentacion-Secundaria-Boton-de-Schoology-8-500x500.png 500w, https:\/\/ispef-cat.infd.edu.ar\/sitio\/wp-content\/uploads\/2022\/05\/Naranja-y-Verde-Presentacion-Secundaria-Boton-de-Schoology-8-768x768.png 768w\" sizes=\"(max-width: 191px) 100vw, 191px\" \/><\/a><\/figure><\/div><\/div>\n<\/div>\n<\/div>\n<\/div>\n\n\n\n<div class=\"wp-block-columns is-layout-flex wp-container-12\">\n<div class=\"wp-block-column is-layout-flow\" style=\"flex-basis:75%\"><style>.wp-show-posts-columns#wpsp-3282 {margin-left: -2em; }.wp-show-posts-columns#wpsp-3282 .wp-show-posts-inner {margin: 0 0 2em 2em; }<\/style><section id=\"wpsp-3282\" class=\" wp-show-posts-columns wp-show-posts\" style=\"\"><article class=\" wp-show-posts-single post-5440 post type-post status-publish format-standard has-post-thumbnail hentry category-alumnos tag-alumno tag-examenes wpsp-col-6\" itemtype=\"http:\/\/schema.org\/CreativeWork\" itemscope><div class=\"wp-show-posts-inner\" style=\"\">\t\t<div class=\"wp-show-posts-image  wpsp-image-center \">\n\t\t\t<a href=\"https:\/\/ispef-cat.infd.edu.ar\/sitio\/mesas-de-examen-de-natacion-turno-extraordinario-de-septiembre-2024\/\"  title=\"MESAS DE EXAMEN DE NATACI\u00d3N \u2013 TURNO EXTRAORDINARIO DE SEPTIEMBRE 2024\"><img width=\"1080\" height=\"1080\" src=\"https:\/\/ispef-cat.infd.edu.ar\/sitio\/wp-content\/uploads\/2024\/12\/img-.ISEF-13.png\" class=\"attachment-full size-full wp-post-image\" alt=\"\" decoding=\"async\" loading=\"lazy\" itemprop=\"image\" srcset=\"https:\/\/ispef-cat.infd.edu.ar\/sitio\/wp-content\/uploads\/2024\/12\/img-.ISEF-13.png 1080w, https:\/\/ispef-cat.infd.edu.ar\/sitio\/wp-content\/uploads\/2024\/12\/img-.ISEF-13-1000x1000.png 1000w, https:\/\/ispef-cat.infd.edu.ar\/sitio\/wp-content\/uploads\/2024\/12\/img-.ISEF-13-500x500.png 500w, https:\/\/ispef-cat.infd.edu.ar\/sitio\/wp-content\/uploads\/2024\/12\/img-.ISEF-13-768x768.png 768w\" sizes=\"(max-width: 1080px) 100vw, 1080px\" \/><\/a>\t\t<\/div>\n\t\t\t\t\t\t\t\t<header class=\"wp-show-posts-entry-header\">\n\t\t\t\t\t\t\t<h4 class=\"wp-show-posts-entry-title\" itemprop=\"headline\"><a href=\"https:\/\/ispef-cat.infd.edu.ar\/sitio\/mesas-de-examen-de-natacion-turno-extraordinario-de-septiembre-2024\/\" rel=\"bookmark\">MESAS DE EXAMEN DE NATACI\u00d3N \u2013 TURNO EXTRAORDINARIO DE SEPTIEMBRE 2024<\/a><\/h4><div class=\"wp-show-posts-entry-meta wp-show-posts-entry-meta-below-title post-meta-inline\"><span class=\"wp-show-posts-posted-on wp-show-posts-meta\">\n\t\t\t\t\t<a href=\"https:\/\/ispef-cat.infd.edu.ar\/sitio\/mesas-de-examen-de-natacion-turno-extraordinario-de-septiembre-2024\/\" title=\"1:14 pm\" rel=\"bookmark\"><time class=\"wp-show-posts-entry-date published\" datetime=\"2024-12-16T13:14:43-03:00\" itemprop=\"datePublished\">16 diciembre, 2024<\/time><time class=\"wp-show-posts-updated\" datetime=\"2024-12-16T13:14:45-03:00\" itemprop=\"dateModified\">16 diciembre, 2024<\/time><\/a>\n\t\t\t\t<\/span><\/div>\t\t\t\t\t\t<\/header><!-- .entry-header -->\n\t\t\t\t\t\t\t\t\t\t\t<div class=\"wp-show-posts-entry-summary\" itemprop=\"text\">\n\t\t\t\t\t\t\t<p>Se informa que se llevar\u00e1 a cabo la mesa de examen de Nataci\u00f3n , correspondiente al TURNO EXTRAORDINARIO DE SEPTIEMBRE 2024, el d\u00eda JUEVES 19 DE DICIEMBRE. Dado que esta&#8230;<\/p>\n\t\t\t\t\t\t<\/div><!-- .entry-summary -->\n\t\t\t\t\t<\/div><!-- wp-show-posts-inner --><\/article><article class=\" wp-show-posts-single post-5430 post type-post status-publish format-standard has-post-thumbnail hentry category-alumnos category-comunidad-isef tag-alumno tag-examenes wpsp-col-6\" itemtype=\"http:\/\/schema.org\/CreativeWork\" itemscope><div class=\"wp-show-posts-inner\" style=\"\">\t\t<div class=\"wp-show-posts-image  wpsp-image-center \">\n\t\t\t<a href=\"https:\/\/ispef-cat.infd.edu.ar\/sitio\/mesas-de-examen-de-natacion-turno-de-julio-2024\/\"  title=\"MESAS DE EXAMEN DE NATACI\u00d3N &#8211; TURNO DE JULIO 2024\"><img width=\"1080\" height=\"1080\" src=\"https:\/\/ispef-cat.infd.edu.ar\/sitio\/wp-content\/uploads\/2024\/12\/img-.ISEF-17.png\" class=\"attachment-full size-full wp-post-image\" alt=\"\" decoding=\"async\" loading=\"lazy\" itemprop=\"image\" srcset=\"https:\/\/ispef-cat.infd.edu.ar\/sitio\/wp-content\/uploads\/2024\/12\/img-.ISEF-17.png 1080w, https:\/\/ispef-cat.infd.edu.ar\/sitio\/wp-content\/uploads\/2024\/12\/img-.ISEF-17-1000x1000.png 1000w, https:\/\/ispef-cat.infd.edu.ar\/sitio\/wp-content\/uploads\/2024\/12\/img-.ISEF-17-500x500.png 500w, https:\/\/ispef-cat.infd.edu.ar\/sitio\/wp-content\/uploads\/2024\/12\/img-.ISEF-17-768x768.png 768w\" sizes=\"(max-width: 1080px) 100vw, 1080px\" \/><\/a>\t\t<\/div>\n\t\t\t\t\t\t\t\t<header class=\"wp-show-posts-entry-header\">\n\t\t\t\t\t\t\t<h4 class=\"wp-show-posts-entry-title\" itemprop=\"headline\"><a href=\"https:\/\/ispef-cat.infd.edu.ar\/sitio\/mesas-de-examen-de-natacion-turno-de-julio-2024\/\" rel=\"bookmark\">MESAS DE EXAMEN DE NATACI\u00d3N &#8211; TURNO DE JULIO 2024<\/a><\/h4><div class=\"wp-show-posts-entry-meta wp-show-posts-entry-meta-below-title post-meta-inline\"><span class=\"wp-show-posts-posted-on wp-show-posts-meta\">\n\t\t\t\t\t<a href=\"https:\/\/ispef-cat.infd.edu.ar\/sitio\/mesas-de-examen-de-natacion-turno-de-julio-2024\/\" title=\"8:03 am\" rel=\"bookmark\"><time class=\"wp-show-posts-entry-date published\" datetime=\"2024-12-04T08:03:00-03:00\" itemprop=\"datePublished\">4 diciembre, 2024<\/time><time class=\"wp-show-posts-updated\" datetime=\"2024-12-04T09:53:21-03:00\" itemprop=\"dateModified\">4 diciembre, 2024<\/time><\/a>\n\t\t\t\t<\/span><\/div>\t\t\t\t\t\t<\/header><!-- .entry-header -->\n\t\t\t\t\t\t\t\t\t\t\t<div class=\"wp-show-posts-entry-summary\" itemprop=\"text\">\n\t\t\t\t\t\t\t<p>Se informa que se llevar\u00e1 a cabo la mesa de examen de Nataci\u00f3n , correspondiente al turno julio 2024, el d\u00eda JUEVES 12 DE DICIEMBRE. Dado que esta mesa se&#8230;<\/p>\n\t\t\t\t\t\t<\/div><!-- .entry-summary -->\n\t\t\t\t\t<\/div><!-- wp-show-posts-inner --><\/article><article class=\" wp-show-posts-single post-5427 post type-post status-publish format-standard has-post-thumbnail hentry category-alumnos category-comunidad-isef tag-alumno tag-examenes wpsp-col-6\" itemtype=\"http:\/\/schema.org\/CreativeWork\" itemscope><div class=\"wp-show-posts-inner\" style=\"\">\t\t<div class=\"wp-show-posts-image  wpsp-image-center \">\n\t\t\t<a href=\"https:\/\/ispef-cat.infd.edu.ar\/sitio\/inscripcion-a-examenes-turno-diciembre-2024-alumnos-siu-guarani\/\"  title=\"INSCRIPCI\u00d3N A EX\u00c1MENES\u2013 TURNO DICIEMBRE 2024- ALUMNOS SIU GUARANI\"><img width=\"1080\" height=\"1080\" src=\"https:\/\/ispef-cat.infd.edu.ar\/sitio\/wp-content\/uploads\/2024\/12\/img-.ISEF-16.png\" class=\"attachment-full size-full wp-post-image\" alt=\"\" decoding=\"async\" loading=\"lazy\" itemprop=\"image\" srcset=\"https:\/\/ispef-cat.infd.edu.ar\/sitio\/wp-content\/uploads\/2024\/12\/img-.ISEF-16.png 1080w, https:\/\/ispef-cat.infd.edu.ar\/sitio\/wp-content\/uploads\/2024\/12\/img-.ISEF-16-1000x1000.png 1000w, https:\/\/ispef-cat.infd.edu.ar\/sitio\/wp-content\/uploads\/2024\/12\/img-.ISEF-16-500x500.png 500w, https:\/\/ispef-cat.infd.edu.ar\/sitio\/wp-content\/uploads\/2024\/12\/img-.ISEF-16-768x768.png 768w\" sizes=\"(max-width: 1080px) 100vw, 1080px\" \/><\/a>\t\t<\/div>\n\t\t\t\t\t\t\t\t<header class=\"wp-show-posts-entry-header\">\n\t\t\t\t\t\t\t<h4 class=\"wp-show-posts-entry-title\" itemprop=\"headline\"><a href=\"https:\/\/ispef-cat.infd.edu.ar\/sitio\/inscripcion-a-examenes-turno-diciembre-2024-alumnos-siu-guarani\/\" rel=\"bookmark\">INSCRIPCI\u00d3N A EX\u00c1MENES\u2013 TURNO DICIEMBRE 2024- ALUMNOS SIU GUARANI<\/a><\/h4><div class=\"wp-show-posts-entry-meta wp-show-posts-entry-meta-below-title post-meta-inline\"><span class=\"wp-show-posts-posted-on wp-show-posts-meta\">\n\t\t\t\t\t<a href=\"https:\/\/ispef-cat.infd.edu.ar\/sitio\/inscripcion-a-examenes-turno-diciembre-2024-alumnos-siu-guarani\/\" title=\"8:02 am\" rel=\"bookmark\"><time class=\"wp-show-posts-entry-date published\" datetime=\"2024-12-04T08:02:00-03:00\" itemprop=\"datePublished\">4 diciembre, 2024<\/time><time class=\"wp-show-posts-updated\" datetime=\"2024-12-03T13:13:47-03:00\" itemprop=\"dateModified\">3 diciembre, 2024<\/time><\/a>\n\t\t\t\t<\/span><\/div>\t\t\t\t\t\t<\/header><!-- .entry-header -->\n\t\t\t\t\t\t\t\t\t\t\t<div class=\"wp-show-posts-entry-summary\" itemprop=\"text\">\n\t\t\t\t\t\t\t<p>INSCRIPCI\u00d3N MEDIANTE SIU GUARAN\u00cd A MESAS DE EXAMEN correspondiente al turno de DICIEMBRE 2024 el PLAN DE ESTUDIOS N\u00b0 117\/14EX\u00c1MENES TURNO\u00a0DICIEMBRE 2024 DEL\u00a010\/12\/24 AL 19\/12\/24 Se comunica a los estudiantes&#8230;<\/p>\n\t\t\t\t\t\t<\/div><!-- .entry-summary -->\n\t\t\t\t\t<\/div><!-- wp-show-posts-inner --><\/article><article class=\" wp-show-posts-single post-5418 post type-post status-publish format-standard has-post-thumbnail hentry category-alumnos category-comunidad-isef tag-alumno tag-examenes wpsp-col-6\" itemtype=\"http:\/\/schema.org\/CreativeWork\" itemscope><div class=\"wp-show-posts-inner\" style=\"\">\t\t<div class=\"wp-show-posts-image  wpsp-image-center \">\n\t\t\t<a href=\"https:\/\/ispef-cat.infd.edu.ar\/sitio\/inscripcion-a-examenes-turno-diciembre-2024-alumnos-no-siu-guarani\/\"  title=\"INSCRIPCI\u00d3N A EX\u00c1MENES\u2013 TURNO DICIEMBRE 2024- ALUMNOS NO SIU GUARANI\"><img width=\"1080\" height=\"1080\" src=\"https:\/\/ispef-cat.infd.edu.ar\/sitio\/wp-content\/uploads\/2024\/12\/img-.ISEF-15.png\" class=\"attachment-full size-full wp-post-image\" alt=\"\" decoding=\"async\" loading=\"lazy\" itemprop=\"image\" srcset=\"https:\/\/ispef-cat.infd.edu.ar\/sitio\/wp-content\/uploads\/2024\/12\/img-.ISEF-15.png 1080w, https:\/\/ispef-cat.infd.edu.ar\/sitio\/wp-content\/uploads\/2024\/12\/img-.ISEF-15-1000x1000.png 1000w, https:\/\/ispef-cat.infd.edu.ar\/sitio\/wp-content\/uploads\/2024\/12\/img-.ISEF-15-500x500.png 500w, https:\/\/ispef-cat.infd.edu.ar\/sitio\/wp-content\/uploads\/2024\/12\/img-.ISEF-15-768x768.png 768w\" sizes=\"(max-width: 1080px) 100vw, 1080px\" \/><\/a>\t\t<\/div>\n\t\t\t\t\t\t\t\t<header class=\"wp-show-posts-entry-header\">\n\t\t\t\t\t\t\t<h4 class=\"wp-show-posts-entry-title\" itemprop=\"headline\"><a href=\"https:\/\/ispef-cat.infd.edu.ar\/sitio\/inscripcion-a-examenes-turno-diciembre-2024-alumnos-no-siu-guarani\/\" rel=\"bookmark\">INSCRIPCI\u00d3N A EX\u00c1MENES\u2013 TURNO DICIEMBRE 2024- ALUMNOS NO SIU GUARANI<\/a><\/h4><div class=\"wp-show-posts-entry-meta wp-show-posts-entry-meta-below-title post-meta-inline\"><span class=\"wp-show-posts-posted-on wp-show-posts-meta\">\n\t\t\t\t\t<a href=\"https:\/\/ispef-cat.infd.edu.ar\/sitio\/inscripcion-a-examenes-turno-diciembre-2024-alumnos-no-siu-guarani\/\" title=\"8:01 am\" rel=\"bookmark\"><time class=\"wp-show-posts-entry-date published\" datetime=\"2024-12-04T08:01:00-03:00\" itemprop=\"datePublished\">4 diciembre, 2024<\/time><time class=\"wp-show-posts-updated\" datetime=\"2024-12-04T09:53:55-03:00\" itemprop=\"dateModified\">4 diciembre, 2024<\/time><\/a>\n\t\t\t\t<\/span><\/div>\t\t\t\t\t\t<\/header><!-- .entry-header -->\n\t\t\t\t\t\t\t\t\t\t\t<div class=\"wp-show-posts-entry-summary\" itemprop=\"text\">\n\t\t\t\t\t\t\t<p>INSCRIPCI\u00d3N ALUMNOS NO SIU GUARAN\u00cd A MESAS DE EXAMEN&nbsp; INSCRIPCI\u00d3N A EX\u00c1MENES TURNO DE DICIEMBRE 2024EX\u00c1MENES EXTRAORDINARIA- TURNO&nbsp;DICIEMBRE 2024 DEL&nbsp;10\/12\/24 AL 19\/12\/24 Se encuentra habilitado el FORMULARIO DE INSCRIPCI\u00d3N PARA&#8230;<\/p>\n\t\t\t\t\t\t<\/div><!-- .entry-summary -->\n\t\t\t\t\t<\/div><!-- wp-show-posts-inner --><\/article><article class=\" wp-show-posts-single post-5415 post type-post status-publish format-standard has-post-thumbnail hentry category-alumnos category-comunidad-isef tag-alumno tag-examenes wpsp-col-6\" itemtype=\"http:\/\/schema.org\/CreativeWork\" itemscope><div class=\"wp-show-posts-inner\" style=\"\">\t\t<div class=\"wp-show-posts-image  wpsp-image-center \">\n\t\t\t<a href=\"https:\/\/ispef-cat.infd.edu.ar\/sitio\/fechas-de-examenes-finales-turno-diciembre-2024\/\"  title=\"FECHAS DE EX\u00c1MENES FINALES \u2013 TURNO DICIEMBRE 2024\"><img width=\"1080\" height=\"1080\" src=\"https:\/\/ispef-cat.infd.edu.ar\/sitio\/wp-content\/uploads\/2024\/12\/img-.ISEF-14.png\" class=\"attachment-full size-full wp-post-image\" alt=\"\" decoding=\"async\" loading=\"lazy\" itemprop=\"image\" srcset=\"https:\/\/ispef-cat.infd.edu.ar\/sitio\/wp-content\/uploads\/2024\/12\/img-.ISEF-14.png 1080w, https:\/\/ispef-cat.infd.edu.ar\/sitio\/wp-content\/uploads\/2024\/12\/img-.ISEF-14-1000x1000.png 1000w, https:\/\/ispef-cat.infd.edu.ar\/sitio\/wp-content\/uploads\/2024\/12\/img-.ISEF-14-500x500.png 500w, https:\/\/ispef-cat.infd.edu.ar\/sitio\/wp-content\/uploads\/2024\/12\/img-.ISEF-14-768x768.png 768w\" sizes=\"(max-width: 1080px) 100vw, 1080px\" \/><\/a>\t\t<\/div>\n\t\t\t\t\t\t\t\t<header class=\"wp-show-posts-entry-header\">\n\t\t\t\t\t\t\t<h4 class=\"wp-show-posts-entry-title\" itemprop=\"headline\"><a href=\"https:\/\/ispef-cat.infd.edu.ar\/sitio\/fechas-de-examenes-finales-turno-diciembre-2024\/\" rel=\"bookmark\">FECHAS DE EX\u00c1MENES FINALES \u2013 TURNO DICIEMBRE 2024<\/a><\/h4><div class=\"wp-show-posts-entry-meta wp-show-posts-entry-meta-below-title post-meta-inline\"><span class=\"wp-show-posts-posted-on wp-show-posts-meta\">\n\t\t\t\t\t<a href=\"https:\/\/ispef-cat.infd.edu.ar\/sitio\/fechas-de-examenes-finales-turno-diciembre-2024\/\" title=\"8:00 am\" rel=\"bookmark\"><time class=\"wp-show-posts-entry-date published\" datetime=\"2024-12-04T08:00:00-03:00\" itemprop=\"datePublished\">4 diciembre, 2024<\/time><time class=\"wp-show-posts-updated\" datetime=\"2024-12-04T08:33:59-03:00\" itemprop=\"dateModified\">4 diciembre, 2024<\/time><\/a>\n\t\t\t\t<\/span><\/div>\t\t\t\t\t\t<\/header><!-- .entry-header -->\n\t\t\t\t\t\t\t\t\t\t\t<div class=\"wp-show-posts-entry-summary\" itemprop=\"text\">\n\t\t\t\t\t\t\t<p>Informamos que se encuentran disponibles las fechas de ex\u00e1menes correspondientes a las mesas de DICIEMBRE 2024 para su descarga.<\/p>\n\t\t\t\t\t\t<\/div><!-- .entry-summary -->\n\t\t\t\t\t<\/div><!-- wp-show-posts-inner --><\/article><article class=\" wp-show-posts-single post-5404 post type-post status-publish format-standard has-post-thumbnail hentry category-alumnos category-comunidad-isef tag-alumno tag-examenes wpsp-col-6\" itemtype=\"http:\/\/schema.org\/CreativeWork\" itemscope><div class=\"wp-show-posts-inner\" style=\"\">\t\t<div class=\"wp-show-posts-image  wpsp-image-center \">\n\t\t\t<a href=\"https:\/\/ispef-cat.infd.edu.ar\/sitio\/inscripcion-examenes-de-natacion-mesas-de-examen-turno-extraordinario-de-mayo-2024\/\"  title=\"INSCRIPCI\u00d3N EX\u00c1MENES DE NATACI\u00d3N &#8211; MESAS DE EXAMEN TURNO EXTRAORDINARIO DE MAYO 2024\"><img width=\"1080\" height=\"1080\" src=\"https:\/\/ispef-cat.infd.edu.ar\/sitio\/wp-content\/uploads\/2024\/11\/img-.ISEF-16.png\" class=\"attachment-full size-full wp-post-image\" alt=\"\" decoding=\"async\" loading=\"lazy\" itemprop=\"image\" srcset=\"https:\/\/ispef-cat.infd.edu.ar\/sitio\/wp-content\/uploads\/2024\/11\/img-.ISEF-16.png 1080w, https:\/\/ispef-cat.infd.edu.ar\/sitio\/wp-content\/uploads\/2024\/11\/img-.ISEF-16-1000x1000.png 1000w, https:\/\/ispef-cat.infd.edu.ar\/sitio\/wp-content\/uploads\/2024\/11\/img-.ISEF-16-500x500.png 500w, https:\/\/ispef-cat.infd.edu.ar\/sitio\/wp-content\/uploads\/2024\/11\/img-.ISEF-16-768x768.png 768w\" sizes=\"(max-width: 1080px) 100vw, 1080px\" \/><\/a>\t\t<\/div>\n\t\t\t\t\t\t\t\t<header class=\"wp-show-posts-entry-header\">\n\t\t\t\t\t\t\t<h4 class=\"wp-show-posts-entry-title\" itemprop=\"headline\"><a href=\"https:\/\/ispef-cat.infd.edu.ar\/sitio\/inscripcion-examenes-de-natacion-mesas-de-examen-turno-extraordinario-de-mayo-2024\/\" rel=\"bookmark\">INSCRIPCI\u00d3N EX\u00c1MENES DE NATACI\u00d3N &#8211; MESAS DE EXAMEN TURNO EXTRAORDINARIO DE MAYO 2024<\/a><\/h4><div class=\"wp-show-posts-entry-meta wp-show-posts-entry-meta-below-title post-meta-inline\"><span class=\"wp-show-posts-posted-on wp-show-posts-meta\">\n\t\t\t\t\t<a href=\"https:\/\/ispef-cat.infd.edu.ar\/sitio\/inscripcion-examenes-de-natacion-mesas-de-examen-turno-extraordinario-de-mayo-2024\/\" title=\"12:45 pm\" rel=\"bookmark\"><time class=\"wp-show-posts-entry-date published\" datetime=\"2024-11-21T12:45:51-03:00\" itemprop=\"datePublished\">21 noviembre, 2024<\/time><time class=\"wp-show-posts-updated\" datetime=\"2024-11-21T12:47:34-03:00\" itemprop=\"dateModified\">21 noviembre, 2024<\/time><\/a>\n\t\t\t\t<\/span><\/div>\t\t\t\t\t\t<\/header><!-- .entry-header -->\n\t\t\t\t\t\t\t\t\t\t\t<div class=\"wp-show-posts-entry-summary\" itemprop=\"text\">\n\t\t\t\t\t\t\t<p>MESAS DE EXAMEN correspondiente al TURNO EXTRAORDINARIO DE MAYO 2024 del PLAN DE ESTUDIOS N\u00b0 117\/14 Se informa que se llevar\u00e1 a cabo la mesa de examen de Nataci\u00f3n ,&#8230;<\/p>\n\t\t\t\t\t\t<\/div><!-- .entry-summary -->\n\t\t\t\t\t<\/div><!-- wp-show-posts-inner --><\/article><div class=\"wpsp-clear\"><\/div><\/section><!-- .wp-show-posts --><div class=\"wpsp-load-more\"><span aria-current=\"page\" class=\"page-numbers current\">1<\/span>\n<a class=\"page-numbers\" href=\"https:\/\/ispef-cat.infd.edu.ar\/sitio\/wp-json\/wp\/v2\/pages\/3247\/page\/2\/\">2<\/a>\n<span class=\"page-numbers dots\">&hellip;<\/span>\n<a class=\"page-numbers\" href=\"https:\/\/ispef-cat.infd.edu.ar\/sitio\/wp-json\/wp\/v2\/pages\/3247\/page\/21\/\">21<\/a>\n<a class=\"next page-numbers\" href=\"https:\/\/ispef-cat.infd.edu.ar\/sitio\/wp-json\/wp\/v2\/pages\/3247\/page\/2\/\">Siguiente &rarr;<\/a><\/div>\n<\/div>\n\n\n\n<div class=\"wp-block-column is-layout-flow\" style=\"flex-basis:25%\"><div class=\"wp-block-image\">\n<figure class=\"aligncenter size-large is-resized\"><a href=\"https:\/\/ispef-cat.infd.edu.ar\/sitio\/comunicados-a-alumnos\/\"><img decoding=\"async\" loading=\"lazy\" src=\"https:\/\/ispef-cat.infd.edu.ar\/sitio\/wp-content\/uploads\/2022\/05\/Naranja-y-Verde-Presentacion-Secundaria-Boton-de-Schoology-9.png\" alt=\"\" class=\"wp-image-3293\" width=\"191\" height=\"191\" srcset=\"https:\/\/ispef-cat.infd.edu.ar\/sitio\/wp-content\/uploads\/2022\/05\/Naranja-y-Verde-Presentacion-Secundaria-Boton-de-Schoology-9.png 1080w, https:\/\/ispef-cat.infd.edu.ar\/sitio\/wp-content\/uploads\/2022\/05\/Naranja-y-Verde-Presentacion-Secundaria-Boton-de-Schoology-9-1000x1000.png 1000w, https:\/\/ispef-cat.infd.edu.ar\/sitio\/wp-content\/uploads\/2022\/05\/Naranja-y-Verde-Presentacion-Secundaria-Boton-de-Schoology-9-500x500.png 500w, https:\/\/ispef-cat.infd.edu.ar\/sitio\/wp-content\/uploads\/2022\/05\/Naranja-y-Verde-Presentacion-Secundaria-Boton-de-Schoology-9-768x768.png 768w\" sizes=\"(max-width: 191px) 100vw, 191px\" \/><\/a><\/figure><\/div><\/div>\n<\/div>\n\n\n\n<p><\/p>\n","protected":false},"excerpt":{"rendered":"<p>En la secci\u00f3n Alumnos encontraremos informaci\u00f3n de inter\u00e9s para todo el alumnado de nuestra Instituci\u00f3n de Formaci\u00f3n Docente.<\/p>\n","protected":false},"author":5583,"featured_media":0,"parent":0,"menu_order":0,"comment_status":"closed","ping_status":"closed","template":"","meta":[],"acf":[],"_links":{"self":[{"href":"https:\/\/ispef-cat.infd.edu.ar\/sitio\/wp-json\/wp\/v2\/pages\/3247"}],"collection":[{"href":"https:\/\/ispef-cat.infd.edu.ar\/sitio\/wp-json\/wp\/v2\/pages"}],"about":[{"href":"https:\/\/ispef-cat.infd.edu.ar\/sitio\/wp-json\/wp\/v2\/types\/page"}],"author":[{"embeddable":true,"href":"https:\/\/ispef-cat.infd.edu.ar\/sitio\/wp-json\/wp\/v2\/users\/5583"}],"replies":[{"embeddable":true,"href":"https:\/\/ispef-cat.infd.edu.ar\/sitio\/wp-json\/wp\/v2\/comments?post=3247"}],"version-history":[{"count":14,"href":"https:\/\/ispef-cat.infd.edu.ar\/sitio\/wp-json\/wp\/v2\/pages\/3247\/revisions"}],"predecessor-version":[{"id":4587,"href":"https:\/\/ispef-cat.infd.edu.ar\/sitio\/wp-json\/wp\/v2\/pages\/3247\/revisions\/4587"}],"wp:attachment":[{"href":"https:\/\/ispef-cat.infd.edu.ar\/sitio\/wp-json\/wp\/v2\/media?parent=3247"}],"curies":[{"name":"wp","href":"https:\/\/api.w.org\/{rel}","templated":true}]}}