{"id":3344,"date":"2022-05-24T19:06:28","date_gmt":"2022-05-24T22:06:28","guid":{"rendered":"https:\/\/ispef-cat.infd.edu.ar\/sitio\/?page_id=3344"},"modified":"2022-07-07T16:11:58","modified_gmt":"2022-07-07T19:11:58","slug":"programa-de-catedra-plan-117-2022","status":"publish","type":"page","link":"https:\/\/ispef-cat.infd.edu.ar\/sitio\/programa-de-catedra-plan-117-2022\/","title":{"rendered":"PROGRAMA DE CATEDRA &#8211; Plan 117 &#8211; 2022"},"content":{"rendered":"\n<figure class=\"wp-block-image size-large is-resized\"><a href=\"https:\/\/ispef-cat.infd.edu.ar\/sitio\/\"><img decoding=\"async\" loading=\"lazy\" src=\"https:\/\/ispef-cat.infd.edu.ar\/sitio\/wp-content\/uploads\/2022\/03\/Instituto-Superior-de-Efucacion-Fisica-1640-\u00d7-300-px-1.png\" alt=\"\" class=\"wp-image-2757\" width=\"1020\" height=\"186\" srcset=\"https:\/\/ispef-cat.infd.edu.ar\/sitio\/wp-content\/uploads\/2022\/03\/Instituto-Superior-de-Efucacion-Fisica-1640-\u00d7-300-px-1.png 1640w, https:\/\/ispef-cat.infd.edu.ar\/sitio\/wp-content\/uploads\/2022\/03\/Instituto-Superior-de-Efucacion-Fisica-1640-\u00d7-300-px-1-1000x183.png 1000w, https:\/\/ispef-cat.infd.edu.ar\/sitio\/wp-content\/uploads\/2022\/03\/Instituto-Superior-de-Efucacion-Fisica-1640-\u00d7-300-px-1-768x140.png 768w, https:\/\/ispef-cat.infd.edu.ar\/sitio\/wp-content\/uploads\/2022\/03\/Instituto-Superior-de-Efucacion-Fisica-1640-\u00d7-300-px-1-1536x281.png 1536w\" sizes=\"(max-width: 1020px) 100vw, 1020px\" \/><\/a><\/figure>\n\n\n\n<div class=\"wp-block-columns is-layout-flex wp-container-3\">\n<div class=\"wp-block-column is-layout-flow\" style=\"flex-basis:33.33%\">\n<figure class=\"wp-block-image size-large\"><img decoding=\"async\" loading=\"lazy\" width=\"546\" height=\"300\" src=\"https:\/\/ispef-cat.infd.edu.ar\/sitio\/wp-content\/uploads\/2022\/03\/ano-4-1.png\" alt=\"\" class=\"wp-image-2739\"\/><\/figure>\n\n\n\n<p><a href=\"https:\/\/ispef-cat.infd.edu.ar\/sitio\/wp-admin\/edit.php?post_type=page\"><\/a><\/p>\n<\/div>\n\n\n\n<div class=\"wp-block-column is-layout-flow\" style=\"flex-basis:66.66%\">\n<ul><li><a href=\"https:\/\/ispef-cat.infd.edu.ar\/sitio\/wp-content\/uploads\/2022\/05\/PEDAGOGIA-1\u00b0-A-B-C-D-Y-E-OLGA-GARCIA-Y-PAULA-ORTIZ.pdf\">PEDAGOG\u00cdA &#8211; 1\u00b0 A, B, C, D Y E &#8211; OLGA GARC\u00cdA Y PAULA ORTIZ<\/a><\/li><li><a href=\"https:\/\/ispef-cat.infd.edu.ar\/sitio\/wp-content\/uploads\/2022\/07\/LECTURA-Y-ESCRITURA-ACADEMICA.-1\u00b0-A-B-C-D-Y-E-ELI-VAQUINZAY.pdf\">LECTURA Y ESCRITURA ACAD\u00c9MICA 1\u00b0 A, B, C, D Y E &#8211; VAQUINSAY ELIZABETH<\/a><\/li><li><a href=\"https:\/\/ispef-cat.infd.edu.ar\/sitio\/wp-content\/uploads\/2022\/05\/DIDACTICA-GENERAL-1\u00b0-A-ROCIO-SALAS.pdf\">DID\u00c1CTICA GENERAL 1\u00b0 A &#8211; ROCIO SALAS<\/a><\/li><li><a href=\"https:\/\/ispef-cat.infd.edu.ar\/sitio\/wp-content\/uploads\/2022\/05\/ATLETISMO-I-1\u00b0-A-B-C-D-Y-E-MARIO-GALLETI.-HECTOR-SILVA.-VICTOR-REINOSO.pdf\">ATLETISMO I- 1\u00b0 A, B, C, D, Y E- MARIO GALLETI. H\u00c9CTOR SILVA. V\u00cdCTOR REINOSO<\/a><\/li><li><a href=\"https:\/\/ispef-cat.infd.edu.ar\/sitio\/wp-content\/uploads\/2022\/05\/ANATOMIA-FUNCIONAL-1\u00b0-B-PABLO-COLLIVA.pdf\">ANATOM\u00cdA FUNCIONAL 1\u00b0 B &#8211; PABLO COLLIVA<\/a><\/li><li><a href=\"https:\/\/ispef-cat.infd.edu.ar\/sitio\/wp-content\/uploads\/2022\/05\/PRACTICA-I-GABRIELA-MENDOZA.pdf\">PRACTICA I  A, B y D- GABRIELA MENDOZA<\/a><\/li><li><a href=\"https:\/\/ispef-cat.infd.edu.ar\/sitio\/wp-content\/uploads\/2022\/05\/PSICOLOGIA-EDUCACIONAL-1\u00b0-A-Y-C-SOSA-REINOSO-JULIANA.pdf\">PSICOLOG\u00cdA EDUCACIONAL 1\u00b0 A Y C &#8211; SOSA REINOSO JULIANA<\/a><\/li><li><a href=\"https:\/\/ispef-cat.infd.edu.ar\/sitio\/wp-content\/uploads\/2022\/06\/JUEGO-Y-RECREACION-1\u00b0-A-B-C-D-Y-E-ANALIA-NIEVA-DANIEL-TOLOSA-PEDRO-OLIVERA.pdf\">JUEGO Y RECREACI\u00d3N &#8211; 1\u00b0 A, B, C, D Y E<\/a><a href=\"https:\/\/ispef-cat.infd.edu.ar\/sitio\/wp-content\/uploads\/2022\/06\/JUEGO-Y-RECREACION-1%C2%B0-A-B-C-D-Y-E-ANALIA-NIEVA-DANIEL-TOLOSA-PEDRO-OLIVERA.pdf\"> &#8211; ANALIA NIEVA, DANIEL TOLOSA , PEDRO OLIVERA<\/a><\/li><li><a href=\"https:\/\/ispef-cat.infd.edu.ar\/sitio\/wp-content\/uploads\/2022\/07\/ANATOMIA-1\u00b0-A-PABLO-CORDERO.pdf\">ANATOM\u00cdA 1\u00b0 A &#8211; PABLO CORDERO<\/a><\/li><li><a href=\"https:\/\/ispef-cat.infd.edu.ar\/sitio\/wp-content\/uploads\/2022\/07\/PSICOLOGIA-EDUCACIONAL-1\u00b0-B-Y-D-OLGA-GARCIA.pdf\">PSICOLOG\u00cdA EDUCACIONAL 1\u00b0 B Y D &#8211; OLGA GARC\u00cdA<\/a><\/li><li><a href=\"https:\/\/ispef-cat.infd.edu.ar\/sitio\/wp-content\/uploads\/2022\/07\/SUJETO-I-1\u00b0-C-TOMASA-QUIROGA.pdf\"><a href=\"http:\/\/sujeto%20de%20la%20educ.%20i%20ni%20y%20np.xn--%201%20d%20-%20victoria%20argaaraz%20fagonde-30b031a\/\">SUJETO DE LA EDUC. I- NI y NP.<\/a><\/a>&#8211;<a href=\"https:\/\/ispef-cat.infd.edu.ar\/sitio\/wp-content\/uploads\/2022\/07\/SUJETO-I-1\u00b0-C-TOMASA-QUIROGA.pdf\"> 1\u00b0 C TOMASA QUIROGA<\/a><\/li><li><a href=\"https:\/\/ispef-cat.infd.edu.ar\/sitio\/wp-content\/uploads\/2022\/07\/GIMNASIA-I-1\u00b0-A-B-C-D-Y-E-VERONICA-BRACAMONTE.pdf\">GIMNASIA I 1\u00b0 A, B, C, D Y E VER\u00d3NICA BRACAMONTE<\/a><\/li><li><a href=\"http:\/\/SUJETO DE LA EDUC. I NI y NP. 1\u00b0 D - VICTORIA ARGA\u00d1ARAZ FAGONDE\">SUJETO DE LA EDUC. I &#8211; NI y NP. 1\u00b0 A, B Y D &#8211; VICTORIA ARGA\u00d1ARAZ FAGONDE<\/a><\/li><li><a href=\"https:\/\/ispef-cat.infd.edu.ar\/sitio\/wp-content\/uploads\/2022\/07\/DIDACTICA-GENERAL-1\u00b0-B-ROCIO-SALAS.pdf\">DID\u00c1CTICA GENERAL 1\u00b0 B ROC\u00cdO SALAS<\/a><\/li><li><a href=\"https:\/\/ispef-cat.infd.edu.ar\/sitio\/wp-content\/uploads\/2022\/07\/DIDACTICA-GENERAL-1\u00b0D-ROCIO-SALAS.pdf\">DID\u00c1CTICA GENERAL 1\u00b0D-ROCIO SALAS<\/a><\/li><li><a href=\"https:\/\/ispef-cat.infd.edu.ar\/sitio\/wp-content\/uploads\/2022\/07\/DIDA\u0301CTICA-GENERAL-1\u00b0-C-Y-E-LAURA-REYES.pdf\">DIDA\u0301CTICA GENERAL 1\u00b0 C Y E &#8211; LAURA REYES<\/a><\/li><li><a href=\"https:\/\/ispef-cat.infd.edu.ar\/sitio\/wp-content\/uploads\/2022\/07\/TALLER-I-1\u00b0-C-Y-E-LAURA-REYES.pdf\">PRACTICA I-1\u00b0 C y E- LAURA REYES<\/a><\/li><li><a href=\"http:\/\/sujeto%20de%20la%20educ.%20i%20ni%20y%20np.xn--%201%20d%20-%20victoria%20argaaraz%20fagonde-30b031a\/\">SUJETO DE LA EDUC. I &#8211; NI y NP.- LAURA REYES<\/a><\/li><\/ul>\n\n\n\n<p><\/p>\n<\/div>\n<\/div>\n\n\n\n<hr class=\"wp-block-separator has-text-color has-background has-vivid-cyan-blue-background-color has-vivid-cyan-blue-color is-style-wide\"\/>\n\n\n\n<div class=\"wp-block-columns is-layout-flex wp-container-6\">\n<div class=\"wp-block-column is-layout-flow\" style=\"flex-basis:33.33%\">\n<figure class=\"wp-block-image size-large\"><img decoding=\"async\" loading=\"lazy\" width=\"546\" height=\"300\" src=\"https:\/\/ispef-cat.infd.edu.ar\/sitio\/wp-content\/uploads\/2022\/03\/ano-5-2.png\" alt=\"\" class=\"wp-image-2741\"\/><\/figure>\n<\/div>\n\n\n\n<div class=\"wp-block-column is-layout-flow\" style=\"flex-basis:66.66%\">\n<ul><li><a href=\"https:\/\/ispef-cat.infd.edu.ar\/sitio\/wp-content\/uploads\/2022\/05\/ATLETSIMO-II-2\u00b0-C-MARIO-GALLETTI.pdf\">ATLETISMO II- 2\u00b0 C &#8211; MARIO GALLETTI<\/a><\/li><li><a href=\"https:\/\/ispef-cat.infd.edu.ar\/sitio\/wp-content\/uploads\/2022\/05\/DIDACTICA-I-NI-Y-NP-2\u00b0-A-MARINA-SUAREZ.pdf\">DID\u00c1CTICA I NI Y NP 2\u00b0 A &#8211; MARINA SUAREZ<\/a><\/li><li><a href=\"https:\/\/ispef-cat.infd.edu.ar\/sitio\/wp-content\/uploads\/2022\/05\/SOCIOLOGIA-DE-LA-EDUCACION-2do-A-y-B-CLAUDIA-NIEVA.pdf\">SOCIOLOG\u00cdA DE LA EDUCACI\u00d3N 2do A y B &#8211; CLAUDIA NIEVA<\/a><\/li><li><a href=\"https:\/\/ispef-cat.infd.edu.ar\/sitio\/wp-content\/uploads\/2022\/05\/SOCIOLOGIA-2\u00b0-C-TORRES-N.pdf\">SOCIOLOG\u00cdA 2\u00b0 C &#8211; TORRES N<\/a><\/li><li><a href=\"https:\/\/ispef-cat.infd.edu.ar\/sitio\/wp-content\/uploads\/2022\/06\/ATLETISMO-II-2\u00b0-A-Y-B-ARIEL-ROSALES.pdf\">ATLETISMO II- 2\u00b0 A Y B- ARIEL ROSALES<\/a><\/li><li><a href=\"https:\/\/ispef-cat.infd.edu.ar\/sitio\/wp-content\/uploads\/2022\/07\/FISIOLOGIA-2\u00b0-A-B-Y-C-PABLO-CORDERO.pdf\">FISIOLOG\u00cdA 2\u00b0 A, B Y C PABLO CORDERO<\/a><\/li><li><a href=\"https:\/\/ispef-cat.infd.edu.ar\/sitio\/wp-content\/uploads\/2022\/07\/BIOMECANICA-2\u00b0-A-B-Y-C-PABLO-CORDERO.pdf\">BIOMECANICA 2\u00b0 A, B Y C PABLO CORDERO<\/a><\/li><li><a href=\"https:\/\/ispef-cat.infd.edu.ar\/sitio\/wp-content\/uploads\/2022\/07\/HISTORIA-Y-POLITICA-DE-LA-EDUC.-ARGENTINA-2\u00b0-C-TOMASA-QUIROGA.pdf\">HISTORIA Y POL\u00cdTICA DE LA EDUC. ARGENTINA 2\u00b0 C TOMASA QUIROGA<\/a><\/li><li><a href=\"https:\/\/ispef-cat.infd.edu.ar\/sitio\/wp-content\/uploads\/2022\/07\/SUJETO-II-2\u00b0-C-TOMASA-QUIROGA.pdf\">SUJETO II 2\u00b0 C &#8211; TOMASA QUIROGA<\/a><\/li><li><a href=\"https:\/\/ispef-cat.infd.edu.ar\/sitio\/wp-content\/uploads\/2022\/07\/GIMNASIA-II-2\u00b0-A-B-Y-C-PROF.-DANIEL-ARAGON-MALAK.pdf\">GIMNASIA II 2\u00b0 A, B Y C &#8211; PROF. DANIEL ARAG\u00d3N MALAK<\/a><\/li><li><a href=\"https:\/\/ispef-cat.infd.edu.ar\/sitio\/wp-content\/uploads\/2022\/07\/BASQUETBOL-2\u00b0-A-B-Y-C-PROF.-DANIEL-ARAGON-MALAK.pdf\">BASQUETBOL 2\u00b0 A, B Y C &#8211; PROF. DANIEL ARAG\u00d3N MALAK<\/a><\/li><\/ul>\n\n\n\n<p><\/p>\n<\/div>\n<\/div>\n\n\n\n<hr class=\"wp-block-separator has-text-color has-background has-vivid-cyan-blue-background-color has-vivid-cyan-blue-color is-style-wide\"\/>\n\n\n\n<div class=\"wp-block-columns is-layout-flex wp-container-9\">\n<div class=\"wp-block-column is-layout-flow\" style=\"flex-basis:33.33%\">\n<figure class=\"wp-block-image size-large\"><img decoding=\"async\" loading=\"lazy\" width=\"546\" height=\"300\" src=\"https:\/\/ispef-cat.infd.edu.ar\/sitio\/wp-content\/uploads\/2022\/03\/ano-6.png\" alt=\"\" class=\"wp-image-2742\"\/><\/figure>\n<\/div>\n\n\n\n<div class=\"wp-block-column is-layout-flow\" style=\"flex-basis:66.66%\">\n<ul><li><a href=\"https:\/\/ispef-cat.infd.edu.ar\/sitio\/wp-content\/uploads\/2022\/05\/TEORIA-DE-LA-EDUC.-FISICA-3\u00b0-A-Y-C-CARLOS-SECO-MASA.pdf\">H<\/a><a href=\"https:\/\/ispef-cat.infd.edu.ar\/sitio\/wp-content\/uploads\/2022\/05\/HANDBAL-3\u00b0-AB-Y-C-CARLOS-AVALOS.pdf\">ANDBAL 3\u00b0 A,B Y C &#8211; CARLOS AVALOS<\/a><\/li><li><a href=\"https:\/\/ispef-cat.infd.edu.ar\/sitio\/wp-content\/uploads\/2022\/07\/DIDACTICA-II-3%C2%B0-A-MONICA-SALAS.pdf\">DIDACTICA ESP II 3\u00b0 A- M\u00d3NICA SALAS<\/a><\/li><li><a href=\"https:\/\/ispef-cat.infd.edu.ar\/sitio\/wp-content\/uploads\/2022\/05\/DIDACTICA-ESP.-II-3\u00b0-C-MONICA-SALAS.pdf\">DID\u00c1CTICA ESP. II 3\u00b0 C &#8211; M\u00d3NICA SALAS<\/a><\/li><li><a href=\"https:\/\/ispef-cat.infd.edu.ar\/sitio\/wp-content\/uploads\/2022\/05\/DIDACTICA-ESP.-3\u00b0B-CARLOS-AVALOS.pdf\">DID\u00c1CTICA ESP. II 3\u00b0 B &#8211; CARLOS AVALOS<\/a><\/li><li><a href=\"https:\/\/ispef-cat.infd.edu.ar\/sitio\/wp-content\/uploads\/2022\/07\/VIDA-EN-LA-NAT.-3\u00b0-A-B-Y-C-VICTOR-BULACIOS.doc.pdf\">VIDA EN LA NAT. 3\u00b0 A, B Y C &#8211; VICTOR BULACIOS<\/a><\/li><li><a href=\"https:\/\/ispef-cat.infd.edu.ar\/sitio\/wp-content\/uploads\/2022\/05\/TEORIA-DE-LA-EDUCACION-FISICA-3\u00b0-B-MONICA-SALAS.pdf\">TEORIA DE LA EDUCACION F\u00cdSICA 3\u00b0 B M\u00d3NICA SALAS<\/a><\/li><li><a href=\"https:\/\/ispef-cat.infd.edu.ar\/sitio\/wp-content\/uploads\/2022\/05\/TEORIA-DE-LA-EDUC.-FISICA-3\u00b0-A-Y-C-CARLOS-SECO-MASA.pdf\">TEORIA DE LA EDUC. FISICA 3\u00b0 A Y C -CARLOS SECO MASA<\/a><\/li><li><a href=\"https:\/\/ispef-cat.infd.edu.ar\/sitio\/wp-content\/uploads\/2022\/07\/FILOSOFIA-DE-LA-EDUCACION-3\u00b0-A-B-Y-C-FERNANDO-MARCIAL.pdf\">FILOSOFIA DE LA EDUCACI\u00d3N 3\u00b0 A, B Y C FERNANDO MARCIAL<\/a><\/li><li><a href=\"https:\/\/ispef-cat.infd.edu.ar\/sitio\/wp-content\/uploads\/2022\/07\/GIMNASIA-III-3\u00b0-A-B-Y-C-VERONICA-BRACAMONTE.pdf\">GIMNASIA III 3\u00b0 A, B Y C VER\u00d3NICA BRACAMONTE<\/a><\/li><li><a href=\"https:\/\/ispef-cat.infd.edu.ar\/sitio\/wp-content\/uploads\/2022\/07\/PRACTICA-DOCENTE-III-3\u00b0A-B-Y-C-MARIEL-DIAZ-SONIA-SARMIENTO-Y-VERONICA-BRACAMONTE-1.pdf\">PRACTICA DOCENTE 3\u00b0III A, B Y C- MARIEL DIAZ, SONIA SARMIENTO Y VER\u00d3NCA BRACAMONTE<\/a><\/li><li><a href=\"https:\/\/ispef-cat.infd.edu.ar\/sitio\/wp-content\/uploads\/2022\/07\/VOLEIBOL-3\u00b0-A-B-Y-C-PEDRO-OLIVERA-1.pdf\">VOLEIBOL 3\u00b0 A, B Y C &#8211; PEDRO OLIVERA<\/a><\/li><li><a href=\"https:\/\/ispef-cat.infd.edu.ar\/sitio\/wp-content\/uploads\/2022\/07\/NATACION-3\u00b0-A-B-Y-C-PEDRO-GERSHANI.pdf\">NATACI\u00d3N 3\u00b0- A. B y C &#8211; PEDRO GERSHANI<\/a><\/li><\/ul>\n<\/div>\n<\/div>\n\n\n\n<hr class=\"wp-block-separator has-text-color has-background has-vivid-cyan-blue-background-color has-vivid-cyan-blue-color is-style-wide\"\/>\n\n\n\n<div class=\"wp-block-columns is-layout-flex wp-container-12\">\n<div class=\"wp-block-column is-layout-flow\" style=\"flex-basis:33.33%\">\n<figure class=\"wp-block-image size-large\"><img decoding=\"async\" loading=\"lazy\" width=\"546\" height=\"300\" src=\"https:\/\/ispef-cat.infd.edu.ar\/sitio\/wp-content\/uploads\/2022\/03\/ano-7.png\" alt=\"\" class=\"wp-image-2743\"\/><\/figure>\n<\/div>\n\n\n\n<div class=\"wp-block-column is-layout-flow\" style=\"flex-basis:66.66%\">\n<ul><li><a href=\"https:\/\/ispef-cat.infd.edu.ar\/sitio\/wp-content\/uploads\/2022\/05\/HOCKEY-4\u00b0-A-Y-B-ADRIANA-TORRES.pdf\">HOCKEY 4\u00b0 A Y B &#8211; ADRIANA TORRES<\/a><\/li><li><a href=\"https:\/\/ispef-cat.infd.edu.ar\/sitio\/wp-content\/uploads\/2022\/05\/ENTRENAMIENTO-4\u00b0-I-Y-II-JORGE-GARCIA.pdf\">ENTRENAMIENTO &#8211; 4\u00b0 A Y B &#8211; JORGE GARCIA<\/a><\/li><li><a href=\"https:\/\/ispef-cat.infd.edu.ar\/sitio\/wp-content\/uploads\/2022\/05\/GESTION-.-4\u00b0-A-Y-B-CARLOS-SECO-MASA.pdf\">GESTI\u00d3N . 4\u00b0 A Y B &#8211; CARLOS SECO MASA<\/a><\/li><li><a href=\"https:\/\/ispef-cat.infd.edu.ar\/sitio\/wp-content\/uploads\/2022\/06\/EDUCACION-FISICA-ESPECIAL-4%C2%B0-A-Y-B-ANALIA-NIEVA-CARLOS-SOSA-1.pdf\">EDUCACI\u00d3N F\u00cdSICA ESPECIAL &#8211; 4\u00b0 A Y B &#8211; ANALIA NIEVA, CARLOS SOSA<\/a><\/li><li><a href=\"https:\/\/ispef-cat.infd.edu.ar\/sitio\/wp-content\/uploads\/2022\/07\/PROBLEMATICAS-EDUCATIVAS-DEL-MUNDO-CONTEMPORANEO-4\u00b0-A-Y-B-PAULA-ORTIZ.pdf\">PROBLEMAS EDUCATIVOS<\/a> <a href=\"https:\/\/ispef-cat.infd.edu.ar\/sitio\/wp-content\/uploads\/2022\/07\/PROBLEMATICAS-EDUCATIVAS-DEL-MUNDO-CONTEMPORANEO-4\u00b0-A-Y-B-PAULA-ORTIZ.pdf\">DEL MUNDO CONTEMPOR\u00c1NEO 4\u00b0 A Y B &#8211; PROF. ORTIZ<\/a><\/li><li><a href=\"https:\/\/ispef-cat.infd.edu.ar\/sitio\/wp-content\/uploads\/2022\/07\/FUTBOL-4\u00b0-A-y-B-DANIEL-TOLOZA.pdf\">FUTBOL 4\u00b0 A y B &#8211; DANIEL TOLOZA<\/a><\/li><li><a href=\"https:\/\/ispef-cat.infd.edu.ar\/sitio\/wp-content\/uploads\/2022\/07\/PRACTICA-Y-RES-IV-4\u00b0-A-VERONICA-BRACAMONTE-Y-MARIEL-DIAZ.pdf\">PRACTICA Y RESIDENCIA- 4\u00b0 A- VERONICA BRACAMONTE Y MARIEL DIAZ<\/a><\/li><\/ul>\n<\/div>\n<\/div>\n\n\n\n<p><\/p>\n","protected":false},"excerpt":{"rendered":"<p>PEDAGOG\u00cdA &#8211; 1\u00b0 A, B, C, D Y E &#8211; OLGA GARC\u00cdA Y PAULA ORTIZ LECTURA Y ESCRITURA ACAD\u00c9MICA 1\u00b0 A, B, C, D Y E &#8211; VAQUINSAY ELIZABETH DID\u00c1CTICA GENERAL 1\u00b0 A &#8211; ROCIO SALAS ATLETISMO I- 1\u00b0 A, B, C, D, Y E- MARIO GALLETI. H\u00c9CTOR SILVA. V\u00cdCTOR REINOSO ANATOM\u00cdA FUNCIONAL 1\u00b0 B &#8230; <a title=\"PROGRAMA DE CATEDRA &#8211; Plan 117 &#8211; 2022\" class=\"read-more\" href=\"https:\/\/ispef-cat.infd.edu.ar\/sitio\/programa-de-catedra-plan-117-2022\/\" aria-label=\"More on PROGRAMA DE CATEDRA &#8211; Plan 117 &#8211; 2022\">[+]<\/a><\/p>\n","protected":false},"author":5583,"featured_media":0,"parent":0,"menu_order":0,"comment_status":"closed","ping_status":"closed","template":"","meta":[],"acf":[],"_links":{"self":[{"href":"https:\/\/ispef-cat.infd.edu.ar\/sitio\/wp-json\/wp\/v2\/pages\/3344"}],"collection":[{"href":"https:\/\/ispef-cat.infd.edu.ar\/sitio\/wp-json\/wp\/v2\/pages"}],"about":[{"href":"https:\/\/ispef-cat.infd.edu.ar\/sitio\/wp-json\/wp\/v2\/types\/page"}],"author":[{"embeddable":true,"href":"https:\/\/ispef-cat.infd.edu.ar\/sitio\/wp-json\/wp\/v2\/users\/5583"}],"replies":[{"embeddable":true,"href":"https:\/\/ispef-cat.infd.edu.ar\/sitio\/wp-json\/wp\/v2\/comments?post=3344"}],"version-history":[{"count":12,"href":"https:\/\/ispef-cat.infd.edu.ar\/sitio\/wp-json\/wp\/v2\/pages\/3344\/revisions"}],"predecessor-version":[{"id":3723,"href":"https:\/\/ispef-cat.infd.edu.ar\/sitio\/wp-json\/wp\/v2\/pages\/3344\/revisions\/3723"}],"wp:attachment":[{"href":"https:\/\/ispef-cat.infd.edu.ar\/sitio\/wp-json\/wp\/v2\/media?parent=3344"}],"curies":[{"name":"wp","href":"https:\/\/api.w.org\/{rel}","templated":true}]}}