{"id":4437,"date":"2023-06-05T19:37:39","date_gmt":"2023-06-05T22:37:39","guid":{"rendered":"https:\/\/ispef-cat.infd.edu.ar\/sitio\/?page_id=4437"},"modified":"2024-08-30T09:44:36","modified_gmt":"2024-08-30T12:44:36","slug":"proyectos-2","status":"publish","type":"page","link":"https:\/\/ispef-cat.infd.edu.ar\/sitio\/proyectos-2\/","title":{"rendered":"PROYECTOS"},"content":{"rendered":"\n<figure class=\"wp-block-image size-large is-resized\"><a href=\"https:\/\/ispef-cat.infd.edu.ar\/sitio\/\"><img decoding=\"async\" loading=\"lazy\" src=\"https:\/\/ispef-cat.infd.edu.ar\/sitio\/wp-content\/uploads\/2022\/03\/Instituto-Superior-de-Efucacion-Fisica-1640-\u00d7-300-px-1.png\" alt=\"\" class=\"wp-image-2757\" width=\"1020\" height=\"186\" srcset=\"https:\/\/ispef-cat.infd.edu.ar\/sitio\/wp-content\/uploads\/2022\/03\/Instituto-Superior-de-Efucacion-Fisica-1640-\u00d7-300-px-1.png 1640w, https:\/\/ispef-cat.infd.edu.ar\/sitio\/wp-content\/uploads\/2022\/03\/Instituto-Superior-de-Efucacion-Fisica-1640-\u00d7-300-px-1-1000x183.png 1000w, https:\/\/ispef-cat.infd.edu.ar\/sitio\/wp-content\/uploads\/2022\/03\/Instituto-Superior-de-Efucacion-Fisica-1640-\u00d7-300-px-1-768x140.png 768w, https:\/\/ispef-cat.infd.edu.ar\/sitio\/wp-content\/uploads\/2022\/03\/Instituto-Superior-de-Efucacion-Fisica-1640-\u00d7-300-px-1-1536x281.png 1536w\" sizes=\"(max-width: 1020px) 100vw, 1020px\" \/><\/a><\/figure>\n\n\n\n<div class=\"wp-block-cover is-light has-large-font-size\" style=\"min-height:368px\"><span aria-hidden=\"true\" class=\"wp-block-cover__background has-background-dim\"><\/span><img decoding=\"async\" loading=\"lazy\" width=\"906\" height=\"518\" class=\"wp-block-cover__image-background wp-image-3725\" alt=\"\" src=\"https:\/\/ispef-cat.infd.edu.ar\/sitio\/wp-content\/uploads\/2022\/07\/FONDO-PROYECTO.jpg\" style=\"object-position:44% 80%\" data-object-fit=\"cover\" data-object-position=\"44% 80%\" srcset=\"https:\/\/ispef-cat.infd.edu.ar\/sitio\/wp-content\/uploads\/2022\/07\/FONDO-PROYECTO.jpg 906w, https:\/\/ispef-cat.infd.edu.ar\/sitio\/wp-content\/uploads\/2022\/07\/FONDO-PROYECTO-768x439.jpg 768w\" sizes=\"(max-width: 906px) 100vw, 906px\" \/><div class=\"wp-block-cover__inner-container\">\n<p class=\"has-text-align-left has-base-3-color has-text-color has-large-font-size\"><strong>PROYECTOS <\/strong><\/p>\n<\/div><\/div>\n\n\n\n<p>Descubre en nuestra p\u00e1gina web los proyectos institucionales respaldados por el Ministerio de Educaci\u00f3n, junto con los proyectos de producci\u00f3n de c\u00e1tedras creados por nuestros dedicados docentes cada a\u00f1o lectivo en el ISEF de Catamarca.<\/p>\n\n\n\n<p><\/p>\n\n\n\n<div class=\"wp-block-buttons is-content-justification-center is-layout-flex wp-container-1\">\n<div class=\"wp-block-button has-custom-font-size is-style-outline has-medium-font-size\"><a class=\"wp-block-button__link has-base-3-color has-accent-background-color has-text-color has-background wp-element-button\" href=\"https:\/\/ispef-cat.infd.edu.ar\/sitio\/proyectos-institucionales-2023\/\" style=\"border-radius:20px\" rel=\"https:\/\/ispef-cat.infd.edu.ar\/sitio\/proyectos-institucionales-2023\/\"><strong>PROYECTOS INSTITUCIONALES<\/strong><\/a><\/div>\n\n\n\n<div class=\"wp-block-button has-custom-font-size has-medium-font-size\"><a class=\"wp-block-button__link has-accent-background-color has-background wp-element-button\" href=\"https:\/\/ispef-cat.infd.edu.ar\/sitio\/ppc\/\" style=\"border-radius:20px\"><strong>PROYECTOS DE PRODUCCI\u00d3N DE C\u00c1TEDRAS <\/strong><\/a><\/div>\n<\/div>\n\n\n\n<div class=\"wp-block-buttons is-content-justification-center is-layout-flex wp-container-2\">\n<div class=\"wp-block-button has-custom-font-size has-medium-font-size\"><a class=\"wp-block-button__link has-accent-background-color has-background wp-element-button\" href=\"https:\/\/ispef-cat.infd.edu.ar\/sitio\/proyectos-de-investigacion\/\"><strong>PROYECTOS DE INVESTIGACI\u00d3N<\/strong><\/a><\/div>\n\n\n\n<div class=\"wp-block-button has-custom-font-size has-medium-font-size\"><a class=\"wp-block-button__link has-accent-background-color has-background wp-element-button\" href=\"https:\/\/ispef-cat.infd.edu.ar\/sitio\/proyectos-de-capacitacion\/\" style=\"border-radius:20px\"><strong>PROYECTOS DE CAPACITACI\u00d3N<\/strong><\/a><\/div>\n<\/div>\n","protected":false},"excerpt":{"rendered":"<p>Descubre en nuestra p\u00e1gina web los proyectos institucionales respaldados por el Ministerio de Educaci\u00f3n, junto con los proyectos de producci\u00f3n de c\u00e1tedras creados por nuestros dedicados docentes cada a\u00f1o lectivo en el ISEF de Catamarca.<\/p>\n","protected":false},"author":5583,"featured_media":0,"parent":0,"menu_order":0,"comment_status":"closed","ping_status":"closed","template":"","meta":[],"acf":[],"_links":{"self":[{"href":"https:\/\/ispef-cat.infd.edu.ar\/sitio\/wp-json\/wp\/v2\/pages\/4437"}],"collection":[{"href":"https:\/\/ispef-cat.infd.edu.ar\/sitio\/wp-json\/wp\/v2\/pages"}],"about":[{"href":"https:\/\/ispef-cat.infd.edu.ar\/sitio\/wp-json\/wp\/v2\/types\/page"}],"author":[{"embeddable":true,"href":"https:\/\/ispef-cat.infd.edu.ar\/sitio\/wp-json\/wp\/v2\/users\/5583"}],"replies":[{"embeddable":true,"href":"https:\/\/ispef-cat.infd.edu.ar\/sitio\/wp-json\/wp\/v2\/comments?post=4437"}],"version-history":[{"count":10,"href":"https:\/\/ispef-cat.infd.edu.ar\/sitio\/wp-json\/wp\/v2\/pages\/4437\/revisions"}],"predecessor-version":[{"id":5305,"href":"https:\/\/ispef-cat.infd.edu.ar\/sitio\/wp-json\/wp\/v2\/pages\/4437\/revisions\/5305"}],"wp:attachment":[{"href":"https:\/\/ispef-cat.infd.edu.ar\/sitio\/wp-json\/wp\/v2\/media?parent=4437"}],"curies":[{"name":"wp","href":"https:\/\/api.w.org\/{rel}","templated":true}]}}