{"id":4727,"date":"2023-09-28T15:34:46","date_gmt":"2023-09-28T18:34:46","guid":{"rendered":"https:\/\/ispef-cat.infd.edu.ar\/sitio\/?page_id=4727"},"modified":"2023-09-28T15:34:47","modified_gmt":"2023-09-28T18:34:47","slug":"proyectos-de-capacitacion","status":"publish","type":"page","link":"https:\/\/ispef-cat.infd.edu.ar\/sitio\/proyectos-de-capacitacion\/","title":{"rendered":"PROYECTOS DE CAPACITACI\u00d3N"},"content":{"rendered":"\n<figure class=\"wp-block-image size-large is-resized\"><a href=\"https:\/\/ispef-cat.infd.edu.ar\/sitio\/\"><img decoding=\"async\" loading=\"lazy\" src=\"https:\/\/ispef-cat.infd.edu.ar\/sitio\/wp-content\/uploads\/2022\/03\/Instituto-Superior-de-Efucacion-Fisica-1640-\u00d7-300-px-1.png\" alt=\"\" class=\"wp-image-2757\" width=\"1020\" height=\"186\" srcset=\"https:\/\/ispef-cat.infd.edu.ar\/sitio\/wp-content\/uploads\/2022\/03\/Instituto-Superior-de-Efucacion-Fisica-1640-\u00d7-300-px-1.png 1640w, https:\/\/ispef-cat.infd.edu.ar\/sitio\/wp-content\/uploads\/2022\/03\/Instituto-Superior-de-Efucacion-Fisica-1640-\u00d7-300-px-1-1000x183.png 1000w, https:\/\/ispef-cat.infd.edu.ar\/sitio\/wp-content\/uploads\/2022\/03\/Instituto-Superior-de-Efucacion-Fisica-1640-\u00d7-300-px-1-768x140.png 768w, https:\/\/ispef-cat.infd.edu.ar\/sitio\/wp-content\/uploads\/2022\/03\/Instituto-Superior-de-Efucacion-Fisica-1640-\u00d7-300-px-1-1536x281.png 1536w\" sizes=\"(max-width: 1020px) 100vw, 1020px\" \/><\/a><\/figure>\n\n\n\n<div class=\"wp-block-cover is-light\" style=\"min-height:368px\"><span aria-hidden=\"true\" class=\"wp-block-cover__background has-background-dim\"><\/span><img decoding=\"async\" loading=\"lazy\" width=\"906\" height=\"518\" class=\"wp-block-cover__image-background wp-image-3725\" alt=\"\" src=\"https:\/\/ispef-cat.infd.edu.ar\/sitio\/wp-content\/uploads\/2022\/07\/FONDO-PROYECTO.jpg\" style=\"object-position:44% 80%\" data-object-fit=\"cover\" data-object-position=\"44% 80%\" srcset=\"https:\/\/ispef-cat.infd.edu.ar\/sitio\/wp-content\/uploads\/2022\/07\/FONDO-PROYECTO.jpg 906w, https:\/\/ispef-cat.infd.edu.ar\/sitio\/wp-content\/uploads\/2022\/07\/FONDO-PROYECTO-768x439.jpg 768w\" sizes=\"(max-width: 906px) 100vw, 906px\" \/><div class=\"wp-block-cover__inner-container\">\n<p class=\"has-text-align-left has-base-3-color has-text-color has-large-font-size\"><strong>PROYECTOS DE CAPACITACI\u00d3N <\/strong><\/p>\n<\/div><\/div>\n\n\n\n<p>En este espacio se podr\u00e1 encontrar los\u00a0<strong>proyectos<\/strong>\u00a0<strong>de capacitaci\u00f3n <\/strong>que realizan nuestros docentes ISEF.<\/p>\n\n\n\n<h2 class=\"wp-block-heading\">2023<\/h2>\n\n\n\n<ul>\n<li><strong><a href=\"https:\/\/ispef-cat.infd.edu.ar\/sitio\/wp-content\/uploads\/2023\/09\/PLANIFICANDO-LA-E-F-A-TRAVES-DEL-APRENDIZAJE-BASADO-EN-PROYECTOS.pdf\">PLANIFICANDO LA EDUCACI\u00d3N F\u00cdSICA A TRAV\u00c9S DEL APRENDIZAJE BASADO EN PROYECTOS<\/a><\/strong><\/li>\n\n\n\n<li><strong><a href=\"https:\/\/ispef-cat.infd.edu.ar\/sitio\/wp-content\/uploads\/2023\/09\/EDUCACION-FISICA-ADAPTADA-ORIENTADA-A-ENFERMEDADES-CRONICAS-NO-TRANSMISIBLES_compressed.pdf\">EDUCACI\u00d3N F\u00cdSICA ADAPTADA ORIENTADA A ENFERMEDADES CR\u00d3NICAS NO TRANSMISIBLES<\/a><\/strong><\/li>\n\n\n\n<li><strong><a href=\"https:\/\/ispef-cat.infd.edu.ar\/sitio\/wp-content\/uploads\/2023\/09\/LA-INCLUSION-DEL-ALUMNO-CON-DISCAPACIDAD-EN-LA-CLASE-DE-E-F.pdf\">LA INCLUSI\u00d3N DEL ALUMNO CON DISCAPACIDAD EN LA CLASE DE EDUCACI\u00d3N F\u00cdSICA<\/a><\/strong><\/li>\n<\/ul>\n","protected":false},"excerpt":{"rendered":"<p>En este espacio se podr\u00e1 encontrar los\u00a0proyectos\u00a0de capacitaci\u00f3n que realizan nuestros docentes ISEF. 2023<\/p>\n","protected":false},"author":5583,"featured_media":0,"parent":0,"menu_order":0,"comment_status":"closed","ping_status":"closed","template":"","meta":[],"acf":[],"_links":{"self":[{"href":"https:\/\/ispef-cat.infd.edu.ar\/sitio\/wp-json\/wp\/v2\/pages\/4727"}],"collection":[{"href":"https:\/\/ispef-cat.infd.edu.ar\/sitio\/wp-json\/wp\/v2\/pages"}],"about":[{"href":"https:\/\/ispef-cat.infd.edu.ar\/sitio\/wp-json\/wp\/v2\/types\/page"}],"author":[{"embeddable":true,"href":"https:\/\/ispef-cat.infd.edu.ar\/sitio\/wp-json\/wp\/v2\/users\/5583"}],"replies":[{"embeddable":true,"href":"https:\/\/ispef-cat.infd.edu.ar\/sitio\/wp-json\/wp\/v2\/comments?post=4727"}],"version-history":[{"count":1,"href":"https:\/\/ispef-cat.infd.edu.ar\/sitio\/wp-json\/wp\/v2\/pages\/4727\/revisions"}],"predecessor-version":[{"id":4732,"href":"https:\/\/ispef-cat.infd.edu.ar\/sitio\/wp-json\/wp\/v2\/pages\/4727\/revisions\/4732"}],"wp:attachment":[{"href":"https:\/\/ispef-cat.infd.edu.ar\/sitio\/wp-json\/wp\/v2\/media?parent=4727"}],"curies":[{"name":"wp","href":"https:\/\/api.w.org\/{rel}","templated":true}]}}