{"id":4737,"date":"2023-09-29T14:42:38","date_gmt":"2023-09-29T17:42:38","guid":{"rendered":"https:\/\/ispef-cat.infd.edu.ar\/sitio\/?page_id=4737"},"modified":"2024-08-28T10:24:24","modified_gmt":"2024-08-28T13:24:24","slug":"el-instituto","status":"publish","type":"page","link":"https:\/\/ispef-cat.infd.edu.ar\/sitio\/el-instituto\/","title":{"rendered":"El Instituto"},"content":{"rendered":"\n<figure class=\"wp-block-image size-large is-resized\"><a href=\"https:\/\/ispef-cat.infd.edu.ar\/sitio\/\"><img decoding=\"async\" loading=\"lazy\" src=\"https:\/\/ispef-cat.infd.edu.ar\/sitio\/wp-content\/uploads\/2022\/03\/Instituto-Superior-de-Efucacion-Fisica-1640-\u00d7-300-px-1.png\" alt=\"\" class=\"wp-image-2757\" width=\"1020\" height=\"186\" srcset=\"https:\/\/ispef-cat.infd.edu.ar\/sitio\/wp-content\/uploads\/2022\/03\/Instituto-Superior-de-Efucacion-Fisica-1640-\u00d7-300-px-1.png 1640w, https:\/\/ispef-cat.infd.edu.ar\/sitio\/wp-content\/uploads\/2022\/03\/Instituto-Superior-de-Efucacion-Fisica-1640-\u00d7-300-px-1-1000x183.png 1000w, https:\/\/ispef-cat.infd.edu.ar\/sitio\/wp-content\/uploads\/2022\/03\/Instituto-Superior-de-Efucacion-Fisica-1640-\u00d7-300-px-1-768x140.png 768w, https:\/\/ispef-cat.infd.edu.ar\/sitio\/wp-content\/uploads\/2022\/03\/Instituto-Superior-de-Efucacion-Fisica-1640-\u00d7-300-px-1-1536x281.png 1536w\" sizes=\"(max-width: 1020px) 100vw, 1020px\" \/><\/a><\/figure>\n\n\n\n<figure class=\"wp-block-image size-large is-resized\"><img decoding=\"async\" loading=\"lazy\" src=\"https:\/\/ispef-cat.infd.edu.ar\/sitio\/wp-content\/uploads\/2022\/04\/El-Instituto-3-1900x1069.png\" alt=\"DATOS INSTITUCIONALES\" class=\"wp-image-3062\" width=\"1020\" height=\"573\" srcset=\"https:\/\/ispef-cat.infd.edu.ar\/sitio\/wp-content\/uploads\/2022\/04\/El-Instituto-3-1900x1069.png 1900w, https:\/\/ispef-cat.infd.edu.ar\/sitio\/wp-content\/uploads\/2022\/04\/El-Instituto-3-1000x563.png 1000w, https:\/\/ispef-cat.infd.edu.ar\/sitio\/wp-content\/uploads\/2022\/04\/El-Instituto-3-768x432.png 768w, https:\/\/ispef-cat.infd.edu.ar\/sitio\/wp-content\/uploads\/2022\/04\/El-Instituto-3-1536x864.png 1536w, https:\/\/ispef-cat.infd.edu.ar\/sitio\/wp-content\/uploads\/2022\/04\/El-Instituto-3.png 1920w\" sizes=\"(max-width: 1020px) 100vw, 1020px\" \/><\/figure>\n\n\n\n<p><\/p>\n\n\n\n<figure class=\"wp-block-image size-large\"><img decoding=\"async\" loading=\"lazy\" width=\"1900\" height=\"1069\" src=\"https:\/\/ispef-cat.infd.edu.ar\/sitio\/wp-content\/uploads\/2022\/04\/El-Instituto-1900x1069.png\" alt=\"RESE\u00d1A HIST\u00d3RICA\" class=\"wp-image-3044\" srcset=\"https:\/\/ispef-cat.infd.edu.ar\/sitio\/wp-content\/uploads\/2022\/04\/El-Instituto-1900x1069.png 1900w, https:\/\/ispef-cat.infd.edu.ar\/sitio\/wp-content\/uploads\/2022\/04\/El-Instituto-1000x563.png 1000w, https:\/\/ispef-cat.infd.edu.ar\/sitio\/wp-content\/uploads\/2022\/04\/El-Instituto-768x432.png 768w, https:\/\/ispef-cat.infd.edu.ar\/sitio\/wp-content\/uploads\/2022\/04\/El-Instituto-1536x864.png 1536w, https:\/\/ispef-cat.infd.edu.ar\/sitio\/wp-content\/uploads\/2022\/04\/El-Instituto.png 1920w\" sizes=\"(max-width: 1900px) 100vw, 1900px\" \/><\/figure>\n\n\n\n<p><\/p>\n\n\n\n<figure class=\"wp-block-image size-large\"><img decoding=\"async\" loading=\"lazy\" width=\"1900\" height=\"1069\" src=\"https:\/\/ispef-cat.infd.edu.ar\/sitio\/wp-content\/uploads\/2024\/08\/El-Instituto-1-1900x1069.png\" alt=\"\" class=\"wp-image-5295\" srcset=\"https:\/\/ispef-cat.infd.edu.ar\/sitio\/wp-content\/uploads\/2024\/08\/El-Instituto-1-1900x1069.png 1900w, https:\/\/ispef-cat.infd.edu.ar\/sitio\/wp-content\/uploads\/2024\/08\/El-Instituto-1-1000x563.png 1000w, https:\/\/ispef-cat.infd.edu.ar\/sitio\/wp-content\/uploads\/2024\/08\/El-Instituto-1-768x432.png 768w, https:\/\/ispef-cat.infd.edu.ar\/sitio\/wp-content\/uploads\/2024\/08\/El-Instituto-1-1536x864.png 1536w, https:\/\/ispef-cat.infd.edu.ar\/sitio\/wp-content\/uploads\/2024\/08\/El-Instituto-1.png 1920w\" sizes=\"(max-width: 1900px) 100vw, 1900px\" \/><\/figure>\n\n\n\n<div class=\"wp-block-media-text alignwide has-media-on-the-right is-stacked-on-mobile\" style=\"grid-template-columns:auto 44%\"><div class=\"wp-block-media-text__content\">\n<h2 class=\"wp-block-heading has-text-align-center\"><br><br>\u00bfQu\u00e9 es la auto-evaluaci\u00f3n?<\/h2>\n\n\n\n<p class=\"has-text-align-center has-medium-font-size\">Es un informe elaborado por la Secretar\u00eda de Evaluaci\u00f3n Educativa, dependiente del Ministerio de Educaci\u00f3n, Cultura, Ciencia y Tecnolog\u00eda, a partir de las respuestas que proporcion\u00f3 nuestra comunidad mediante un formulario.<br><\/p>\n\n\n\n<div class=\"wp-block-buttons is-layout-flex\">\n<div class=\"wp-block-button has-custom-width wp-block-button__width-100 has-custom-font-size is-style-fill\" style=\"font-size:19.2px\"><a class=\"wp-block-button__link has-base-3-color has-accent-background-color has-text-color has-background wp-element-button\" href=\"https:\/\/ispef-cat.infd.edu.ar\/sitio\/wp-content\/uploads\/2019\/08\/Autoevaluacion.pdf\" style=\"border-radius:31px\"><strong>QUIERO CONOCER LA AUTO-EVALUACI\u00d3N DE ISEF<\/strong><\/a><\/div>\n<\/div>\n<\/div><figure class=\"wp-block-media-text__media\"><img decoding=\"async\" loading=\"lazy\" width=\"461\" height=\"286\" src=\"https:\/\/ispef-cat.infd.edu.ar\/sitio\/wp-content\/uploads\/2023\/09\/ENSENAR.png\" alt=\"\" class=\"wp-image-4746 size-full\"\/><\/figure><\/div>\n\n\n\n<p><\/p>\n\n\n\n<p class=\"has-text-align-left has-medium-font-size\"> El ISEF est\u00e1 sustentado en una gesti\u00f3n integral y participativa que implica acercarse a la instituci\u00f3n desde m\u00faltiples perspectivas: desde lo institucional- administrativo, lo curricular y lo socio comunitario. La gesti\u00f3n institucional y administrativa como \u00e1mbito ligado a la toma de decisiones educativas para alcanzar metas y prop\u00f3sitos a partir de la articulaci\u00f3n de acciones coordinadas y colaborativas basados en procesos de mejoras. La gesti\u00f3n curricular como conjunto de procesos requeridos para cumplir con los objetivos de la instituci\u00f3n en<br>relaci\u00f3n al ense\u00f1ar, as\u00ed como los aspectos vinculados al aprendizaje de los estudiantes y sus trayectorias escolares. Y la gesti\u00f3n socio comunitaria incluye crear y mantener v\u00ednculos hacia adentro y hacia afuera de la Instituci\u00f3n, las relaciones sociales que se establecen con las Escuelas Asociadas en todos los niveles de ense\u00f1anza obligatorio y en diversos contextos (deportivos, culturales, sociales, etc.).<\/p>\n\n\n\n<p class=\"has-contrast-color has-text-color has-medium-font-size\"><strong>Desde la misi\u00f3n institucional:<br><\/strong>\uf0b7 El Instituto Superior de Educaci\u00f3n F\u00edsica es referente a nivel jurisdiccional en la Educaci\u00f3n F\u00edsica en continuo crecimiento, cuyo fin primordial es impartir educaci\u00f3n de nivel superior de calidad, en la formaci\u00f3n docente y\/o t\u00e9cnica, centrando las miras en el sujeto que aprende con el anhelo de afianzar al m\u00e1ximo sus capacidades, a trav\u00e9s de procesos de ense\u00f1anza que respeten el derecho de cada estudiante a desplegar su proyecto personal, formar profesionales eficientes comprometidos con la \u00e9tica y el mejoramiento personal continuo, teniendo en cuenta la formaci\u00f3n integral del estudiante, respetando su diversidad, fomentando el esp\u00edritu de superaci\u00f3n, cooperaci\u00f3n, respeto, solidaridad, creatividad.<br><br><strong>Desde la visi\u00f3n:<br><\/strong>\uf0b7 El Instituto Superior de Educaci\u00f3n F\u00edsica ser\u00e1 una comunidad que trabaje<br>para lograr ser una instituci\u00f3n de alta referencia, en la formaci\u00f3n docente inicial, formaci\u00f3n continua y\/o t\u00e9cnica en el campo de la Educaci\u00f3n F\u00edsica y el Deporte.<\/p>\n\n\n\n<p class=\"has-medium-font-size\"><br>\uf0b7 El ISEF ser\u00e1 una instituci\u00f3n que promueva los lazos en tanto red interna y<br>externa hacia la comunidad, en el deseo de establecer redes cooperativas<br>de trabajo.<\/p>\n","protected":false},"excerpt":{"rendered":"<p>El ISEF est\u00e1 sustentado en una gesti\u00f3n integral y participativa que implica acercarse a la instituci\u00f3n desde m\u00faltiples perspectivas: desde lo institucional- administrativo, lo curricular y lo socio comunitario. La gesti\u00f3n institucional y administrativa como \u00e1mbito ligado a la toma de decisiones educativas para alcanzar metas y prop\u00f3sitos a partir de la articulaci\u00f3n de acciones &#8230; <a title=\"El Instituto\" class=\"read-more\" href=\"https:\/\/ispef-cat.infd.edu.ar\/sitio\/el-instituto\/\" aria-label=\"More on El Instituto\">[+]<\/a><\/p>\n","protected":false},"author":5583,"featured_media":0,"parent":0,"menu_order":0,"comment_status":"closed","ping_status":"closed","template":"","meta":[],"acf":[],"_links":{"self":[{"href":"https:\/\/ispef-cat.infd.edu.ar\/sitio\/wp-json\/wp\/v2\/pages\/4737"}],"collection":[{"href":"https:\/\/ispef-cat.infd.edu.ar\/sitio\/wp-json\/wp\/v2\/pages"}],"about":[{"href":"https:\/\/ispef-cat.infd.edu.ar\/sitio\/wp-json\/wp\/v2\/types\/page"}],"author":[{"embeddable":true,"href":"https:\/\/ispef-cat.infd.edu.ar\/sitio\/wp-json\/wp\/v2\/users\/5583"}],"replies":[{"embeddable":true,"href":"https:\/\/ispef-cat.infd.edu.ar\/sitio\/wp-json\/wp\/v2\/comments?post=4737"}],"version-history":[{"count":9,"href":"https:\/\/ispef-cat.infd.edu.ar\/sitio\/wp-json\/wp\/v2\/pages\/4737\/revisions"}],"predecessor-version":[{"id":5296,"href":"https:\/\/ispef-cat.infd.edu.ar\/sitio\/wp-json\/wp\/v2\/pages\/4737\/revisions\/5296"}],"wp:attachment":[{"href":"https:\/\/ispef-cat.infd.edu.ar\/sitio\/wp-json\/wp\/v2\/media?parent=4737"}],"curies":[{"name":"wp","href":"https:\/\/api.w.org\/{rel}","templated":true}]}}