{"id":5301,"date":"2024-08-30T09:40:41","date_gmt":"2024-08-30T12:40:41","guid":{"rendered":"https:\/\/ispef-cat.infd.edu.ar\/sitio\/?page_id=5301"},"modified":"2024-08-30T10:02:29","modified_gmt":"2024-08-30T13:02:29","slug":"ppc","status":"publish","type":"page","link":"https:\/\/ispef-cat.infd.edu.ar\/sitio\/ppc\/","title":{"rendered":"PROYECTOS DE PRODUCCION DE CATEDRA"},"content":{"rendered":"\n<div class=\"wp-block-cover is-light\" style=\"min-height:368px\"><span aria-hidden=\"true\" class=\"wp-block-cover__background has-background-dim\"><\/span><img decoding=\"async\" loading=\"lazy\" width=\"906\" height=\"518\" class=\"wp-block-cover__image-background wp-image-3725\" alt=\"\" src=\"https:\/\/ispef-cat.infd.edu.ar\/sitio\/wp-content\/uploads\/2022\/07\/FONDO-PROYECTO.jpg\" style=\"object-position:44% 80%\" data-object-fit=\"cover\" data-object-position=\"44% 80%\" srcset=\"https:\/\/ispef-cat.infd.edu.ar\/sitio\/wp-content\/uploads\/2022\/07\/FONDO-PROYECTO.jpg 906w, https:\/\/ispef-cat.infd.edu.ar\/sitio\/wp-content\/uploads\/2022\/07\/FONDO-PROYECTO-768x439.jpg 768w\" sizes=\"(max-width: 906px) 100vw, 906px\" \/><div class=\"wp-block-cover__inner-container\">\n<p class=\"has-text-align-left has-base-3-color has-text-color has-large-font-size\"><strong>PROYECTOS DE PRODUCCI\u00d3N DE C\u00c1TEDRA<\/strong><\/p>\n<\/div><\/div>\n\n\n\n<p>En este espacio se podr\u00e1 encontrar los<strong> proyectos de producci\u00f3n de c\u00e1tedra<\/strong> <strong> <\/strong>que se realizan desde la Comunidad ISEF.<br><\/p>\n\n\n\n<div class=\"wp-block-columns is-layout-flex wp-container-4\">\n<div class=\"wp-block-column is-layout-flow\" style=\"flex-basis:66.66%\">\n<figure class=\"wp-block-image size-large\"><a href=\"https:\/\/ispef-cat.infd.edu.ar\/sitio\/wp-content\/uploads\/2022\/06\/FORMULARIO-PRYECTO-DE-EXTENSION-1.pdf\"><img decoding=\"async\" loading=\"lazy\" width=\"1640\" height=\"300\" src=\"https:\/\/ispef-cat.infd.edu.ar\/sitio\/wp-content\/uploads\/2022\/07\/Instituto-Superior-de-Efucacion-Fisica-1640-\u00d7-300-px-2.gif\" alt=\"\" class=\"wp-image-3745\"\/><\/a><\/figure>\n<\/div>\n\n\n\n<div class=\"wp-block-column is-layout-flow\" style=\"flex-basis:33.33%\">\n<div class=\"wp-block-buttons is-layout-flex\">\n<div class=\"wp-block-button\"><a class=\"wp-block-button__link has-vivid-cyan-blue-to-vivid-purple-gradient-background has-background wp-element-button\" href=\"https:\/\/drive.google.com\/file\/d\/1z70-pUKdVRp7kDo_8xRLDjXn3FcEJ0Kj\/view?usp=sharing\"><strong>FORMULACI\u00d3N DE PROYECTOS DE EXTENSI\u00d3N<\/strong><\/a><\/div>\n\n\n\n<div class=\"wp-block-button\"><a class=\"wp-block-button__link has-vivid-cyan-blue-to-vivid-purple-gradient-background has-background wp-element-button\" href=\"https:\/\/docs.google.com\/document\/d\/1u5ZEPR5dg5aXF6lpKNraSfZCOPci9Rhp\/edit?usp=sharing&amp;ouid=112739399767646840012&amp;rtpof=true&amp;sd=true\"><strong>FORMATO DE EXPERIENCIAS DE FORTALECIMIENTO DE LAS TRAYECTORIAS ESTUDIANTILES<\/strong><\/a><\/div>\n<\/div>\n<\/div>\n<\/div>\n\n\n\n<div class=\"wp-block-buttons has-custom-font-size has-medium-font-size is-content-justification-center is-layout-flex wp-container-5\">\n<div class=\"wp-block-button has-custom-width wp-block-button__width-25\"><a class=\"wp-block-button__link has-base-3-color has-accent-background-color has-text-color has-background has-text-align-center wp-element-button\" href=\"https:\/\/ispef-cat.infd.edu.ar\/sitio\/ppc-2023\/\" style=\"border-radius:10px\"><strong>PPC 2023<\/strong><\/a><\/div>\n\n\n\n<div class=\"wp-block-button has-custom-width wp-block-button__width-25\"><a class=\"wp-block-button__link has-base-3-color has-accent-background-color has-text-color has-background has-text-align-center wp-element-button\" href=\"https:\/\/ispef-cat.infd.edu.ar\/sitio\/ppc2022\/\" style=\"border-radius:10px\"><strong>PPC 2022<\/strong><\/a><\/div>\n<\/div>\n","protected":false},"excerpt":{"rendered":"<p>En este espacio se podr\u00e1 encontrar los proyectos de producci\u00f3n de c\u00e1tedra que se realizan desde la Comunidad ISEF.<\/p>\n","protected":false},"author":5583,"featured_media":0,"parent":0,"menu_order":0,"comment_status":"closed","ping_status":"closed","template":"","meta":[],"acf":[],"_links":{"self":[{"href":"https:\/\/ispef-cat.infd.edu.ar\/sitio\/wp-json\/wp\/v2\/pages\/5301"}],"collection":[{"href":"https:\/\/ispef-cat.infd.edu.ar\/sitio\/wp-json\/wp\/v2\/pages"}],"about":[{"href":"https:\/\/ispef-cat.infd.edu.ar\/sitio\/wp-json\/wp\/v2\/types\/page"}],"author":[{"embeddable":true,"href":"https:\/\/ispef-cat.infd.edu.ar\/sitio\/wp-json\/wp\/v2\/users\/5583"}],"replies":[{"embeddable":true,"href":"https:\/\/ispef-cat.infd.edu.ar\/sitio\/wp-json\/wp\/v2\/comments?post=5301"}],"version-history":[{"count":4,"href":"https:\/\/ispef-cat.infd.edu.ar\/sitio\/wp-json\/wp\/v2\/pages\/5301\/revisions"}],"predecessor-version":[{"id":5311,"href":"https:\/\/ispef-cat.infd.edu.ar\/sitio\/wp-json\/wp\/v2\/pages\/5301\/revisions\/5311"}],"wp:attachment":[{"href":"https:\/\/ispef-cat.infd.edu.ar\/sitio\/wp-json\/wp\/v2\/media?parent=5301"}],"curies":[{"name":"wp","href":"https:\/\/api.w.org\/{rel}","templated":true}]}}