{"id":936,"date":"2018-08-29T19:24:11","date_gmt":"2018-08-29T22:24:11","guid":{"rendered":"https:\/\/ispef-cat.infd.edu.ar\/sitio\/requisitos-de-inscripcion\/"},"modified":"2024-12-03T08:40:14","modified_gmt":"2024-12-03T11:40:14","slug":"requisitos-de-inscripcion","status":"publish","type":"page","link":"https:\/\/ispef-cat.infd.edu.ar\/sitio\/requisitos-de-inscripcion\/","title":{"rendered":"Proceso de Inscripci\u00f3n"},"content":{"rendered":"\n<p><\/p>\n\n\n\n<figure class=\"wp-block-image size-large\"><img decoding=\"async\" loading=\"lazy\" width=\"1640\" height=\"300\" src=\"https:\/\/ispef-cat.infd.edu.ar\/sitio\/wp-content\/uploads\/2022\/03\/Instituto-Superior-de-Efucacion-Fisica-1640-\u00d7-300-px-1.png\" alt=\"\" class=\"wp-image-2757\" srcset=\"https:\/\/ispef-cat.infd.edu.ar\/sitio\/wp-content\/uploads\/2022\/03\/Instituto-Superior-de-Efucacion-Fisica-1640-\u00d7-300-px-1.png 1640w, https:\/\/ispef-cat.infd.edu.ar\/sitio\/wp-content\/uploads\/2022\/03\/Instituto-Superior-de-Efucacion-Fisica-1640-\u00d7-300-px-1-1000x183.png 1000w, https:\/\/ispef-cat.infd.edu.ar\/sitio\/wp-content\/uploads\/2022\/03\/Instituto-Superior-de-Efucacion-Fisica-1640-\u00d7-300-px-1-768x140.png 768w, https:\/\/ispef-cat.infd.edu.ar\/sitio\/wp-content\/uploads\/2022\/03\/Instituto-Superior-de-Efucacion-Fisica-1640-\u00d7-300-px-1-1536x281.png 1536w\" sizes=\"(max-width: 1640px) 100vw, 1640px\" \/><\/figure>\n\n\n\n<p><\/p>\n\n\n\n<h2 class=\"wp-block-heading has-text-align-center has-vivid-cyan-blue-color has-text-color\">PROCESO DE INSCRIPCI\u00d3N<\/h2>\n\n\n\n<h5 class=\"wp-block-heading\">1\u00b0 ETAPA: <strong>PRE INSCRIPCI\u00d3N EN  SUI GUARAN\u00cd<\/strong><\/h5>\n\n\n\n<p>PreInscripci\u00f3n: Se habilitar\u00e1 a trav\u00e9s del sistema SIU-GURANI en la fecha establecida por la instituci\u00f3n hasta completar vacantess. Los postulantes deber\u00e1n ingresar al siguiente link:<a href=\"http:\/\/guarani.catamarca.edu.ar\/\"> guarani.catamarca.edu.ar<\/a><a href=\"http:\/\/guarani.catamarca.edu.ar:8080\/preinscripci%C3%B3n\/ies\"> -opci\u00f3n \u00abpreinscripci\u00f3n\u00bb<\/a> , luego de completar el formulario de preinscripci\u00f3n deben <strong>IMPRIMIR EL COMPROBANTE.<\/strong><\/p>\n\n\n\n<h5 class=\"wp-block-heading\"><strong>2- ETAPA:<\/strong> <strong>PREINSCRIPCI\u00d3N- PRESENCIAL OBLIGATORIA- SOLICITUD DE FICHA M\u00c9DICA- REQUISITOS<\/strong><\/h5>\n\n\n\n<p>Los postulantes pre-inscriptos (sui guaran\u00ed) deber\u00e1n asistir personalmente, en la fecha y horarios establecidos por la instituci\u00f3n, junto con el DNI y comprobante de pre-inscripci\u00f3n. En esta instancia se entregar\u00e1 ficha m\u00e9dica, requisitos de ingreso y se le asignar\u00e1 un turno para la presentaci\u00f3n de la documentaci\u00f3n y estudios m\u00e9dicos.<\/p>\n\n\n\n<h5 class=\"wp-block-heading\"><strong><strong>3- ETAPA: PRESENTACI\u00d3N DE DOCUMENTACI\u00d3N POR PARTE DE LOS POSTULANTES<\/strong><\/strong><\/h5>\n\n\n\n<p>Los postulantes deber\u00e1n asistir a la instituci\u00f3n para presentar toda la documentaci\u00f3n requerida y estudios m\u00e9dicos. En esta instancia por orden de presentaci\u00f3n podr\u00e1n optar por el turno de cursado. Dependiendo de las vacantes para cada turno.<\/p>\n\n\n\n<h5 class=\"wp-block-heading\"><strong><strong><strong>4- ETAPA: EVALUACI\u00d3N M\u00c9DICA<\/strong><\/strong><\/strong><\/h5>\n\n\n\n<p>En esta instancia se realizar\u00e1 la evaluaci\u00f3n de carpetas m\u00e9dicas por el departamento m\u00e9dico de la instituci\u00f3n. El apto psicof\u00edsico es un requisito indispensable para el ingreso a la carrera como medida preventiva para la salud del estudiante y necesaria para la pr\u00e1ctica f\u00edsica- deportiva inherente a la carrera.<\/p>\n\n\n\n<h5 class=\"wp-block-heading\"><strong><strong><strong><strong>5- ETAPA: CURSO DE INGRESO<\/strong><\/strong><\/strong><\/strong><\/h5>\n\n\n\n<p>El curso de ingreso es obligatorio. Se abordar\u00e1n ejes sobre la especificidad en la formaci\u00f3n, ser estudiante de nivel superior, ser docente de educaci\u00f3n f\u00edsica , lectura y escritura acad\u00e9mica y t\u00e9cnicas de estudio. El curso de ingreso tendr\u00e1 evaluaci\u00f3n.<\/p>\n\n\n\n<h5 class=\"wp-block-heading\"><strong><strong><strong><strong><strong>6- ETAPA: MATRICULACI\u00d3N E INSCRIPCI\u00d3N A UNIDADES CURRICULARES<\/strong><\/strong><\/strong><\/strong><\/strong><\/h5>\n\n\n\n<p>Los ingresantes que cumplan con los requisitos de ingreso y asistencia al curso de ingreso podr\u00e1n matricularse y formalizar la inscripci\u00f3n en las fechas establecidas por la instituci\u00f3n..<\/p>\n\n\n\n<p class=\"has-text-align-left has-black-color has-text-color\"><\/p>\n\n\n\n<figure class=\"wp-block-gallery has-nested-images columns-default is-cropped wp-block-gallery-1 is-layout-flex\">\n<figure class=\"wp-block-image size-large\"><img decoding=\"async\" loading=\"lazy\" width=\"1640\" height=\"300\" data-id=\"3024\"  src=\"https:\/\/ispef-cat.infd.edu.ar\/sitio\/wp-content\/uploads\/2022\/04\/Instituto-Superior-de-Efucacion-Fisica-1640-\u00d7-300-px-1.gif\" alt=\"\" class=\"wp-image-3024\"\/><\/figure>\n<\/figure>\n\n\n\n<figure class=\"wp-block-embed is-type-video is-provider-youtube wp-block-embed-youtube wp-embed-aspect-16-9 wp-has-aspect-ratio\"><div class=\"wp-block-embed__wrapper\">\n<iframe loading=\"lazy\" title=\"ingreso ISEF 2025\" width=\"1200\" height=\"675\" src=\"https:\/\/www.youtube.com\/embed\/_6b-x-op7cY?feature=oembed\" frameborder=\"0\" allow=\"accelerometer; autoplay; clipboard-write; encrypted-media; gyroscope; picture-in-picture; web-share\" referrerpolicy=\"strict-origin-when-cross-origin\" allowfullscreen><\/iframe>\n<\/div><\/figure>\n","protected":false},"excerpt":{"rendered":"<p>PROCESO DE INSCRIPCI\u00d3N 1\u00b0 ETAPA: PRE INSCRIPCI\u00d3N EN SUI GUARAN\u00cd PreInscripci\u00f3n: Se habilitar\u00e1 a trav\u00e9s del sistema SIU-GURANI en la fecha establecida por la instituci\u00f3n hasta completar vacantess. Los postulantes deber\u00e1n ingresar al siguiente link: guarani.catamarca.edu.ar -opci\u00f3n \u00abpreinscripci\u00f3n\u00bb , luego de completar el formulario de preinscripci\u00f3n deben IMPRIMIR EL COMPROBANTE. 2- ETAPA: PREINSCRIPCI\u00d3N- PRESENCIAL OBLIGATORIA- &#8230; <a title=\"Proceso de Inscripci\u00f3n\" class=\"read-more\" href=\"https:\/\/ispef-cat.infd.edu.ar\/sitio\/requisitos-de-inscripcion\/\" aria-label=\"More on Proceso de Inscripci\u00f3n\">[+]<\/a><\/p>\n","protected":false},"author":54,"featured_media":0,"parent":0,"menu_order":0,"comment_status":"closed","ping_status":"closed","template":"","meta":[],"acf":[],"_links":{"self":[{"href":"https:\/\/ispef-cat.infd.edu.ar\/sitio\/wp-json\/wp\/v2\/pages\/936"}],"collection":[{"href":"https:\/\/ispef-cat.infd.edu.ar\/sitio\/wp-json\/wp\/v2\/pages"}],"about":[{"href":"https:\/\/ispef-cat.infd.edu.ar\/sitio\/wp-json\/wp\/v2\/types\/page"}],"author":[{"embeddable":true,"href":"https:\/\/ispef-cat.infd.edu.ar\/sitio\/wp-json\/wp\/v2\/users\/54"}],"replies":[{"embeddable":true,"href":"https:\/\/ispef-cat.infd.edu.ar\/sitio\/wp-json\/wp\/v2\/comments?post=936"}],"version-history":[{"count":4,"href":"https:\/\/ispef-cat.infd.edu.ar\/sitio\/wp-json\/wp\/v2\/pages\/936\/revisions"}],"predecessor-version":[{"id":5410,"href":"https:\/\/ispef-cat.infd.edu.ar\/sitio\/wp-json\/wp\/v2\/pages\/936\/revisions\/5410"}],"wp:attachment":[{"href":"https:\/\/ispef-cat.infd.edu.ar\/sitio\/wp-json\/wp\/v2\/media?parent=936"}],"curies":[{"name":"wp","href":"https:\/\/api.w.org\/{rel}","templated":true}]}}